{"id":10679,"date":"2024-11-01T00:36:32","date_gmt":"2024-11-01T06:36:32","guid":{"rendered":"https:\/\/yethstudio.com\/?page_id=10679"},"modified":"2024-11-08T17:36:23","modified_gmt":"2024-11-08T23:36:23","slug":"disenotextil","status":"publish","type":"page","link":"https:\/\/yethstudio.com\/en\/disenotextil\/","title":{"rendered":"Dise\u00f1o textil"},"content":{"rendered":"<div data-elementor-type=\"wp-page\" data-elementor-id=\"10679\" class=\"elementor elementor-10679\">\n\t\t\t\t<div class=\"elementor-element elementor-element-497b4cc e-flex e-con-boxed e-con e-parent\" data-id=\"497b4cc\" data-element_type=\"container\" data-e-type=\"container\" data-settings=\"{&quot;background_background&quot;:&quot;classic&quot;}\">\n\t\t\t\t\t<div class=\"e-con-inner\">\n\t\t<div class=\"elementor-element elementor-element-63bfcb0 e-con-full e-flex e-con e-child\" data-id=\"63bfcb0\" data-element_type=\"container\" data-e-type=\"container\" data-settings=\"{&quot;background_background&quot;:&quot;classic&quot;}\">\n\t\t<div class=\"elementor-element elementor-element-e119852 e-con-full e-flex e-con e-child\" data-id=\"e119852\" data-element_type=\"container\" data-e-type=\"container\">\n\t\t<div class=\"elementor-element elementor-element-bdfb705 e-con-full e-flex e-con e-child\" data-id=\"bdfb705\" data-element_type=\"container\" data-e-type=\"container\">\n\t\t\t\t<div class=\"elementor-element elementor-element-44865c9 elementor-widget elementor-widget-heading\" data-id=\"44865c9\" data-element_type=\"widget\" data-e-type=\"widget\" data-widget_type=\"heading.default\">\n\t\t\t\t<div class=\"elementor-widget-container\">\n\t\t\t\t\t<h2 class=\"elementor-heading-title elementor-size-default\">Futbol Club Norte\u00f1o<\/h2>\t\t\t\t<\/div>\n\t\t\t\t<\/div>\n\t\t\t\t<div class=\"elementor-element elementor-element-d282200 elementor-widget elementor-widget-heading\" data-id=\"d282200\" data-element_type=\"widget\" data-e-type=\"widget\" data-widget_type=\"heading.default\">\n\t\t\t\t<div class=\"elementor-widget-container\">\n\t\t\t\t\t<h2 class=\"elementor-heading-title elementor-size-default\">Liga mayor A Matagalpa.<\/h2>\t\t\t\t<\/div>\n\t\t\t\t<\/div>\n\t\t\t\t<div class=\"elementor-element elementor-element-afb5ea2 elementor-widget elementor-widget-image\" data-id=\"afb5ea2\" data-element_type=\"widget\" data-e-type=\"widget\" data-widget_type=\"image.default\">\n\t\t\t\t<div class=\"elementor-widget-container\">\n\t\t\t\t\t\t\t\t\t\t\t\t\t\t\t<img fetchpriority=\"high\" decoding=\"async\" width=\"1024\" height=\"839\" src=\"https:\/\/yethstudio.com\/wp-content\/uploads\/2024\/11\/UNIFORMES-FCNortenos-PERLA-YETH-STUDIO-e1730444410240-1024x839.jpg\" class=\"attachment-large size-large wp-image-10691\" alt=\"\" srcset=\"https:\/\/yethstudio.com\/wp-content\/uploads\/2024\/11\/UNIFORMES-FCNortenos-PERLA-YETH-STUDIO-e1730444410240-1024x839.jpg 1024w, https:\/\/yethstudio.com\/wp-content\/uploads\/2024\/11\/UNIFORMES-FCNortenos-PERLA-YETH-STUDIO-e1730444410240-300x246.jpg 300w, https:\/\/yethstudio.com\/wp-content\/uploads\/2024\/11\/UNIFORMES-FCNortenos-PERLA-YETH-STUDIO-e1730444410240-768x629.jpg 768w, https:\/\/yethstudio.com\/wp-content\/uploads\/2024\/11\/UNIFORMES-FCNortenos-PERLA-YETH-STUDIO-e1730444410240-15x12.jpg 15w, https:\/\/yethstudio.com\/wp-content\/uploads\/2024\/11\/UNIFORMES-FCNortenos-PERLA-YETH-STUDIO-e1730444410240-600x492.jpg 600w, https:\/\/yethstudio.com\/wp-content\/uploads\/2024\/11\/UNIFORMES-FCNortenos-PERLA-YETH-STUDIO-e1730444410240.jpg 1080w\" sizes=\"(max-width: 1024px) 100vw, 1024px\" \/>\t\t\t\t\t\t\t\t\t\t\t\t\t\t\t<\/div>\n\t\t\t\t<\/div>\n\t\t\t\t<div class=\"elementor-element elementor-element-fe9e20a elementor-widget elementor-widget-text-editor\" data-id=\"fe9e20a\" data-element_type=\"widget\" data-e-type=\"widget\" data-widget_type=\"text-editor.default\">\n\t\t\t\t<div class=\"elementor-widget-container\">\n\t\t\t\t\t\t\t\t\t<p>Desarrollo de dise\u00f1o bajo lineamientos de identidad y \u00e1rea de origen<\/p><p>patrocinadores oficiales: DIST.RIJA, Arroz Perla, RIJARSA.<\/p>\t\t\t\t\t\t\t\t<\/div>\n\t\t\t\t<\/div>\n\t\t\t\t<\/div>\n\t\t\t\t<div class=\"elementor-element elementor-element-27bdba9 elementor-widget elementor-widget-image\" data-id=\"27bdba9\" data-element_type=\"widget\" data-e-type=\"widget\" data-widget_type=\"image.default\">\n\t\t\t\t<div class=\"elementor-widget-container\">\n\t\t\t\t\t\t\t\t\t\t\t\t\t\t\t<img decoding=\"async\" width=\"1024\" height=\"841\" src=\"https:\/\/yethstudio.com\/wp-content\/uploads\/2024\/11\/UNIFORME-FCN-DJ-YETH-STUDIO-1024x841.png\" class=\"attachment-large size-large wp-image-10822\" alt=\"\" srcset=\"https:\/\/yethstudio.com\/wp-content\/uploads\/2024\/11\/UNIFORME-FCN-DJ-YETH-STUDIO-1024x841.png 1024w, https:\/\/yethstudio.com\/wp-content\/uploads\/2024\/11\/UNIFORME-FCN-DJ-YETH-STUDIO-300x246.png 300w, https:\/\/yethstudio.com\/wp-content\/uploads\/2024\/11\/UNIFORME-FCN-DJ-YETH-STUDIO-768x631.png 768w, https:\/\/yethstudio.com\/wp-content\/uploads\/2024\/11\/UNIFORME-FCN-DJ-YETH-STUDIO-1536x1261.png 1536w, https:\/\/yethstudio.com\/wp-content\/uploads\/2024\/11\/UNIFORME-FCN-DJ-YETH-STUDIO-2048x1681.png 2048w, https:\/\/yethstudio.com\/wp-content\/uploads\/2024\/11\/UNIFORME-FCN-DJ-YETH-STUDIO-15x12.png 15w, https:\/\/yethstudio.com\/wp-content\/uploads\/2024\/11\/UNIFORME-FCN-DJ-YETH-STUDIO-600x493.png 600w\" sizes=\"(max-width: 1024px) 100vw, 1024px\" \/>\t\t\t\t\t\t\t\t\t\t\t\t\t\t\t<\/div>\n\t\t\t\t<\/div>\n\t\t\t\t<div class=\"elementor-element elementor-element-ce8ca43 elementor-widget__width-initial elementor-widget-tablet__width-initial elementor-widget elementor-widget-heading\" data-id=\"ce8ca43\" data-element_type=\"widget\" data-e-type=\"widget\" data-widget_type=\"heading.default\">\n\t\t\t\t<div class=\"elementor-widget-container\">\n\t\t\t\t\t<h2 class=\"elementor-heading-title elementor-size-default\">Dise\u00f1o de jugador<\/h2>\t\t\t\t<\/div>\n\t\t\t\t<\/div>\n\t\t\t\t<\/div>\n\t\t\t\t<\/div>\n\t\t<div class=\"elementor-element elementor-element-2a9a1e0 e-con-full e-flex e-con e-child\" data-id=\"2a9a1e0\" data-element_type=\"container\" data-e-type=\"container\" data-settings=\"{&quot;background_background&quot;:&quot;classic&quot;}\">\n\t\t\t\t<div class=\"elementor-element elementor-element-d1ce32e e-transform elementor-widget elementor-widget-image\" data-id=\"d1ce32e\" data-element_type=\"widget\" data-e-type=\"widget\" data-settings=\"{&quot;_transform_rotateZ_effect&quot;:{&quot;unit&quot;:&quot;px&quot;,&quot;size&quot;:-4,&quot;sizes&quot;:[]},&quot;_transform_rotate_3d&quot;:&quot;yes&quot;,&quot;_transform_rotateX_effect&quot;:{&quot;unit&quot;:&quot;px&quot;,&quot;size&quot;:0,&quot;sizes&quot;:[]},&quot;_transform_rotateY_effect&quot;:{&quot;unit&quot;:&quot;px&quot;,&quot;size&quot;:-13,&quot;sizes&quot;:[]},&quot;_transform_perspective_effect&quot;:{&quot;unit&quot;:&quot;px&quot;,&quot;size&quot;:1000,&quot;sizes&quot;:[]},&quot;_transform_rotateZ_effect_tablet&quot;:{&quot;unit&quot;:&quot;deg&quot;,&quot;size&quot;:&quot;&quot;,&quot;sizes&quot;:[]},&quot;_transform_rotateZ_effect_mobile&quot;:{&quot;unit&quot;:&quot;deg&quot;,&quot;size&quot;:&quot;&quot;,&quot;sizes&quot;:[]},&quot;_transform_rotateX_effect_tablet&quot;:{&quot;unit&quot;:&quot;deg&quot;,&quot;size&quot;:&quot;&quot;,&quot;sizes&quot;:[]},&quot;_transform_rotateX_effect_mobile&quot;:{&quot;unit&quot;:&quot;deg&quot;,&quot;size&quot;:&quot;&quot;,&quot;sizes&quot;:[]},&quot;_transform_rotateY_effect_tablet&quot;:{&quot;unit&quot;:&quot;deg&quot;,&quot;size&quot;:&quot;&quot;,&quot;sizes&quot;:[]},&quot;_transform_rotateY_effect_mobile&quot;:{&quot;unit&quot;:&quot;deg&quot;,&quot;size&quot;:&quot;&quot;,&quot;sizes&quot;:[]},&quot;_transform_perspective_effect_tablet&quot;:{&quot;unit&quot;:&quot;px&quot;,&quot;size&quot;:&quot;&quot;,&quot;sizes&quot;:[]},&quot;_transform_perspective_effect_mobile&quot;:{&quot;unit&quot;:&quot;px&quot;,&quot;size&quot;:&quot;&quot;,&quot;sizes&quot;:[]}}\" data-widget_type=\"image.default\">\n\t\t\t\t<div class=\"elementor-widget-container\">\n\t\t\t\t\t\t\t\t\t\t\t\t\t\t\t<img decoding=\"async\" width=\"1024\" height=\"1024\" src=\"https:\/\/yethstudio.com\/wp-content\/uploads\/2024\/10\/UNIFORMES-FCN-DJ-PERLA-YETH-STUDIO-1024x1024.jpg\" class=\"attachment-large size-large wp-image-10586\" alt=\"\" srcset=\"https:\/\/yethstudio.com\/wp-content\/uploads\/2024\/10\/UNIFORMES-FCN-DJ-PERLA-YETH-STUDIO-1024x1024.jpg 1024w, https:\/\/yethstudio.com\/wp-content\/uploads\/2024\/10\/UNIFORMES-FCN-DJ-PERLA-YETH-STUDIO-300x300.jpg 300w, https:\/\/yethstudio.com\/wp-content\/uploads\/2024\/10\/UNIFORMES-FCN-DJ-PERLA-YETH-STUDIO-150x150.jpg 150w, https:\/\/yethstudio.com\/wp-content\/uploads\/2024\/10\/UNIFORMES-FCN-DJ-PERLA-YETH-STUDIO-768x768.jpg 768w, https:\/\/yethstudio.com\/wp-content\/uploads\/2024\/10\/UNIFORMES-FCN-DJ-PERLA-YETH-STUDIO-12x12.jpg 12w, https:\/\/yethstudio.com\/wp-content\/uploads\/2024\/10\/UNIFORMES-FCN-DJ-PERLA-YETH-STUDIO-600x600.jpg 600w, https:\/\/yethstudio.com\/wp-content\/uploads\/2024\/10\/UNIFORMES-FCN-DJ-PERLA-YETH-STUDIO-100x100.jpg 100w, https:\/\/yethstudio.com\/wp-content\/uploads\/2024\/10\/UNIFORMES-FCN-DJ-PERLA-YETH-STUDIO.jpg 1080w\" sizes=\"(max-width: 1024px) 100vw, 1024px\" \/>\t\t\t\t\t\t\t\t\t\t\t\t\t\t\t<\/div>\n\t\t\t\t<\/div>\n\t\t\t\t<div class=\"elementor-element elementor-element-cc9e418 elementor-widget__width-initial elementor-widget-mobile__width-initial elementor-widget elementor-widget-text-editor\" data-id=\"cc9e418\" data-element_type=\"widget\" data-e-type=\"widget\" data-widget_type=\"text-editor.default\">\n\t\t\t\t<div class=\"elementor-widget-container\">\n\t\t\t\t\t\t\t\t\t<p>Dise\u00f1o: YETH STUDIO<\/p><p>Fotograf\u00eda deportiva: Carlos D\u00e1vila<\/p><p>Direccion de Arte: Yorbin Turcios<\/p>\t\t\t\t\t\t\t\t<\/div>\n\t\t\t\t<\/div>\n\t\t\t\t<div class=\"elementor-element elementor-element-6df0214 elementor-widget elementor-widget-image\" data-id=\"6df0214\" data-element_type=\"widget\" data-e-type=\"widget\" data-widget_type=\"image.default\">\n\t\t\t\t<div class=\"elementor-widget-container\">\n\t\t\t\t\t\t\t\t\t\t\t\t\t\t\t<img loading=\"lazy\" decoding=\"async\" width=\"1024\" height=\"841\" src=\"https:\/\/yethstudio.com\/wp-content\/uploads\/2024\/11\/UNIFORME-FCN-DP-YETH-STUDIO-01-1024x841.png\" class=\"attachment-large size-large wp-image-10821\" alt=\"\" srcset=\"https:\/\/yethstudio.com\/wp-content\/uploads\/2024\/11\/UNIFORME-FCN-DP-YETH-STUDIO-01-1024x841.png 1024w, https:\/\/yethstudio.com\/wp-content\/uploads\/2024\/11\/UNIFORME-FCN-DP-YETH-STUDIO-01-300x246.png 300w, https:\/\/yethstudio.com\/wp-content\/uploads\/2024\/11\/UNIFORME-FCN-DP-YETH-STUDIO-01-768x631.png 768w, https:\/\/yethstudio.com\/wp-content\/uploads\/2024\/11\/UNIFORME-FCN-DP-YETH-STUDIO-01-1536x1261.png 1536w, https:\/\/yethstudio.com\/wp-content\/uploads\/2024\/11\/UNIFORME-FCN-DP-YETH-STUDIO-01-2048x1681.png 2048w, https:\/\/yethstudio.com\/wp-content\/uploads\/2024\/11\/UNIFORME-FCN-DP-YETH-STUDIO-01-15x12.png 15w, https:\/\/yethstudio.com\/wp-content\/uploads\/2024\/11\/UNIFORME-FCN-DP-YETH-STUDIO-01-600x493.png 600w\" sizes=\"(max-width: 1024px) 100vw, 1024px\" \/>\t\t\t\t\t\t\t\t\t\t\t\t\t\t\t<\/div>\n\t\t\t\t<\/div>\n\t\t\t\t<div class=\"elementor-element elementor-element-78b3514 elementor-widget__width-initial elementor-widget-tablet__width-initial elementor-widget elementor-widget-heading\" data-id=\"78b3514\" data-element_type=\"widget\" data-e-type=\"widget\" data-widget_type=\"heading.default\">\n\t\t\t\t<div class=\"elementor-widget-container\">\n\t\t\t\t\t<h2 class=\"elementor-heading-title elementor-size-default\">Dise\u00f1o de Portero<\/h2>\t\t\t\t<\/div>\n\t\t\t\t<\/div>\n\t\t\t\t<\/div>\n\t\t\t\t\t<\/div>\n\t\t\t\t<\/div>\n\t\t<div class=\"elementor-element elementor-element-8141197 e-flex e-con-boxed e-con e-parent\" data-id=\"8141197\" data-element_type=\"container\" data-e-type=\"container\" data-settings=\"{&quot;background_background&quot;:&quot;classic&quot;}\">\n\t\t\t\t\t<div class=\"e-con-inner\">\n\t\t<div class=\"elementor-element elementor-element-d9a6748 e-con-full e-flex e-con e-child\" data-id=\"d9a6748\" data-element_type=\"container\" data-e-type=\"container\" data-settings=\"{&quot;background_background&quot;:&quot;classic&quot;}\">\n\t\t\t\t<div class=\"elementor-element elementor-element-7213be7 elementor-widget elementor-widget-image\" data-id=\"7213be7\" data-element_type=\"widget\" data-e-type=\"widget\" data-widget_type=\"image.default\">\n\t\t\t\t<div class=\"elementor-widget-container\">\n\t\t\t\t\t\t\t\t\t\t\t\t\t\t\t<img decoding=\"async\" src=\"https:\/\/yethstudio.com\/wp-content\/uploads\/2024\/10\/FCN-J-Perla-YETH-STUDIO-scaled.jpg\" title=\"FCN -J- Perla &#8211; YETH STUDIO\" alt=\"FCN -J- Perla - YETH STUDIO\" loading=\"lazy\" \/>\t\t\t\t\t\t\t\t\t\t\t\t\t\t\t<\/div>\n\t\t\t\t<\/div>\n\t\t\t\t<\/div>\n\t\t\t\t\t<\/div>\n\t\t\t\t<\/div>\n\t\t<div class=\"elementor-element elementor-element-04d8d55 e-flex e-con-boxed e-con e-parent\" data-id=\"04d8d55\" data-element_type=\"container\" data-e-type=\"container\" data-settings=\"{&quot;background_background&quot;:&quot;classic&quot;}\">\n\t\t\t\t\t<div class=\"e-con-inner\">\n\t\t<div class=\"elementor-element elementor-element-25534bc e-con-full elementor-hidden-mobile e-flex e-con e-child\" data-id=\"25534bc\" data-element_type=\"container\" data-e-type=\"container\" data-settings=\"{&quot;background_background&quot;:&quot;classic&quot;}\">\n\t\t\t\t<\/div>\n\t\t<div class=\"elementor-element elementor-element-9bbe877 e-con-full e-flex e-con e-child\" data-id=\"9bbe877\" data-element_type=\"container\" data-e-type=\"container\" data-settings=\"{&quot;background_background&quot;:&quot;classic&quot;}\">\n\t\t\t\t<div class=\"elementor-element elementor-element-5aa6a70 elementor-widget elementor-widget-image\" data-id=\"5aa6a70\" data-element_type=\"widget\" data-e-type=\"widget\" data-widget_type=\"image.default\">\n\t\t\t\t<div class=\"elementor-widget-container\">\n\t\t\t\t\t\t\t\t\t\t\t\t\t\t\t<img loading=\"lazy\" decoding=\"async\" width=\"1024\" height=\"1024\" src=\"https:\/\/yethstudio.com\/wp-content\/uploads\/2024\/10\/FCN-Tecnico-YETH-STUDIO-1024x1024.jpg\" class=\"attachment-large size-large wp-image-10564\" alt=\"\" srcset=\"https:\/\/yethstudio.com\/wp-content\/uploads\/2024\/10\/FCN-Tecnico-YETH-STUDIO-1024x1024.jpg 1024w, https:\/\/yethstudio.com\/wp-content\/uploads\/2024\/10\/FCN-Tecnico-YETH-STUDIO-300x300.jpg 300w, https:\/\/yethstudio.com\/wp-content\/uploads\/2024\/10\/FCN-Tecnico-YETH-STUDIO-150x150.jpg 150w, https:\/\/yethstudio.com\/wp-content\/uploads\/2024\/10\/FCN-Tecnico-YETH-STUDIO-768x768.jpg 768w, https:\/\/yethstudio.com\/wp-content\/uploads\/2024\/10\/FCN-Tecnico-YETH-STUDIO-12x12.jpg 12w, https:\/\/yethstudio.com\/wp-content\/uploads\/2024\/10\/FCN-Tecnico-YETH-STUDIO-600x600.jpg 600w, https:\/\/yethstudio.com\/wp-content\/uploads\/2024\/10\/FCN-Tecnico-YETH-STUDIO-100x100.jpg 100w, https:\/\/yethstudio.com\/wp-content\/uploads\/2024\/10\/FCN-Tecnico-YETH-STUDIO.jpg 1080w\" sizes=\"(max-width: 1024px) 100vw, 1024px\" \/>\t\t\t\t\t\t\t\t\t\t\t\t\t\t\t<\/div>\n\t\t\t\t<\/div>\n\t\t\t\t<div class=\"elementor-element elementor-element-bb7b876 elementor-widget__width-initial elementor-widget-tablet__width-initial elementor-widget elementor-widget-heading\" data-id=\"bb7b876\" data-element_type=\"widget\" data-e-type=\"widget\" data-widget_type=\"heading.default\">\n\t\t\t\t<div class=\"elementor-widget-container\">\n\t\t\t\t\t<h2 class=\"elementor-heading-title elementor-size-default\">Dise\u00f1o de Tecnico o couch<\/h2>\t\t\t\t<\/div>\n\t\t\t\t<\/div>\n\t\t\t\t<\/div>\n\t\t\t\t\t<\/div>\n\t\t\t\t<\/div>\n\t\t\t\t<\/div>","protected":false},"excerpt":{"rendered":"<p>Futbol Club Norte\u00f1o Liga mayor A Matagalpa. Desarrollo de dise\u00f1o bajo lineamientos de identidad y \u00e1rea de origen patrocinadores oficiales: DIST.RIJA, Arroz Perla, RIJARSA. Dise\u00f1o de jugador Dise\u00f1o: YETH STUDIO Fotograf\u00eda deportiva: Carlos D\u00e1vila Direccion de Arte: Yorbin Turcios Dise\u00f1o de Portero Dise\u00f1o de Tecnico o couch<\/p>","protected":false},"author":1,"featured_media":10677,"parent":0,"menu_order":0,"comment_status":"closed","ping_status":"closed","template":"","meta":{"_eb_attr":"","_monsterinsights_skip_tracking":false,"_monsterinsights_sitenote_active":false,"_monsterinsights_sitenote_note":"","_monsterinsights_sitenote_category":0,"_uf_show_specific_survey":0,"_uf_disable_surveys":false,"footnotes":""},"class_list":["post-10679","page","type-page","status-publish","has-post-thumbnail","hentry"],"blocksy_meta":[],"_links":{"self":[{"href":"https:\/\/yethstudio.com\/en\/wp-json\/wp\/v2\/pages\/10679","targetHints":{"allow":["GET"]}}],"collection":[{"href":"https:\/\/yethstudio.com\/en\/wp-json\/wp\/v2\/pages"}],"about":[{"href":"https:\/\/yethstudio.com\/en\/wp-json\/wp\/v2\/types\/page"}],"author":[{"embeddable":true,"href":"https:\/\/yethstudio.com\/en\/wp-json\/wp\/v2\/users\/1"}],"replies":[{"embeddable":true,"href":"https:\/\/yethstudio.com\/en\/wp-json\/wp\/v2\/comments?post=10679"}],"version-history":[{"count":199,"href":"https:\/\/yethstudio.com\/en\/wp-json\/wp\/v2\/pages\/10679\/revisions"}],"predecessor-version":[{"id":10986,"href":"https:\/\/yethstudio.com\/en\/wp-json\/wp\/v2\/pages\/10679\/revisions\/10986"}],"wp:featuredmedia":[{"embeddable":true,"href":"https:\/\/yethstudio.com\/en\/wp-json\/wp\/v2\/media\/10677"}],"wp:attachment":[{"href":"https:\/\/yethstudio.com\/en\/wp-json\/wp\/v2\/media?parent=10679"}],"curies":[{"name":"wp","href":"https:\/\/api.w.org\/{rel}","templated":true}]}}