{"id":11593,"date":"2025-02-20T22:00:47","date_gmt":"2025-02-21T04:00:47","guid":{"rendered":"https:\/\/yethstudio.com\/?page_id=11593"},"modified":"2026-02-07T23:03:58","modified_gmt":"2026-02-08T05:03:58","slug":"dist-rija-diseno-de-exteriores","status":"publish","type":"page","link":"https:\/\/yethstudio.com\/en\/dist-rija-diseno-de-exteriores\/","title":{"rendered":"DIST.RIJA &#8211; Dise\u00f1o de exteriores"},"content":{"rendered":"<div data-elementor-type=\"wp-page\" data-elementor-id=\"11593\" class=\"elementor elementor-11593\">\n\t\t\t\t<div class=\"elementor-element elementor-element-15125bc e-con-full e-flex e-con e-parent\" data-id=\"15125bc\" data-element_type=\"container\" data-e-type=\"container\">\n\t\t\t\t<div class=\"elementor-element elementor-element-8663313 elementor-widget__width-inherit elementor-widget elementor-widget-video\" data-id=\"8663313\" data-element_type=\"widget\" data-e-type=\"widget\" data-settings=\"{&quot;video_type&quot;:&quot;hosted&quot;,&quot;autoplay&quot;:&quot;yes&quot;,&quot;play_on_mobile&quot;:&quot;yes&quot;,&quot;loop&quot;:&quot;yes&quot;}\" data-widget_type=\"video.default\">\n\t\t\t\t<div class=\"elementor-widget-container\">\n\t\t\t\t\t\t\t<div class=\"e-hosted-video elementor-wrapper elementor-open-inline\">\n\t\t\t\t\t<video class=\"elementor-video\" src=\"https:\/\/yethstudio.com\/wp-content\/uploads\/2025\/02\/DIST-RIJA-YETH-STUDIO_1.mp4\" autoplay=\"\" loop=\"\" playsinline=\"\" controlslist=\"nodownload\"><\/video>\n\t\t\t\t<\/div>\n\t\t\t\t\t\t<\/div>\n\t\t\t\t<\/div>\n\t\t\t\t<\/div>\n\t\t<div class=\"elementor-element elementor-element-94a1935 e-flex e-con-boxed e-con e-parent\" data-id=\"94a1935\" data-element_type=\"container\" data-e-type=\"container\" data-settings=\"{&quot;background_background&quot;:&quot;classic&quot;}\">\n\t\t\t\t\t<div class=\"e-con-inner\">\n\t\t\t\t<div class=\"elementor-element elementor-element-7ba6ee4 elementor-widget elementor-widget-heading\" data-id=\"7ba6ee4\" data-element_type=\"widget\" data-e-type=\"widget\" data-widget_type=\"heading.default\">\n\t\t\t\t<div class=\"elementor-widget-container\">\n\t\t\t\t\t<h2 class=\"elementor-heading-title elementor-size-default\">Transformaci\u00f3n visual de DIST.RIJA<\/h2>\t\t\t\t<\/div>\n\t\t\t\t<\/div>\n\t\t\t\t<div class=\"elementor-element elementor-element-3a13ada elementor-widget elementor-widget-text-editor\" data-id=\"3a13ada\" data-element_type=\"widget\" data-e-type=\"widget\" data-widget_type=\"text-editor.default\">\n\t\t\t\t<div class=\"elementor-widget-container\">\n\t\t\t\t\t\t\t\t\t<p>Partiendo de la recopilaci\u00f3n de datos de la infraestructura actual de DIST. RIJA, hemos dise\u00f1ado su nueva imagen en el mercado, siguiendo las solicitudes espec\u00edficas de nuestro cliente.<\/p>\t\t\t\t\t\t\t\t<\/div>\n\t\t\t\t<\/div>\n\t\t\t\t<div class=\"elementor-element elementor-element-3771bbf elementor-widget elementor-widget-image-gallery\" data-id=\"3771bbf\" data-element_type=\"widget\" data-e-type=\"widget\" data-widget_type=\"image-gallery.default\">\n\t\t\t\t<div class=\"elementor-widget-container\">\n\t\t\t\t\t\t\t<div class=\"elementor-image-gallery\">\n\t\t\t<div id='gallery-1' class='gallery galleryid-11593 gallery-columns-3 gallery-size-full'><figure class='gallery-item'>\n\t\t\t<div class='gallery-icon landscape'>\n\t\t\t\t<a data-elementor-open-lightbox=\"yes\" data-elementor-lightbox-slideshow=\"3771bbf\" data-elementor-lightbox-title=\"M3DR-03 -YETH STUDIO\" data-e-action-hash=\"#elementor-action%3Aaction%3Dlightbox%26settings%3DeyJpZCI6MTE2MDIsInVybCI6Imh0dHBzOlwvXC95ZXRoc3R1ZGlvLmNvbVwvd3AtY29udGVudFwvdXBsb2Fkc1wvMjAyNVwvMDJcL00zRFItMDMtWUVUSC1TVFVESU8uanBnIiwic2xpZGVzaG93IjoiMzc3MWJiZiJ9\" href='https:\/\/yethstudio.com\/wp-content\/uploads\/2025\/02\/M3DR-03-YETH-STUDIO.jpg'><img fetchpriority=\"high\" decoding=\"async\" width=\"1920\" height=\"1080\" src=\"https:\/\/yethstudio.com\/wp-content\/uploads\/2025\/02\/M3DR-03-YETH-STUDIO.jpg\" class=\"attachment-full size-full\" alt=\"\" srcset=\"https:\/\/yethstudio.com\/wp-content\/uploads\/2025\/02\/M3DR-03-YETH-STUDIO.jpg 1920w, https:\/\/yethstudio.com\/wp-content\/uploads\/2025\/02\/M3DR-03-YETH-STUDIO-300x169.jpg 300w, https:\/\/yethstudio.com\/wp-content\/uploads\/2025\/02\/M3DR-03-YETH-STUDIO-1024x576.jpg 1024w, https:\/\/yethstudio.com\/wp-content\/uploads\/2025\/02\/M3DR-03-YETH-STUDIO-768x432.jpg 768w, https:\/\/yethstudio.com\/wp-content\/uploads\/2025\/02\/M3DR-03-YETH-STUDIO-1536x864.jpg 1536w, https:\/\/yethstudio.com\/wp-content\/uploads\/2025\/02\/M3DR-03-YETH-STUDIO-18x10.jpg 18w, https:\/\/yethstudio.com\/wp-content\/uploads\/2025\/02\/M3DR-03-YETH-STUDIO-600x338.jpg 600w\" sizes=\"(max-width: 1920px) 100vw, 1920px\" \/><\/a>\n\t\t\t<\/div><\/figure><figure class='gallery-item'>\n\t\t\t<div class='gallery-icon landscape'>\n\t\t\t\t<a data-elementor-open-lightbox=\"yes\" data-elementor-lightbox-slideshow=\"3771bbf\" data-elementor-lightbox-title=\"M3DR-02 -YETH STUDIO\" data-e-action-hash=\"#elementor-action%3Aaction%3Dlightbox%26settings%3DeyJpZCI6MTE2MDEsInVybCI6Imh0dHBzOlwvXC95ZXRoc3R1ZGlvLmNvbVwvd3AtY29udGVudFwvdXBsb2Fkc1wvMjAyNVwvMDJcL00zRFItMDItWUVUSC1TVFVESU8uanBnIiwic2xpZGVzaG93IjoiMzc3MWJiZiJ9\" href='https:\/\/yethstudio.com\/wp-content\/uploads\/2025\/02\/M3DR-02-YETH-STUDIO.jpg'><img decoding=\"async\" width=\"1920\" height=\"1080\" src=\"https:\/\/yethstudio.com\/wp-content\/uploads\/2025\/02\/M3DR-02-YETH-STUDIO.jpg\" class=\"attachment-full size-full\" alt=\"\" srcset=\"https:\/\/yethstudio.com\/wp-content\/uploads\/2025\/02\/M3DR-02-YETH-STUDIO.jpg 1920w, https:\/\/yethstudio.com\/wp-content\/uploads\/2025\/02\/M3DR-02-YETH-STUDIO-300x169.jpg 300w, https:\/\/yethstudio.com\/wp-content\/uploads\/2025\/02\/M3DR-02-YETH-STUDIO-1024x576.jpg 1024w, https:\/\/yethstudio.com\/wp-content\/uploads\/2025\/02\/M3DR-02-YETH-STUDIO-768x432.jpg 768w, https:\/\/yethstudio.com\/wp-content\/uploads\/2025\/02\/M3DR-02-YETH-STUDIO-1536x864.jpg 1536w, https:\/\/yethstudio.com\/wp-content\/uploads\/2025\/02\/M3DR-02-YETH-STUDIO-18x10.jpg 18w, https:\/\/yethstudio.com\/wp-content\/uploads\/2025\/02\/M3DR-02-YETH-STUDIO-600x338.jpg 600w\" sizes=\"(max-width: 1920px) 100vw, 1920px\" \/><\/a>\n\t\t\t<\/div><\/figure><figure class='gallery-item'>\n\t\t\t<div class='gallery-icon landscape'>\n\t\t\t\t<a data-elementor-open-lightbox=\"yes\" data-elementor-lightbox-slideshow=\"3771bbf\" data-elementor-lightbox-title=\"M3DR-01 -YETH STUDIO\" data-e-action-hash=\"#elementor-action%3Aaction%3Dlightbox%26settings%3DeyJpZCI6MTE2MDAsInVybCI6Imh0dHBzOlwvXC95ZXRoc3R1ZGlvLmNvbVwvd3AtY29udGVudFwvdXBsb2Fkc1wvMjAyNVwvMDJcL00zRFItMDEtWUVUSC1TVFVESU8uanBnIiwic2xpZGVzaG93IjoiMzc3MWJiZiJ9\" href='https:\/\/yethstudio.com\/wp-content\/uploads\/2025\/02\/M3DR-01-YETH-STUDIO.jpg'><img decoding=\"async\" width=\"1920\" height=\"1080\" src=\"https:\/\/yethstudio.com\/wp-content\/uploads\/2025\/02\/M3DR-01-YETH-STUDIO.jpg\" class=\"attachment-full size-full\" alt=\"\" srcset=\"https:\/\/yethstudio.com\/wp-content\/uploads\/2025\/02\/M3DR-01-YETH-STUDIO.jpg 1920w, https:\/\/yethstudio.com\/wp-content\/uploads\/2025\/02\/M3DR-01-YETH-STUDIO-300x169.jpg 300w, https:\/\/yethstudio.com\/wp-content\/uploads\/2025\/02\/M3DR-01-YETH-STUDIO-1024x576.jpg 1024w, https:\/\/yethstudio.com\/wp-content\/uploads\/2025\/02\/M3DR-01-YETH-STUDIO-768x432.jpg 768w, https:\/\/yethstudio.com\/wp-content\/uploads\/2025\/02\/M3DR-01-YETH-STUDIO-1536x864.jpg 1536w, https:\/\/yethstudio.com\/wp-content\/uploads\/2025\/02\/M3DR-01-YETH-STUDIO-18x10.jpg 18w, https:\/\/yethstudio.com\/wp-content\/uploads\/2025\/02\/M3DR-01-YETH-STUDIO-600x338.jpg 600w, https:\/\/yethstudio.com\/wp-content\/uploads\/2025\/02\/elementor\/thumbs\/M3DR-01-YETH-STUDIO-r1tdfrf6d1mosiaf308xxqwuar5ybncvtlraxipvm2.jpg 1w\" sizes=\"(max-width: 1920px) 100vw, 1920px\" \/><\/a>\n\t\t\t<\/div><\/figure>\n\t\t<\/div>\n\t\t<\/div>\n\t\t\t\t\t\t<\/div>\n\t\t\t\t<\/div>\n\t\t\t\t<div class=\"elementor-element elementor-element-b37a296 elementor-widget elementor-widget-google_maps\" data-id=\"b37a296\" data-element_type=\"widget\" data-e-type=\"widget\" data-widget_type=\"google_maps.default\">\n\t\t\t\t<div class=\"elementor-widget-container\">\n\t\t\t\t\t\t\t<div class=\"elementor-custom-embed\">\n\t\t\t<iframe loading=\"lazy\"\n\t\t\t\t\tsrc=\"https:\/\/maps.google.com\/maps?q=Distribuidora%20Rizo%20Jarquin%20%232&#038;t=m&#038;z=13&#038;output=embed&#038;iwloc=near\"\n\t\t\t\t\ttitle=\"Distribuidora Rizo Jarquin #2\"\n\t\t\t\t\taria-label=\"Distribuidora Rizo Jarquin #2\"\n\t\t\t><\/iframe>\n\t\t<\/div>\n\t\t\t\t\t\t<\/div>\n\t\t\t\t<\/div>\n\t\t\t\t\t<\/div>\n\t\t\t\t<\/div>\n\t\t\t\t<\/div>","protected":false},"excerpt":{"rendered":"<p>https:\/\/yethstudio.com\/wp-content\/uploads\/2025\/02\/DIST-RIJA-YETH-STUDIO_1.mp4 Transformaci\u00f3n visual de DIST.RIJA Partiendo de la recopilaci\u00f3n de datos de la infraestructura actual de DIST. RIJA, hemos dise\u00f1ado su nueva imagen en el mercado, siguiendo las solicitudes espec\u00edficas de nuestro cliente.<\/p>","protected":false},"author":1,"featured_media":11600,"parent":0,"menu_order":0,"comment_status":"closed","ping_status":"closed","template":"","meta":{"_eb_attr":"","_monsterinsights_skip_tracking":false,"_monsterinsights_sitenote_active":false,"_monsterinsights_sitenote_note":"","_monsterinsights_sitenote_category":0,"_uf_show_specific_survey":0,"_uf_disable_surveys":false,"footnotes":""},"class_list":["post-11593","page","type-page","status-publish","has-post-thumbnail","hentry"],"blocksy_meta":[],"_links":{"self":[{"href":"https:\/\/yethstudio.com\/en\/wp-json\/wp\/v2\/pages\/11593","targetHints":{"allow":["GET"]}}],"collection":[{"href":"https:\/\/yethstudio.com\/en\/wp-json\/wp\/v2\/pages"}],"about":[{"href":"https:\/\/yethstudio.com\/en\/wp-json\/wp\/v2\/types\/page"}],"author":[{"embeddable":true,"href":"https:\/\/yethstudio.com\/en\/wp-json\/wp\/v2\/users\/1"}],"replies":[{"embeddable":true,"href":"https:\/\/yethstudio.com\/en\/wp-json\/wp\/v2\/comments?post=11593"}],"version-history":[{"count":86,"href":"https:\/\/yethstudio.com\/en\/wp-json\/wp\/v2\/pages\/11593\/revisions"}],"predecessor-version":[{"id":15375,"href":"https:\/\/yethstudio.com\/en\/wp-json\/wp\/v2\/pages\/11593\/revisions\/15375"}],"wp:featuredmedia":[{"embeddable":true,"href":"https:\/\/yethstudio.com\/en\/wp-json\/wp\/v2\/media\/11600"}],"wp:attachment":[{"href":"https:\/\/yethstudio.com\/en\/wp-json\/wp\/v2\/media?parent=11593"}],"curies":[{"name":"wp","href":"https:\/\/api.w.org\/{rel}","templated":true}]}}