{"id":11884,"date":"2025-03-01T15:46:34","date_gmt":"2025-03-01T21:46:34","guid":{"rendered":"https:\/\/yethstudio.com\/?page_id=11884"},"modified":"2026-04-11T10:21:35","modified_gmt":"2026-04-11T16:21:35","slug":"identidad-corporativa","status":"publish","type":"page","link":"https:\/\/yethstudio.com\/en\/identidad-corporativa\/","title":{"rendered":"Corporate identity"},"content":{"rendered":"<div data-elementor-type=\"wp-page\" data-elementor-id=\"11884\" class=\"elementor elementor-11884\">\n\t\t\t\t<div class=\"elementor-element elementor-element-ddee91f e-flex e-con-boxed e-con e-parent\" data-id=\"ddee91f\" data-element_type=\"container\" data-e-type=\"container\" data-settings=\"{&quot;background_background&quot;:&quot;classic&quot;}\">\n\t\t\t\t\t<div class=\"e-con-inner\">\n\t\t<div class=\"elementor-element elementor-element-9cea589 e-con-full e-flex e-con e-child\" data-id=\"9cea589\" data-element_type=\"container\" data-e-type=\"container\" data-settings=\"{&quot;background_background&quot;:&quot;classic&quot;}\">\n\t\t\t\t<div class=\"elementor-element elementor-element-19f3bd1 ekit-equal-height-disable elementor-widget elementor-widget-elementskit-icon-box\" data-id=\"19f3bd1\" data-element_type=\"widget\" data-e-type=\"widget\" data-widget_type=\"elementskit-icon-box.default\">\n\t\t\t\t<div class=\"elementor-widget-container\">\n\t\t\t\t\t<div class=\"ekit-wid-con\" >        <!-- link opening -->\n                <a href=\"#\" class=\"ekit_global_links\">\n                <!-- end link opening -->\n\n        <div class=\"elementskit-infobox text-center text- icon-top-align elementor-animation-\">\n                    <div class=\"elementskit-box-header elementor-animation-\">\n                <div class=\"elementskit-info-box-icon\">\n                    \n                <\/div>\n          <\/div>\n                        <div class=\"box-body\">\n                        \t\t  \t<p>\u00bfQu\u00e9 eres si no te pueden identificar?<\/p>\n                                <\/div>\n        \n        \n                <\/div>\n                <\/a>\n        <\/div>\t\t\t\t<\/div>\n\t\t\t\t<\/div>\n\t\t\t\t<\/div>\n\t\t<div class=\"elementor-element elementor-element-1d2086b e-con-full e-flex e-con e-child\" data-id=\"1d2086b\" data-element_type=\"container\" data-e-type=\"container\">\n\t\t\t\t<div class=\"elementor-element elementor-element-0f06dc9 elementor-widget elementor-widget-spacer\" data-id=\"0f06dc9\" data-element_type=\"widget\" data-e-type=\"widget\" data-widget_type=\"spacer.default\">\n\t\t\t\t<div class=\"elementor-widget-container\">\n\t\t\t\t\t\t\t<div class=\"elementor-spacer\">\n\t\t\t<div class=\"elementor-spacer-inner\"><\/div>\n\t\t<\/div>\n\t\t\t\t\t\t<\/div>\n\t\t\t\t<\/div>\n\t\t\t\t<\/div>\n\t\t<div class=\"elementor-element elementor-element-322ec38 e-con-full e-flex e-con e-child\" data-id=\"322ec38\" data-element_type=\"container\" data-e-type=\"container\" data-settings=\"{&quot;background_background&quot;:&quot;classic&quot;}\">\n\t\t\t\t<div class=\"elementor-element elementor-element-5626c62 elementor-widget elementor-widget-spacer\" data-id=\"5626c62\" data-element_type=\"widget\" data-e-type=\"widget\" data-widget_type=\"spacer.default\">\n\t\t\t\t<div class=\"elementor-widget-container\">\n\t\t\t\t\t\t\t<div class=\"elementor-spacer\">\n\t\t\t<div class=\"elementor-spacer-inner\"><\/div>\n\t\t<\/div>\n\t\t\t\t\t\t<\/div>\n\t\t\t\t<\/div>\n\t\t\t\t<\/div>\n\t\t<div class=\"elementor-element elementor-element-d20c7ca e-con-full e-flex e-con e-child\" data-id=\"d20c7ca\" data-element_type=\"container\" data-e-type=\"container\">\n\t\t\t\t<div class=\"elementor-element elementor-element-d898305 elementor-widget__width-auto elementor-view-default elementor-widget elementor-widget-icon\" data-id=\"d898305\" data-element_type=\"widget\" data-e-type=\"widget\" data-widget_type=\"icon.default\">\n\t\t\t\t<div class=\"elementor-widget-container\">\n\t\t\t\t\t\t\t<div class=\"elementor-icon-wrapper\">\n\t\t\t<div class=\"elementor-icon\">\n\t\t\t<svg xmlns=\"http:\/\/www.w3.org\/2000\/svg\" id=\"Capa_1\" viewbox=\"0 0 197.81 22.14\"><defs><style>.cls-1{fill:#fff;stroke-width:0px;}<\/style><\/defs><polygon class=\"cls-1\" points=\"75.92 .31 75.92 21.92 70.66 21.92 70.66 13.02 62.47 13.02 62.47 21.92 57.21 21.92 57.21 4.53 48.83 4.53 48.83 21.92 43.57 21.92 43.57 4.53 27.62 4.53 27.62 8.9 34.67 8.9 34.67 12.96 27.62 12.96 27.62 17.7 35.59 17.7 35.59 21.92 22.35 21.92 22.35 4.53 18.05 4.53 12.75 14.78 12.75 21.92 7.48 21.92 7.48 14.78 0 .31 5.98 .31 10.16 9.36 14.32 .31 62.47 .31 62.47 8.77 70.66 8.77 70.66 .31 75.92 .31\"><\/polygon><path class=\"cls-1\" d=\"m89.81,21.37c-1.25-.51-2.25-1.27-3-2.28s-1.14-2.22-1.19-3.63h5.6c.08.8.36,1.41.83,1.83.47.42,1.09.63,1.85.63s1.4-.18,1.85-.54c.45-.36.68-.86.68-1.49,0-.53-.18-.97-.54-1.32-.36-.35-.8-.64-1.32-.86-.52-.23-1.27-.48-2.23-.77-1.4-.43-2.54-.86-3.42-1.29-.88-.43-1.64-1.07-2.28-1.91-.64-.84-.95-1.94-.95-3.29,0-2.01.73-3.59,2.19-4.73s3.36-1.71,5.7-1.71,4.3.57,5.76,1.71c1.46,1.14,2.24,2.72,2.34,4.76h-5.7c-.04-.7-.3-1.25-.77-1.65-.47-.4-1.08-.6-1.82-.6-.64,0-1.15.17-1.54.51s-.58.83-.58,1.46c0,.7.33,1.24.99,1.63.66.39,1.68.81,3.08,1.26,1.4.47,2.53.92,3.4,1.35.87.43,1.63,1.06,2.26,1.88s.95,1.88.95,3.17-.31,2.35-.94,3.36c-.63,1.01-1.53,1.81-2.72,2.4-1.19.6-2.6.89-4.22.89s-3-.26-4.25-.77Z\"><\/path><path class=\"cls-1\" d=\"m120.72.31v4.22h-5.73v17.39h-5.26V4.53h-5.73V.31h16.72Z\"><\/path><path class=\"cls-1\" d=\"m128.54.31v12.93c0,1.29.32,2.29.95,2.99.64.7,1.57,1.05,2.8,1.05s2.18-.35,2.83-1.05c.66-.7.99-1.69.99-2.99V.31h5.26v12.9c0,1.93-.41,3.56-1.23,4.89-.82,1.33-1.92,2.34-3.31,3.02-1.39.68-2.93,1.01-4.63,1.01s-3.23-.33-4.57-1c-1.34-.67-2.41-1.67-3.19-3.02-.78-1.34-1.17-2.98-1.17-4.91V.31h5.26Z\"><\/path><path class=\"cls-1\" d=\"m159.14,1.66c1.7.9,3.02,2.17,3.96,3.8.93,1.63,1.4,3.52,1.4,5.65s-.47,3.99-1.4,5.63c-.93,1.64-2.26,2.91-3.97,3.82-1.71.9-3.7,1.35-5.96,1.35h-8.1V.31h8.1c2.28,0,4.27.45,5.97,1.35Zm-1.66,14.07c1.11-1.09,1.66-2.63,1.66-4.62s-.55-3.54-1.66-4.65c-1.11-1.11-2.66-1.66-4.65-1.66h-2.49v12.56h2.49c1.99,0,3.54-.54,4.65-1.63Z\"><\/path><path class=\"cls-1\" d=\"m172.72.31v21.61h-5.26V.31h5.26Z\"><\/path><path class=\"cls-1\" d=\"m181.17,20.72c-1.69-.94-3.04-2.26-4.03-3.96-1-1.69-1.49-3.6-1.49-5.71s.5-4.01,1.49-5.7c1-1.68,2.34-3,4.03-3.94s3.56-1.42,5.59-1.42,3.9.47,5.59,1.42c1.69.94,3.03,2.26,4,3.94.97,1.68,1.46,3.58,1.46,5.7s-.49,4.02-1.48,5.71c-.99,1.69-2.32,3.01-4,3.96s-3.54,1.42-5.57,1.42-3.89-.47-5.59-1.42Zm9.73-5.11c1.04-1.15,1.56-2.67,1.56-4.56s-.52-3.43-1.56-4.57c-1.04-1.14-2.42-1.71-4.14-1.71s-3.14.56-4.17,1.69-1.55,2.66-1.55,4.59.52,3.43,1.55,4.57c1.04,1.14,2.43,1.71,4.17,1.71s3.1-.57,4.14-1.72Z\"><\/path><\/svg>\t\t\t<\/div>\n\t\t<\/div>\n\t\t\t\t\t\t<\/div>\n\t\t\t\t<\/div>\n\t\t\t\t<div class=\"elementor-element elementor-element-c2e5830 elementor-widget elementor-widget-text-editor\" data-id=\"c2e5830\" data-element_type=\"widget\" data-e-type=\"widget\" data-widget_type=\"text-editor.default\">\n\t\t\t\t<div class=\"elementor-widget-container\">\n\t\t\t\t\t\t\t\t\t<p>Creamos experiencias visuales, lo que dise\u00f1amos no solo es un logo (logotipo, imagotipo, Isotipo, Isologo). Son formas y trazos que forjan el camino hacia un nuevo mundo.<\/p>\t\t\t\t\t\t\t\t<\/div>\n\t\t\t\t<\/div>\n\t\t\t\t<\/div>\n\t\t\t\t\t<\/div>\n\t\t\t\t<\/div>\n\t\t<div class=\"elementor-element elementor-element-8cd4406 e-flex e-con-boxed e-con e-parent\" data-id=\"8cd4406\" data-element_type=\"container\" data-e-type=\"container\" data-settings=\"{&quot;background_background&quot;:&quot;video&quot;,&quot;background_video_link&quot;:&quot;https:\\\/\\\/yethstudio.com\\\/wp-content\\\/uploads\\\/2025\\\/06\\\/ARCHES-YETH-STUDIO_1.mp4&quot;,&quot;background_play_on_mobile&quot;:&quot;yes&quot;}\">\n\t\t\t\t\t<div class=\"e-con-inner\">\n\t\t<div class=\"elementor-background-video-container\">\n\t\t\t\t\t\t\t<video class=\"elementor-background-video-hosted\" role=\"presentation\" autoplay muted playsinline loop><\/video>\n\t\t\t\t\t<\/div><div class=\"elementor-element elementor-element-408c306 e-con-full e-flex e-con e-child\" data-id=\"408c306\" data-element_type=\"container\" data-e-type=\"container\" data-settings=\"{&quot;background_background&quot;:&quot;classic&quot;}\">\n\t\t\t\t<div class=\"elementor-element elementor-element-f5a849a elementor-widget__width-initial elementor-view-default elementor-widget elementor-widget-icon\" data-id=\"f5a849a\" data-element_type=\"widget\" data-e-type=\"widget\" data-widget_type=\"icon.default\">\n\t\t\t\t<div class=\"elementor-widget-container\">\n\t\t\t\t\t\t\t<div class=\"elementor-icon-wrapper\">\n\t\t\t<div class=\"elementor-icon\">\n\t\t\t<svg xmlns=\"http:\/\/www.w3.org\/2000\/svg\" id=\"Capa_1\" viewbox=\"0 0 1044.55 952.12\"><defs><style>.cls-1{fill:#74f7ed;stroke-width:0px;}<\/style><\/defs><path class=\"cls-1\" d=\"m557.6,495.91c2.93-.21,5.86-.46,8.78-.72h93.24c.26,4.04,3.61,7.24,7.72,7.24s7.74-3.47,7.74-7.74-3.47-7.74-7.74-7.74-7.46,3.2-7.72,7.24h-83.3c45.5-5.1,89.76-16.67,132.12-34.58,56.95-24.09,108.1-58.57,152.02-102.49,43.92-43.92,78.4-95.07,102.49-152.02,17.36-41.05,28.76-83.87,34.08-127.89v224.17c-3.8.49-6.74,3.73-6.74,7.67,0,4.28,3.47,7.74,7.74,7.74s7.74-3.47,7.74-7.74c0-3.94-2.94-7.18-6.74-7.67V57.14c.51-6.44.89-12.9,1.14-19.39,9.45-1.06,16.8-9.07,16.8-18.81,0-10.46-8.48-18.94-18.94-18.94s-18.94,8.48-18.94,18.94c0,9.48,6.98,17.31,16.07,18.7-9.61,246.12-208.07,444.58-454.19,454.19-1.38-9.09-9.22-16.07-18.7-16.07s-17.31,6.98-18.7,16.07C257.46,482.22,58.99,283.75,49.39,37.63c9.09-1.39,16.07-9.22,16.07-18.7,0-10.46-8.48-18.94-18.94-18.94s-18.94,8.48-18.94,18.94c0,9.73,7.35,17.75,16.8,18.81.25,6.49.63,12.95,1.14,19.39v244.24c-3.8.49-6.74,3.73-6.74,7.67,0,4.28,3.47,7.74,7.74,7.74s7.74-3.47,7.74-7.74c0-3.94-2.94-7.18-6.74-7.67V77.21c5.33,44.02,16.72,86.84,34.08,127.89,24.09,56.95,58.57,108.1,102.49,152.02,43.92,43.92,95.07,78.41,152.02,102.49,42.36,17.92,86.62,29.49,132.12,34.58h-83.3c-.26-4.04-3.61-7.24-7.72-7.24s-7.74,3.47-7.74,7.74,3.47,7.74,7.74,7.74,7.46-3.2,7.72-7.24h93.24c2.92.27,5.84.51,8.77.72C236.03,512.61,32.63,705.79,0,952.12h337.98l140.39-304.08c17.28-37.45,70.52-37.45,87.81,0l140.38,304.08h337.98c-32.63-246.32-236.03-439.51-486.95-456.2Z\"><\/path><\/svg>\t\t\t<\/div>\n\t\t<\/div>\n\t\t\t\t\t\t<\/div>\n\t\t\t\t<\/div>\n\t\t\t\t<div class=\"elementor-element elementor-element-18db715 elementor-widget__width-initial elementor-widget elementor-widget-heading\" data-id=\"18db715\" data-element_type=\"widget\" data-e-type=\"widget\" data-widget_type=\"heading.default\">\n\t\t\t\t<div class=\"elementor-widget-container\">\n\t\t\t\t\t<h2 class=\"elementor-heading-title elementor-size-default\">Identidad<\/h2>\t\t\t\t<\/div>\n\t\t\t\t<\/div>\n\t\t\t\t<div class=\"elementor-element elementor-element-27a26f9 elementor-widget elementor-widget-text-editor\" data-id=\"27a26f9\" data-element_type=\"widget\" data-e-type=\"widget\" data-widget_type=\"text-editor.default\">\n\t\t\t\t<div class=\"elementor-widget-container\">\n\t\t\t\t\t\t\t\t\t<p>conecta y evoluciona tu identidad bajo una direcci\u00f3n con cimientos s\u00f3lidos, obteniendo como resultado una trayectoria de generaciones.<\/p>\t\t\t\t\t\t\t\t<\/div>\n\t\t\t\t<\/div>\n\t\t\t\t<div class=\"elementor-element elementor-element-e98f21a elementor-align-center elementor-widget__width-initial elementor-widget elementor-widget-button\" data-id=\"e98f21a\" data-element_type=\"widget\" data-e-type=\"widget\" data-widget_type=\"button.default\">\n\t\t\t\t<div class=\"elementor-widget-container\">\n\t\t\t\t\t\t\t\t\t<div class=\"elementor-button-wrapper\">\n\t\t\t\t\t<a class=\"elementor-button elementor-button-link elementor-size-sm\" href=\"https:\/\/yethstudio.com\/en\/arches\/\">\n\t\t\t\t\t\t<span class=\"elementor-button-content-wrapper\">\n\t\t\t\t\t\t<span class=\"elementor-button-icon\">\n\t\t\t\t<i aria-hidden=\"true\" class=\"fab fa-buffer\"><\/i>\t\t\t<\/span>\n\t\t\t\t\t\t\t\t\t<span class=\"elementor-button-text\">Imagotipo<\/span>\n\t\t\t\t\t<\/span>\n\t\t\t\t\t<\/a>\n\t\t\t\t<\/div>\n\t\t\t\t\t\t\t\t<\/div>\n\t\t\t\t<\/div>\n\t\t\t\t<\/div>\n\t\t\t\t\t<\/div>\n\t\t\t\t<\/div>\n\t\t<div class=\"elementor-element elementor-element-71ce258 e-flex e-con-boxed e-con e-parent\" data-id=\"71ce258\" data-element_type=\"container\" data-e-type=\"container\" data-settings=\"{&quot;background_background&quot;:&quot;video&quot;,&quot;background_play_on_mobile&quot;:&quot;yes&quot;}\">\n\t\t\t\t\t<div class=\"e-con-inner\">\n\t\t<div class=\"elementor-element elementor-element-b6feabb e-con-full e-flex e-con e-child\" data-id=\"b6feabb\" data-element_type=\"container\" data-e-type=\"container\">\n\t\t\t\t<div class=\"elementor-element elementor-element-4319a98 elementor-widget elementor-widget-heading\" data-id=\"4319a98\" data-element_type=\"widget\" data-e-type=\"widget\" data-widget_type=\"heading.default\">\n\t\t\t\t<div class=\"elementor-widget-container\">\n\t\t\t\t\t<h2 class=\"elementor-heading-title elementor-size-default\">Brief<\/h2>\t\t\t\t<\/div>\n\t\t\t\t<\/div>\n\t\t\t\t<div class=\"elementor-element elementor-element-72f81a1 elementor-widget elementor-widget-text-editor\" data-id=\"72f81a1\" data-element_type=\"widget\" data-e-type=\"widget\" data-widget_type=\"text-editor.default\">\n\t\t\t\t<div class=\"elementor-widget-container\">\n\t\t\t\t\t\t\t\t\t<p>Partimos desde la recopilaci\u00f3n de datos bajo preguntas claves, an\u00e1lisis y normativas que nos dirigir\u00e1n al ADN de tu nueva marca. Manteniendo presentes principios claves:<\/p>\t\t\t\t\t\t\t\t<\/div>\n\t\t\t\t<\/div>\n\t\t\t\t<div class=\"elementor-element elementor-element-66cf3b3 elementor-widget elementor-widget-eael-adv-accordion\" data-id=\"66cf3b3\" data-element_type=\"widget\" data-e-type=\"widget\" data-widget_type=\"eael-adv-accordion.default\">\n\t\t\t\t<div class=\"elementor-widget-container\">\n\t\t\t\t\t            <div class=\"eael-adv-accordion\" id=\"eael-adv-accordion-66cf3b3\" data-scroll-on-click=\"\" data-scroll-speed=\"300\" data-accordion-id=\"66cf3b3\" data-accordion-type=\"accordion\" data-toogle-speed=\"300\">\n            <div class=\"eael-accordion-list\">\n\t\t\t\t\t<div id=\"qu-es\" class=\"elementor-tab-title eael-accordion-header\" tabindex=\"0\" data-tab=\"1\" aria-controls=\"elementor-tab-content-1071\"><span class=\"eael-advanced-accordion-icon-closed\"><\/span><span class=\"eael-advanced-accordion-icon-opened\"><\/span><span class=\"eael-accordion-tab-title\">\u00bfQu\u00e9 es?<\/span><\/div><div id=\"elementor-tab-content-1071\" class=\"eael-accordion-content clearfix\" data-tab=\"1\" aria-labelledby=\"qu-es\"><p>Descripci\u00f3n del nombre y filosof\u00eda de tu marca, as\u00ed mismo su clasificaci\u00f3n: producto o servicio.<\/p><\/div>\n\t\t\t\t\t<\/div><div class=\"eael-accordion-list\">\n\t\t\t\t\t<div id=\"para-qu-es\" class=\"elementor-tab-title eael-accordion-header\" tabindex=\"0\" data-tab=\"2\" aria-controls=\"elementor-tab-content-1072\"><span class=\"eael-advanced-accordion-icon-closed\"><\/span><span class=\"eael-advanced-accordion-icon-opened\"><\/span><span class=\"eael-accordion-tab-title\">\u00bfPara qu\u00e9 es?<\/span><\/div><div id=\"elementor-tab-content-1072\" class=\"eael-accordion-content clearfix\" data-tab=\"2\" aria-labelledby=\"para-qu-es\"><p>Soluci\u00f3n que brindar\u00e1 hacia \u201cx\u201d necesidad.<\/p><\/div>\n\t\t\t\t\t<\/div><div class=\"eael-accordion-list\">\n\t\t\t\t\t<div id=\"para-quin-es\" class=\"elementor-tab-title eael-accordion-header\" tabindex=\"0\" data-tab=\"3\" aria-controls=\"elementor-tab-content-1073\"><span class=\"eael-advanced-accordion-icon-closed\"><\/span><span class=\"eael-advanced-accordion-icon-opened\"><\/span><span class=\"eael-accordion-tab-title\">\u00bfPara qui\u00e9n es?<\/span><\/div><div id=\"elementor-tab-content-1073\" class=\"eael-accordion-content clearfix\" data-tab=\"3\" aria-labelledby=\"para-quin-es\"><p>Segmento de mercado al que est\u00e1 dirigido .<\/p><\/div>\n\t\t\t\t\t<\/div><\/div>\t\t\t\t<\/div>\n\t\t\t\t<\/div>\n\t\t\t\t<\/div>\n\t\t<div class=\"elementor-element elementor-element-ac858ed e-con-full e-flex e-con e-child\" data-id=\"ac858ed\" data-element_type=\"container\" data-e-type=\"container\">\n\t\t\t\t<\/div>\n\t\t\t\t\t<\/div>\n\t\t\t\t<\/div>\n\t\t\t\t<\/div>","protected":false},"excerpt":{"rendered":"<p>\u00bfQu\u00e9 eres si no te pueden identificar? Creamos experiencias visuales, lo que dise\u00f1amos no solo es un logo (logotipo, imagotipo, Isotipo, Isologo). Son formas y trazos que forjan el camino hacia un nuevo mundo. Identidad conecta y evoluciona tu identidad bajo una direcci\u00f3n con cimientos s\u00f3lidos, obteniendo como resultado una trayectoria de generaciones. Imagotipo Brief [&hellip;]<\/p>\n","protected":false},"author":1,"featured_media":12052,"parent":0,"menu_order":0,"comment_status":"closed","ping_status":"closed","template":"","meta":{"_eb_attr":"","_monsterinsights_skip_tracking":false,"_monsterinsights_sitenote_active":false,"_monsterinsights_sitenote_note":"","_monsterinsights_sitenote_category":0,"_uf_show_specific_survey":0,"_uf_disable_surveys":false,"footnotes":""},"class_list":["post-11884","page","type-page","status-publish","has-post-thumbnail","hentry"],"blocksy_meta":[],"_links":{"self":[{"href":"https:\/\/yethstudio.com\/en\/wp-json\/wp\/v2\/pages\/11884","targetHints":{"allow":["GET"]}}],"collection":[{"href":"https:\/\/yethstudio.com\/en\/wp-json\/wp\/v2\/pages"}],"about":[{"href":"https:\/\/yethstudio.com\/en\/wp-json\/wp\/v2\/types\/page"}],"author":[{"embeddable":true,"href":"https:\/\/yethstudio.com\/en\/wp-json\/wp\/v2\/users\/1"}],"replies":[{"embeddable":true,"href":"https:\/\/yethstudio.com\/en\/wp-json\/wp\/v2\/comments?post=11884"}],"version-history":[{"count":430,"href":"https:\/\/yethstudio.com\/en\/wp-json\/wp\/v2\/pages\/11884\/revisions"}],"predecessor-version":[{"id":16156,"href":"https:\/\/yethstudio.com\/en\/wp-json\/wp\/v2\/pages\/11884\/revisions\/16156"}],"wp:featuredmedia":[{"embeddable":true,"href":"https:\/\/yethstudio.com\/en\/wp-json\/wp\/v2\/media\/12052"}],"wp:attachment":[{"href":"https:\/\/yethstudio.com\/en\/wp-json\/wp\/v2\/media?parent=11884"}],"curies":[{"name":"wp","href":"https:\/\/api.w.org\/{rel}","templated":true}]}}