{"id":14276,"date":"2025-10-12T16:21:30","date_gmt":"2025-10-12T22:21:30","guid":{"rendered":"https:\/\/yethstudio.com\/?page_id=14276"},"modified":"2026-04-11T10:14:35","modified_gmt":"2026-04-11T16:14:35","slug":"home-2","status":"publish","type":"page","link":"https:\/\/yethstudio.com\/en\/","title":{"rendered":"YETH STUDIO"},"content":{"rendered":"<div data-elementor-type=\"wp-page\" data-elementor-id=\"14276\" class=\"elementor elementor-14276\">\n\t\t\t\t<div class=\"elementor-element elementor-element-9c3ad9c e-con-full e-flex e-con e-parent\" data-id=\"9c3ad9c\" data-element_type=\"container\" data-e-type=\"container\" data-settings=\"{&quot;background_background&quot;:&quot;classic&quot;}\">\n\t\t<div class=\"elementor-element elementor-element-55a9d55 e-con-full e-flex e-con e-child\" data-id=\"55a9d55\" data-element_type=\"container\" data-e-type=\"container\">\n\t\t\t\t<div class=\"elementor-element elementor-element-703a87d elementor-widget-tablet__width-initial elementor-widget__width-initial elementor-widget elementor-widget-video\" data-id=\"703a87d\" data-element_type=\"widget\" data-e-type=\"widget\" data-settings=\"{&quot;video_type&quot;:&quot;hosted&quot;,&quot;autoplay&quot;:&quot;yes&quot;,&quot;mute&quot;:&quot;yes&quot;,&quot;loop&quot;:&quot;yes&quot;}\" data-widget_type=\"video.default\">\n\t\t\t\t<div class=\"elementor-widget-container\">\n\t\t\t\t\t\t\t<div class=\"e-hosted-video elementor-wrapper elementor-open-inline\">\n\t\t\t\t\t<video class=\"elementor-video\" src=\"https:\/\/yethstudio.com\/wp-content\/uploads\/2025\/05\/reel-animacion-2D-YETH-STUDIO.mp4\" autoplay=\"\" loop=\"\" muted=\"muted\" controlslist=\"nodownload\"><\/video>\n\t\t\t\t<\/div>\n\t\t\t\t\t\t<\/div>\n\t\t\t\t<\/div>\n\t\t\t\t<\/div>\n\t\t<div class=\"elementor-element elementor-element-21033dd e-con-full e-flex e-con e-child\" data-id=\"21033dd\" data-element_type=\"container\" data-e-type=\"container\">\n\t\t\t\t<div class=\"elementor-element elementor-element-7bacb89 elementor-widget elementor-widget-heading\" data-id=\"7bacb89\" data-element_type=\"widget\" data-e-type=\"widget\" data-widget_type=\"heading.default\">\n\t\t\t\t<div class=\"elementor-widget-container\">\n\t\t\t\t\t<h2 class=\"elementor-heading-title elementor-size-default\">Tu \u00e9xito empieza  aqu\u00ed<\/h2>\t\t\t\t<\/div>\n\t\t\t\t<\/div>\n\t\t\t\t<div class=\"elementor-element elementor-element-8818ef7 elementor-widget elementor-widget-text-editor\" data-id=\"8818ef7\" data-element_type=\"widget\" data-e-type=\"widget\" data-widget_type=\"text-editor.default\">\n\t\t\t\t<div class=\"elementor-widget-container\">\n\t\t\t\t\t\t\t\t\t<p>Crea, Innova,\u00a0 Impacta.<\/p>\t\t\t\t\t\t\t\t<\/div>\n\t\t\t\t<\/div>\n\t\t\t\t<\/div>\n\t\t\t\t<\/div>\n\t\t<div class=\"elementor-element elementor-element-5a86a7a e-con-full e-flex e-con e-parent\" data-id=\"5a86a7a\" data-element_type=\"container\" data-e-type=\"container\" data-settings=\"{&quot;background_background&quot;:&quot;classic&quot;}\">\n\t\t<div class=\"elementor-element elementor-element-de7d792 e-con-full e-flex e-con e-child\" data-id=\"de7d792\" data-element_type=\"container\" data-e-type=\"container\" data-settings=\"{&quot;background_background&quot;:&quot;video&quot;,&quot;background_video_link&quot;:&quot;https:\\\/\\\/yethstudio.com\\\/wp-content\\\/uploads\\\/2026\\\/04\\\/patrones-black-2.mp4&quot;,&quot;background_play_on_mobile&quot;:&quot;yes&quot;}\">\n\t\t<div class=\"elementor-background-video-container\">\n\t\t\t\t\t\t\t<video class=\"elementor-background-video-hosted\" role=\"presentation\" autoplay muted playsinline loop><\/video>\n\t\t\t\t\t<\/div>\t\t<div class=\"elementor-element elementor-element-b7e9aa9 elementor-widget elementor-widget-heading\" data-id=\"b7e9aa9\" data-element_type=\"widget\" data-e-type=\"widget\" data-widget_type=\"heading.default\">\n\t\t\t\t<div class=\"elementor-widget-container\">\n\t\t\t\t\t<h2 class=\"elementor-heading-title elementor-size-default\">Creaci\u00f3n de identidad visual y  corporativa<\/h2>\t\t\t\t<\/div>\n\t\t\t\t<\/div>\n\t\t\t\t<div class=\"elementor-element elementor-element-b53a056 elementor-widget elementor-widget-text-editor\" data-id=\"b53a056\" data-element_type=\"widget\" data-e-type=\"widget\" data-widget_type=\"text-editor.default\">\n\t\t\t\t<div class=\"elementor-widget-container\">\n\t\t\t\t\t\t\t\t\t<p>Crea con nosotros, desarrollemos la identidad de tu empresa con cimientos solidos<\/p>\t\t\t\t\t\t\t\t<\/div>\n\t\t\t\t<\/div>\n\t\t\t\t<div class=\"elementor-element elementor-element-2022dd7 elementor-mobile-align-center elementor-tablet-align-left elementor-widget-tablet__width-initial elementor-widget elementor-widget-button\" data-id=\"2022dd7\" data-element_type=\"widget\" data-e-type=\"widget\" data-widget_type=\"button.default\">\n\t\t\t\t<div class=\"elementor-widget-container\">\n\t\t\t\t\t\t\t\t\t<div class=\"elementor-button-wrapper\">\n\t\t\t\t\t<a class=\"elementor-button elementor-button-link elementor-size-sm\" href=\"https:\/\/yethstudio.com\/en\/contact\/\">\n\t\t\t\t\t\t<span class=\"elementor-button-content-wrapper\">\n\t\t\t\t\t\t\t\t\t<span class=\"elementor-button-text\">Empezar ya<\/span>\n\t\t\t\t\t<\/span>\n\t\t\t\t\t<\/a>\n\t\t\t\t<\/div>\n\t\t\t\t\t\t\t\t<\/div>\n\t\t\t\t<\/div>\n\t\t\t\t<\/div>\n\t\t<div class=\"elementor-element elementor-element-04ff4b0 e-con-full e-flex e-con e-child\" data-id=\"04ff4b0\" data-element_type=\"container\" data-e-type=\"container\" data-settings=\"{&quot;background_background&quot;:&quot;gradient&quot;}\">\n\t\t\t\t<div class=\"elementor-element elementor-element-bad0314 elementor-widget elementor-widget-image\" data-id=\"bad0314\" data-element_type=\"widget\" data-e-type=\"widget\" data-widget_type=\"image.default\">\n\t\t\t\t<div class=\"elementor-widget-container\">\n\t\t\t\t\t\t\t\t\t\t\t\t\t\t\t<img fetchpriority=\"high\" decoding=\"async\" width=\"1536\" height=\"1536\" src=\"https:\/\/yethstudio.com\/wp-content\/uploads\/2025\/10\/iconos-YETH-STUDIO-WEBSITE-03-1536x1536.png\" class=\"attachment-1536x1536 size-1536x1536 wp-image-14699\" alt=\"\" srcset=\"https:\/\/yethstudio.com\/wp-content\/uploads\/2025\/10\/iconos-YETH-STUDIO-WEBSITE-03-1536x1536.png 1536w, https:\/\/yethstudio.com\/wp-content\/uploads\/2025\/10\/iconos-YETH-STUDIO-WEBSITE-03-300x300.png 300w, https:\/\/yethstudio.com\/wp-content\/uploads\/2025\/10\/iconos-YETH-STUDIO-WEBSITE-03-1024x1024.png 1024w, https:\/\/yethstudio.com\/wp-content\/uploads\/2025\/10\/iconos-YETH-STUDIO-WEBSITE-03-150x150.png 150w, https:\/\/yethstudio.com\/wp-content\/uploads\/2025\/10\/iconos-YETH-STUDIO-WEBSITE-03-768x768.png 768w, https:\/\/yethstudio.com\/wp-content\/uploads\/2025\/10\/iconos-YETH-STUDIO-WEBSITE-03-2048x2048.png 2048w, https:\/\/yethstudio.com\/wp-content\/uploads\/2025\/10\/iconos-YETH-STUDIO-WEBSITE-03-12x12.png 12w, https:\/\/yethstudio.com\/wp-content\/uploads\/2025\/10\/iconos-YETH-STUDIO-WEBSITE-03-600x600.png 600w, https:\/\/yethstudio.com\/wp-content\/uploads\/2025\/10\/iconos-YETH-STUDIO-WEBSITE-03-100x100.png 100w\" sizes=\"(max-width: 1536px) 100vw, 1536px\" \/>\t\t\t\t\t\t\t\t\t\t\t\t\t\t\t<\/div>\n\t\t\t\t<\/div>\n\t\t\t\t<div class=\"elementor-element elementor-element-0aa18ee elementor-widget elementor-widget-heading\" data-id=\"0aa18ee\" data-element_type=\"widget\" data-e-type=\"widget\" data-widget_type=\"heading.default\">\n\t\t\t\t<div class=\"elementor-widget-container\">\n\t\t\t\t\t<h2 class=\"elementor-heading-title elementor-size-default\">Hey<\/h2>\t\t\t\t<\/div>\n\t\t\t\t<\/div>\n\t\t\t\t<div class=\"elementor-element elementor-element-97526d2 elementor-widget elementor-widget-text-editor\" data-id=\"97526d2\" data-element_type=\"widget\" data-e-type=\"widget\" data-widget_type=\"text-editor.default\">\n\t\t\t\t<div class=\"elementor-widget-container\">\n\t\t\t\t\t\t\t\t\t<p>Da a tu visi\u00f3n un salto de realidad con profesionales certificados en el \u00e1rea grafica<\/p>\t\t\t\t\t\t\t\t<\/div>\n\t\t\t\t<\/div>\n\t\t\t\t<\/div>\n\t\t<div class=\"elementor-element elementor-element-ddcbf66 e-con-full e-flex e-con e-child\" data-id=\"ddcbf66\" data-element_type=\"container\" data-e-type=\"container\" data-settings=\"{&quot;background_background&quot;:&quot;classic&quot;}\">\n\t\t\t\t<div class=\"elementor-element elementor-element-9247c15 elementor-widget elementor-widget-image\" data-id=\"9247c15\" data-element_type=\"widget\" data-e-type=\"widget\" data-widget_type=\"image.default\">\n\t\t\t\t<div class=\"elementor-widget-container\">\n\t\t\t\t\t\t\t\t\t\t\t\t\t\t\t<img decoding=\"async\" width=\"1536\" height=\"1536\" src=\"https:\/\/yethstudio.com\/wp-content\/uploads\/2025\/10\/iconos-YETH-STUDIO-WEBSITE-04-1536x1536.png\" class=\"attachment-1536x1536 size-1536x1536 wp-image-14689\" alt=\"\" srcset=\"https:\/\/yethstudio.com\/wp-content\/uploads\/2025\/10\/iconos-YETH-STUDIO-WEBSITE-04-1536x1536.png 1536w, https:\/\/yethstudio.com\/wp-content\/uploads\/2025\/10\/iconos-YETH-STUDIO-WEBSITE-04-300x300.png 300w, https:\/\/yethstudio.com\/wp-content\/uploads\/2025\/10\/iconos-YETH-STUDIO-WEBSITE-04-1024x1024.png 1024w, https:\/\/yethstudio.com\/wp-content\/uploads\/2025\/10\/iconos-YETH-STUDIO-WEBSITE-04-150x150.png 150w, https:\/\/yethstudio.com\/wp-content\/uploads\/2025\/10\/iconos-YETH-STUDIO-WEBSITE-04-768x768.png 768w, https:\/\/yethstudio.com\/wp-content\/uploads\/2025\/10\/iconos-YETH-STUDIO-WEBSITE-04-2048x2048.png 2048w, https:\/\/yethstudio.com\/wp-content\/uploads\/2025\/10\/iconos-YETH-STUDIO-WEBSITE-04-12x12.png 12w, https:\/\/yethstudio.com\/wp-content\/uploads\/2025\/10\/iconos-YETH-STUDIO-WEBSITE-04-600x600.png 600w, https:\/\/yethstudio.com\/wp-content\/uploads\/2025\/10\/iconos-YETH-STUDIO-WEBSITE-04-100x100.png 100w\" sizes=\"(max-width: 1536px) 100vw, 1536px\" \/>\t\t\t\t\t\t\t\t\t\t\t\t\t\t\t<\/div>\n\t\t\t\t<\/div>\n\t\t\t\t<div class=\"elementor-element elementor-element-86b7e62 elementor-widget elementor-widget-heading\" data-id=\"86b7e62\" data-element_type=\"widget\" data-e-type=\"widget\" data-widget_type=\"heading.default\">\n\t\t\t\t<div class=\"elementor-widget-container\">\n\t\t\t\t\t<h2 class=\"elementor-heading-title elementor-size-default\">We are developers of visual experiences<\/h2>\t\t\t\t<\/div>\n\t\t\t\t<\/div>\n\t\t\t\t<div class=\"elementor-element elementor-element-bd30a0c elementor-widget elementor-widget-text-editor\" data-id=\"bd30a0c\" data-element_type=\"widget\" data-e-type=\"widget\" data-widget_type=\"text-editor.default\">\n\t\t\t\t<div class=\"elementor-widget-container\">\n\t\t\t\t\t\t\t\t\t<p>Un estudio gr\u00e1fico comprometido en dise\u00f1ar, construir y transformar el ADN de tu identidad con un lenguaje visual genuino.<\/p>\t\t\t\t\t\t\t\t<\/div>\n\t\t\t\t<\/div>\n\t\t\t\t<\/div>\n\t\t\t\t<\/div>\n\t\t<div class=\"elementor-element elementor-element-7c3fe78 e-flex e-con-boxed e-con e-parent\" data-id=\"7c3fe78\" data-element_type=\"container\" data-e-type=\"container\" data-settings=\"{&quot;background_background&quot;:&quot;classic&quot;}\">\n\t\t\t\t\t<div class=\"e-con-inner\">\n\t\t<div class=\"elementor-element elementor-element-d5fbb0e e-con-full e-flex e-con e-child\" data-id=\"d5fbb0e\" data-element_type=\"container\" data-e-type=\"container\">\n\t\t<div class=\"elementor-element elementor-element-eb3e4bc e-con-full e-flex e-con e-child\" data-id=\"eb3e4bc\" data-element_type=\"container\" data-e-type=\"container\" data-settings=\"{&quot;animation&quot;:&quot;none&quot;}\">\n\t\t\t\t<div class=\"elementor-element elementor-element-5989693 elementor-widget elementor-widget-heading\" data-id=\"5989693\" data-element_type=\"widget\" data-e-type=\"widget\" data-widget_type=\"heading.default\">\n\t\t\t\t<div class=\"elementor-widget-container\">\n\t\t\t\t\t<h2 class=\"elementor-heading-title elementor-size-default\">Our mission<\/h2>\t\t\t\t<\/div>\n\t\t\t\t<\/div>\n\t\t\t\t<div class=\"elementor-element elementor-element-ffebf91 elementor-widget elementor-widget-text-editor\" data-id=\"ffebf91\" data-element_type=\"widget\" data-e-type=\"widget\" data-widget_type=\"text-editor.default\">\n\t\t\t\t<div class=\"elementor-widget-container\">\n\t\t\t\t\t\t\t\t\t<p>Crear dise\u00f1os innovadores que generen fuerte impacto en el segmento de mercado de nuestros clientes, con constante calidad y mejora continua en todos nuestros servicios de dise\u00f1o y producci\u00f3n.<\/p>\t\t\t\t\t\t\t\t<\/div>\n\t\t\t\t<\/div>\n\t\t\t\t<\/div>\n\t\t<div class=\"elementor-element elementor-element-8f069e5 e-con-full e-flex e-con e-child\" data-id=\"8f069e5\" data-element_type=\"container\" data-e-type=\"container\">\n\t\t\t\t<div class=\"elementor-element elementor-element-a58137a elementor-widget elementor-widget-image\" data-id=\"a58137a\" data-element_type=\"widget\" data-e-type=\"widget\" data-widget_type=\"image.default\">\n\t\t\t\t<div class=\"elementor-widget-container\">\n\t\t\t\t\t\t\t\t\t\t\t\t\t\t\t<img decoding=\"async\" width=\"1024\" height=\"1024\" src=\"https:\/\/yethstudio.com\/wp-content\/uploads\/2023\/09\/unicor-YETH-STUDIO-30-fps0041-1024x1024.png\" class=\"attachment-large size-large wp-image-1635\" alt=\"\" srcset=\"https:\/\/yethstudio.com\/wp-content\/uploads\/2023\/09\/unicor-YETH-STUDIO-30-fps0041-1024x1024.png 1024w, https:\/\/yethstudio.com\/wp-content\/uploads\/2023\/09\/unicor-YETH-STUDIO-30-fps0041-100x100.png 100w, https:\/\/yethstudio.com\/wp-content\/uploads\/2023\/09\/unicor-YETH-STUDIO-30-fps0041-600x600.png 600w, https:\/\/yethstudio.com\/wp-content\/uploads\/2023\/09\/unicor-YETH-STUDIO-30-fps0041-300x300.png 300w, https:\/\/yethstudio.com\/wp-content\/uploads\/2023\/09\/unicor-YETH-STUDIO-30-fps0041-150x150.png 150w, https:\/\/yethstudio.com\/wp-content\/uploads\/2023\/09\/unicor-YETH-STUDIO-30-fps0041-768x768.png 768w, https:\/\/yethstudio.com\/wp-content\/uploads\/2023\/09\/unicor-YETH-STUDIO-30-fps0041.png 1080w\" sizes=\"(max-width: 1024px) 100vw, 1024px\" \/>\t\t\t\t\t\t\t\t\t\t\t\t\t\t\t<\/div>\n\t\t\t\t<\/div>\n\t\t\t\t<\/div>\n\t\t\t\t<\/div>\n\t\t\t\t\t<\/div>\n\t\t\t\t<\/div>\n\t\t<div class=\"elementor-element elementor-element-d962c40 e-flex e-con-boxed e-con e-parent\" data-id=\"d962c40\" data-element_type=\"container\" data-e-type=\"container\" data-settings=\"{&quot;background_background&quot;:&quot;classic&quot;}\">\n\t\t\t\t\t<div class=\"e-con-inner\">\n\t\t\t\t<div class=\"elementor-element elementor-element-f675990 elementor-widget elementor-widget-heading\" data-id=\"f675990\" data-element_type=\"widget\" data-e-type=\"widget\" data-widget_type=\"heading.default\">\n\t\t\t\t<div class=\"elementor-widget-container\">\n\t\t\t\t\t<h3 class=\"elementor-heading-title elementor-size-default\">Marcas para las que hemos dise\u00f1ado<\/h3>\t\t\t\t<\/div>\n\t\t\t\t<\/div>\n\t\t\t\t\t<\/div>\n\t\t\t\t<\/div>\n\t\t<div class=\"elementor-element elementor-element-d543f69 e-con-full e-flex e-con e-parent\" data-id=\"d543f69\" data-element_type=\"container\" data-e-type=\"container\" data-settings=\"{&quot;background_background&quot;:&quot;classic&quot;}\">\n\t\t\t\t<div class=\"elementor-element elementor-element-08050ec elementor-widget elementor-widget-image-carousel\" data-id=\"08050ec\" data-element_type=\"widget\" data-e-type=\"widget\" data-settings=\"{&quot;slides_to_show&quot;:&quot;4&quot;,&quot;slides_to_show_mobile&quot;:&quot;3&quot;,&quot;slides_to_scroll&quot;:&quot;1&quot;,&quot;navigation&quot;:&quot;none&quot;,&quot;autoplay_speed&quot;:500,&quot;speed&quot;:7000,&quot;image_spacing_custom&quot;:{&quot;unit&quot;:&quot;px&quot;,&quot;size&quot;:100,&quot;sizes&quot;:[]},&quot;image_spacing_custom_tablet&quot;:{&quot;unit&quot;:&quot;px&quot;,&quot;size&quot;:70,&quot;sizes&quot;:[]},&quot;image_spacing_custom_mobile&quot;:{&quot;unit&quot;:&quot;px&quot;,&quot;size&quot;:33,&quot;sizes&quot;:[]},&quot;slides_to_show_tablet&quot;:&quot;4&quot;,&quot;autoplay&quot;:&quot;yes&quot;,&quot;pause_on_hover&quot;:&quot;yes&quot;,&quot;pause_on_interaction&quot;:&quot;yes&quot;,&quot;infinite&quot;:&quot;yes&quot;}\" data-widget_type=\"image-carousel.default\">\n\t\t\t\t<div class=\"elementor-widget-container\">\n\t\t\t\t\t\t\t<div class=\"elementor-image-carousel-wrapper swiper\" role=\"region\" aria-roledescription=\"carousel\" aria-label=\"Carrusel de im\u00e1genes\" dir=\"ltr\">\n\t\t\t<div class=\"elementor-image-carousel swiper-wrapper\" aria-live=\"off\">\n\t\t\t\t\t\t\t\t<div class=\"swiper-slide\" role=\"group\" aria-roledescription=\"slide\" aria-label=\"1 de 4\"><figure class=\"swiper-slide-inner\"><img decoding=\"async\" class=\"swiper-slide-image\" src=\"https:\/\/yethstudio.com\/wp-content\/uploads\/2025\/10\/clientes-logos-YETH-STUDIO_1-1024x439.png\" alt=\"clientes logos - YETH STUDIO_1\" \/><\/figure><\/div><div class=\"swiper-slide\" role=\"group\" aria-roledescription=\"slide\" aria-label=\"2 de 4\"><figure class=\"swiper-slide-inner\"><img decoding=\"async\" class=\"swiper-slide-image\" src=\"https:\/\/yethstudio.com\/wp-content\/uploads\/2025\/10\/clientes-logos-YETH-STUDIO-02-1024x439.png\" alt=\"clientes logos - YETH STUDIO-02\" \/><\/figure><\/div><div class=\"swiper-slide\" role=\"group\" aria-roledescription=\"slide\" aria-label=\"3 de 4\"><figure class=\"swiper-slide-inner\"><img decoding=\"async\" class=\"swiper-slide-image\" src=\"https:\/\/yethstudio.com\/wp-content\/uploads\/2025\/10\/clientes-logos-YETH-STUDIO-03-1024x439.png\" alt=\"clientes logos - YETH STUDIO-03\" \/><\/figure><\/div><div class=\"swiper-slide\" role=\"group\" aria-roledescription=\"slide\" aria-label=\"4 de 4\"><figure class=\"swiper-slide-inner\"><img decoding=\"async\" class=\"swiper-slide-image\" src=\"https:\/\/yethstudio.com\/wp-content\/uploads\/2025\/10\/clientes-logos-YETH-STUDIO-04-1024x439.png\" alt=\"clientes logos - YETH STUDIO-04\" \/><\/figure><\/div>\t\t\t<\/div>\n\t\t\t\t\t\t\t\n\t\t\t\t\t\t\t\t\t<\/div>\n\t\t\t\t\t\t<\/div>\n\t\t\t\t<\/div>\n\t\t\t\t<div class=\"elementor-element elementor-element-7f45e72 elementor-widget elementor-widget-image-carousel\" data-id=\"7f45e72\" data-element_type=\"widget\" data-e-type=\"widget\" data-settings=\"{&quot;slides_to_show&quot;:&quot;4&quot;,&quot;slides_to_show_mobile&quot;:&quot;3&quot;,&quot;slides_to_scroll&quot;:&quot;1&quot;,&quot;navigation&quot;:&quot;none&quot;,&quot;autoplay_speed&quot;:500,&quot;speed&quot;:7000,&quot;image_spacing_custom&quot;:{&quot;unit&quot;:&quot;px&quot;,&quot;size&quot;:100,&quot;sizes&quot;:[]},&quot;image_spacing_custom_tablet&quot;:{&quot;unit&quot;:&quot;px&quot;,&quot;size&quot;:70,&quot;sizes&quot;:[]},&quot;image_spacing_custom_mobile&quot;:{&quot;unit&quot;:&quot;px&quot;,&quot;size&quot;:33,&quot;sizes&quot;:[]},&quot;slides_to_show_tablet&quot;:&quot;4&quot;,&quot;autoplay&quot;:&quot;yes&quot;,&quot;pause_on_hover&quot;:&quot;yes&quot;,&quot;pause_on_interaction&quot;:&quot;yes&quot;,&quot;infinite&quot;:&quot;yes&quot;}\" data-widget_type=\"image-carousel.default\">\n\t\t\t\t<div class=\"elementor-widget-container\">\n\t\t\t\t\t\t\t<div class=\"elementor-image-carousel-wrapper swiper\" role=\"region\" aria-roledescription=\"carousel\" aria-label=\"Carrusel de im\u00e1genes\" dir=\"rtl\">\n\t\t\t<div class=\"elementor-image-carousel swiper-wrapper\" aria-live=\"off\">\n\t\t\t\t\t\t\t\t<div class=\"swiper-slide\" role=\"group\" aria-roledescription=\"slide\" aria-label=\"1 de 4\"><figure class=\"swiper-slide-inner\"><img decoding=\"async\" class=\"swiper-slide-image\" src=\"https:\/\/yethstudio.com\/wp-content\/uploads\/2025\/10\/clientes-logos-YETH-STUDIO-09-1024x439.png\" alt=\"clientes logos - YETH STUDIO-09\" \/><\/figure><\/div><div class=\"swiper-slide\" role=\"group\" aria-roledescription=\"slide\" aria-label=\"2 de 4\"><figure class=\"swiper-slide-inner\"><img decoding=\"async\" class=\"swiper-slide-image\" src=\"https:\/\/yethstudio.com\/wp-content\/uploads\/2025\/10\/clientes-logos-YETH-STUDIO-10-1024x403.png\" alt=\"clientes logos - YETH STUDIO-10\" \/><\/figure><\/div><div class=\"swiper-slide\" role=\"group\" aria-roledescription=\"slide\" aria-label=\"3 de 4\"><figure class=\"swiper-slide-inner\"><img decoding=\"async\" class=\"swiper-slide-image\" src=\"https:\/\/yethstudio.com\/wp-content\/uploads\/2025\/10\/clientes-logos-YETH-STUDIO-11-1024x439.png\" alt=\"clientes logos - YETH STUDIO-11\" \/><\/figure><\/div><div class=\"swiper-slide\" role=\"group\" aria-roledescription=\"slide\" aria-label=\"4 de 4\"><figure class=\"swiper-slide-inner\"><img decoding=\"async\" class=\"swiper-slide-image\" src=\"https:\/\/yethstudio.com\/wp-content\/uploads\/2025\/10\/clientes-logos-YETH-STUDIO-12-1024x439.png\" alt=\"clientes logos - YETH STUDIO-12\" \/><\/figure><\/div>\t\t\t<\/div>\n\t\t\t\t\t\t\t\n\t\t\t\t\t\t\t\t\t<\/div>\n\t\t\t\t\t\t<\/div>\n\t\t\t\t<\/div>\n\t\t\t\t<div class=\"elementor-element elementor-element-87a3a82 elementor-widget elementor-widget-image-carousel\" data-id=\"87a3a82\" data-element_type=\"widget\" data-e-type=\"widget\" data-settings=\"{&quot;slides_to_show&quot;:&quot;4&quot;,&quot;slides_to_show_mobile&quot;:&quot;3&quot;,&quot;slides_to_scroll&quot;:&quot;1&quot;,&quot;navigation&quot;:&quot;none&quot;,&quot;autoplay_speed&quot;:500,&quot;speed&quot;:7000,&quot;image_spacing_custom&quot;:{&quot;unit&quot;:&quot;px&quot;,&quot;size&quot;:100,&quot;sizes&quot;:[]},&quot;image_spacing_custom_tablet&quot;:{&quot;unit&quot;:&quot;px&quot;,&quot;size&quot;:70,&quot;sizes&quot;:[]},&quot;image_spacing_custom_mobile&quot;:{&quot;unit&quot;:&quot;px&quot;,&quot;size&quot;:33,&quot;sizes&quot;:[]},&quot;slides_to_show_tablet&quot;:&quot;4&quot;,&quot;autoplay&quot;:&quot;yes&quot;,&quot;pause_on_hover&quot;:&quot;yes&quot;,&quot;pause_on_interaction&quot;:&quot;yes&quot;,&quot;infinite&quot;:&quot;yes&quot;}\" data-widget_type=\"image-carousel.default\">\n\t\t\t\t<div class=\"elementor-widget-container\">\n\t\t\t\t\t\t\t<div class=\"elementor-image-carousel-wrapper swiper\" role=\"region\" aria-roledescription=\"carousel\" aria-label=\"Carrusel de im\u00e1genes\" dir=\"ltr\">\n\t\t\t<div class=\"elementor-image-carousel swiper-wrapper\" aria-live=\"off\">\n\t\t\t\t\t\t\t\t<div class=\"swiper-slide\" role=\"group\" aria-roledescription=\"slide\" aria-label=\"1 de 4\"><figure class=\"swiper-slide-inner\"><img decoding=\"async\" class=\"swiper-slide-image\" src=\"https:\/\/yethstudio.com\/wp-content\/uploads\/2025\/10\/clientes-logos-YETH-STUDIO-05-768x329.png\" alt=\"clientes logos - YETH STUDIO-05\" \/><\/figure><\/div><div class=\"swiper-slide\" role=\"group\" aria-roledescription=\"slide\" aria-label=\"2 de 4\"><figure class=\"swiper-slide-inner\"><img decoding=\"async\" class=\"swiper-slide-image\" src=\"https:\/\/yethstudio.com\/wp-content\/uploads\/2025\/10\/clientes-logos-YETH-STUDIO-06-768x329.png\" alt=\"clientes logos - YETH STUDIO-06\" \/><\/figure><\/div><div class=\"swiper-slide\" role=\"group\" aria-roledescription=\"slide\" aria-label=\"3 de 4\"><figure class=\"swiper-slide-inner\"><img decoding=\"async\" class=\"swiper-slide-image\" src=\"https:\/\/yethstudio.com\/wp-content\/uploads\/2025\/10\/clientes-logos-YETH-STUDIO-07-768x329.png\" alt=\"clientes logos - YETH STUDIO-07\" \/><\/figure><\/div><div class=\"swiper-slide\" role=\"group\" aria-roledescription=\"slide\" aria-label=\"4 de 4\"><figure class=\"swiper-slide-inner\"><img decoding=\"async\" class=\"swiper-slide-image\" src=\"https:\/\/yethstudio.com\/wp-content\/uploads\/2025\/10\/clientes-logos-YETH-STUDIO-08-768x329.png\" alt=\"clientes logos - YETH STUDIO-08\" \/><\/figure><\/div>\t\t\t<\/div>\n\t\t\t\t\t\t\t\n\t\t\t\t\t\t\t\t\t<\/div>\n\t\t\t\t\t\t<\/div>\n\t\t\t\t<\/div>\n\t\t\t\t<\/div>\n\t\t\t\t<\/div>","protected":false},"excerpt":{"rendered":"<p>https:\/\/yethstudio.com\/wp-content\/uploads\/2025\/05\/reel-animacion-2D-YETH-STUDIO.mp4 Tu \u00e9xito empieza aqu\u00ed Crea, Innova,\u00a0 Impacta. Creaci\u00f3n de identidad visual y corporativa Crea con nosotros, desarrollemos la identidad de tu empresa con cimientos solidos Empezar ya Hey Da a tu visi\u00f3n un salto de realidad con profesionales certificados en el \u00e1rea grafica Somos desarrolladores de experiencias visuales Un estudio gr\u00e1fico comprometido en dise\u00f1ar, [&hellip;]<\/p>\n","protected":false},"author":1,"featured_media":3410,"parent":0,"menu_order":0,"comment_status":"closed","ping_status":"closed","template":"","meta":{"_eb_attr":"","_monsterinsights_skip_tracking":false,"_monsterinsights_sitenote_active":false,"_monsterinsights_sitenote_note":"","_monsterinsights_sitenote_category":0,"_uf_show_specific_survey":0,"_uf_disable_surveys":false,"footnotes":""},"class_list":["post-14276","page","type-page","status-publish","has-post-thumbnail","hentry"],"blocksy_meta":[],"_links":{"self":[{"href":"https:\/\/yethstudio.com\/en\/wp-json\/wp\/v2\/pages\/14276","targetHints":{"allow":["GET"]}}],"collection":[{"href":"https:\/\/yethstudio.com\/en\/wp-json\/wp\/v2\/pages"}],"about":[{"href":"https:\/\/yethstudio.com\/en\/wp-json\/wp\/v2\/types\/page"}],"author":[{"embeddable":true,"href":"https:\/\/yethstudio.com\/en\/wp-json\/wp\/v2\/users\/1"}],"replies":[{"embeddable":true,"href":"https:\/\/yethstudio.com\/en\/wp-json\/wp\/v2\/comments?post=14276"}],"version-history":[{"count":339,"href":"https:\/\/yethstudio.com\/en\/wp-json\/wp\/v2\/pages\/14276\/revisions"}],"predecessor-version":[{"id":16135,"href":"https:\/\/yethstudio.com\/en\/wp-json\/wp\/v2\/pages\/14276\/revisions\/16135"}],"wp:featuredmedia":[{"embeddable":true,"href":"https:\/\/yethstudio.com\/en\/wp-json\/wp\/v2\/media\/3410"}],"wp:attachment":[{"href":"https:\/\/yethstudio.com\/en\/wp-json\/wp\/v2\/media?parent=14276"}],"curies":[{"name":"wp","href":"https:\/\/api.w.org\/{rel}","templated":true}]}}