{"id":1966,"date":"2023-09-27T10:38:31","date_gmt":"2023-09-27T16:38:31","guid":{"rendered":"https:\/\/yethstudio.com\/?page_id=1966"},"modified":"2025-06-23T23:31:54","modified_gmt":"2025-06-24T05:31:54","slug":"comasa","status":"publish","type":"page","link":"https:\/\/yethstudio.com\/en\/comasa\/","title":{"rendered":"Comasa"},"content":{"rendered":"<div data-elementor-type=\"wp-page\" data-elementor-id=\"1966\" class=\"elementor elementor-1966\">\n\t\t\t\t<div class=\"elementor-element elementor-element-a9b9436 e-flex e-con-boxed e-con e-parent\" data-id=\"a9b9436\" data-element_type=\"container\" data-e-type=\"container\" data-settings=\"{&quot;background_background&quot;:&quot;gradient&quot;}\">\n\t\t\t\t\t<div class=\"e-con-inner\">\n\t\t\t\t<div class=\"elementor-element elementor-element-6551b80 elementor-widget elementor-widget-spacer\" data-id=\"6551b80\" data-element_type=\"widget\" data-e-type=\"widget\" data-widget_type=\"spacer.default\">\n\t\t\t\t<div class=\"elementor-widget-container\">\n\t\t\t\t\t\t\t<div class=\"elementor-spacer\">\n\t\t\t<div class=\"elementor-spacer-inner\"><\/div>\n\t\t<\/div>\n\t\t\t\t\t\t<\/div>\n\t\t\t\t<\/div>\n\t\t\t\t\t<\/div>\n\t\t\t\t<\/div>\n\t\t<div class=\"elementor-element elementor-element-c01795e e-flex e-con-boxed e-con e-parent\" data-id=\"c01795e\" data-element_type=\"container\" data-e-type=\"container\" data-settings=\"{&quot;background_background&quot;:&quot;gradient&quot;}\">\n\t\t\t\t\t<div class=\"e-con-inner\">\n\t\t<div class=\"elementor-element elementor-element-746dd40 e-con-full e-flex e-con e-child\" data-id=\"746dd40\" data-element_type=\"container\" data-e-type=\"container\">\n\t\t\t\t<div class=\"elementor-element elementor-element-760ef7c elementor-widget elementor-widget-heading\" data-id=\"760ef7c\" data-element_type=\"widget\" data-e-type=\"widget\" data-widget_type=\"heading.default\">\n\t\t\t\t<div class=\"elementor-widget-container\">\n\t\t\t\t\t<h2 class=\"elementor-heading-title elementor-size-default\">Comasa<\/h2>\t\t\t\t<\/div>\n\t\t\t\t<\/div>\n\t\t\t\t<div class=\"elementor-element elementor-element-6aff662 elementor-widget elementor-widget-text-editor\" data-id=\"6aff662\" data-element_type=\"widget\" data-e-type=\"widget\" data-widget_type=\"text-editor.default\">\n\t\t\t\t<div class=\"elementor-widget-container\">\n\t\t\t\t\t\t\t\t\t<div><span class=\"texteditor-inline-color\">Design of animations and corporate induction banners for Marca Comasa<\/span><\/div>\n<div>\u00a0<\/div>\n<div><span class=\"texteditor-inline-color\">Topic: corporate inductions<\/span><\/div>\n<div><span class=\"texteditor-inline-color\">General segment: Internal training<\/span><\/div>\n<div><span class=\"texteditor-inline-color\">Specific segment: Instruction to Company Personnel<\/span><\/div>\n<div>\u00a0<\/div>\n<div><span class=\"texteditor-inline-color\">In this project, instructive animations were made based on the internal rules and policies of the Comasa company, taking into account its work protocols with which its workers must comply, guaranteeing their better performance.<\/span><\/div>\n<div>\u00a0<\/div>\t\t\t\t\t\t\t\t<\/div>\n\t\t\t\t<\/div>\n\t\t\t\t<\/div>\n\t\t<div class=\"elementor-element elementor-element-b29d473 e-con-full e-flex e-con e-child\" data-id=\"b29d473\" data-element_type=\"container\" data-e-type=\"container\">\n\t\t\t\t<div class=\"elementor-element elementor-element-ebfe604 elementor-widget elementor-widget-image\" data-id=\"ebfe604\" data-element_type=\"widget\" data-e-type=\"widget\" data-widget_type=\"image.default\">\n\t\t\t\t<div class=\"elementor-widget-container\">\n\t\t\t\t\t\t\t\t\t\t\t\t\t\t\t<img fetchpriority=\"high\" decoding=\"async\" width=\"300\" height=\"300\" src=\"https:\/\/yethstudio.com\/wp-content\/uploads\/2023\/09\/logo-de-comasa-01-01.png\" class=\"attachment-large size-large wp-image-1725\" alt=\"\" srcset=\"https:\/\/yethstudio.com\/wp-content\/uploads\/2023\/09\/logo-de-comasa-01-01.png 300w, https:\/\/yethstudio.com\/wp-content\/uploads\/2023\/09\/logo-de-comasa-01-01-100x100.png 100w, https:\/\/yethstudio.com\/wp-content\/uploads\/2023\/09\/logo-de-comasa-01-01-150x150.png 150w\" sizes=\"(max-width: 300px) 100vw, 300px\" \/>\t\t\t\t\t\t\t\t\t\t\t\t\t\t\t<\/div>\n\t\t\t\t<\/div>\n\t\t\t\t<\/div>\n\t\t\t\t\t<\/div>\n\t\t\t\t<\/div>\n\t\t<div class=\"elementor-element elementor-element-ef18543 e-flex e-con-boxed e-con e-parent\" data-id=\"ef18543\" data-element_type=\"container\" data-e-type=\"container\" data-settings=\"{&quot;background_background&quot;:&quot;gradient&quot;}\">\n\t\t\t\t\t<div class=\"e-con-inner\">\n\t\t\t\t<div class=\"elementor-element elementor-element-40315e7 elementor-widget elementor-widget-video\" data-id=\"40315e7\" data-element_type=\"widget\" data-e-type=\"widget\" data-settings=\"{&quot;youtube_url&quot;:&quot;https:\\\/\\\/youtu.be\\\/iMVbIFBBFVg&quot;,&quot;autoplay&quot;:&quot;yes&quot;,&quot;video_type&quot;:&quot;youtube&quot;,&quot;controls&quot;:&quot;yes&quot;}\" data-widget_type=\"video.default\">\n\t\t\t\t<div class=\"elementor-widget-container\">\n\t\t\t\t\t\t\t<div class=\"elementor-wrapper elementor-open-inline\">\n\t\t\t<div class=\"elementor-video\"><\/div>\t\t<\/div>\n\t\t\t\t\t\t<\/div>\n\t\t\t\t<\/div>\n\t\t\t\t\t<\/div>\n\t\t\t\t<\/div>\n\t\t<div class=\"elementor-element elementor-element-91e1ddf e-flex e-con-boxed e-con e-parent\" data-id=\"91e1ddf\" data-element_type=\"container\" data-e-type=\"container\" data-settings=\"{&quot;background_background&quot;:&quot;gradient&quot;}\">\n\t\t\t\t\t<div class=\"e-con-inner\">\n\t\t\t\t<div class=\"elementor-element elementor-element-a55be29 elementor-widget elementor-widget-spacer\" data-id=\"a55be29\" data-element_type=\"widget\" data-e-type=\"widget\" data-widget_type=\"spacer.default\">\n\t\t\t\t<div class=\"elementor-widget-container\">\n\t\t\t\t\t\t\t<div class=\"elementor-spacer\">\n\t\t\t<div class=\"elementor-spacer-inner\"><\/div>\n\t\t<\/div>\n\t\t\t\t\t\t<\/div>\n\t\t\t\t<\/div>\n\t\t\t\t\t<\/div>\n\t\t\t\t<\/div>\n\t\t<div class=\"elementor-element elementor-element-67a936e e-flex e-con-boxed e-con e-parent\" data-id=\"67a936e\" data-element_type=\"container\" data-e-type=\"container\" data-settings=\"{&quot;background_background&quot;:&quot;gradient&quot;}\">\n\t\t\t\t\t<div class=\"e-con-inner\">\n\t\t<div class=\"elementor-element elementor-element-b638ac2 e-con-full e-flex e-con e-child\" data-id=\"b638ac2\" data-element_type=\"container\" data-e-type=\"container\">\n\t\t<div class=\"elementor-element elementor-element-b7decb5 e-con-full e-flex e-con e-child\" data-id=\"b7decb5\" data-element_type=\"container\" data-e-type=\"container\">\n\t\t\t\t<div class=\"elementor-element elementor-element-e6fa628 elementor-widget elementor-widget-heading\" data-id=\"e6fa628\" data-element_type=\"widget\" data-e-type=\"widget\" data-widget_type=\"heading.default\">\n\t\t\t\t<div class=\"elementor-widget-container\">\n\t\t\t\t\t<h1 class=\"elementor-heading-title elementor-size-default\">Animations for corporate inductions<\/h1>\t\t\t\t<\/div>\n\t\t\t\t<\/div>\n\t\t\t\t<div class=\"elementor-element elementor-element-e823a64 elementor-widget-tablet__width-initial elementor-widget elementor-widget-text-editor\" data-id=\"e823a64\" data-element_type=\"widget\" data-e-type=\"widget\" data-widget_type=\"text-editor.default\">\n\t\t\t\t<div class=\"elementor-widget-container\">\n\t\t\t\t\t\t\t\t\t<p>For more information or request click on the link button.<\/p>\t\t\t\t\t\t\t\t<\/div>\n\t\t\t\t<\/div>\n\t\t\t\t<div class=\"elementor-element elementor-element-278eb05 elementor-mobile-align-center elementor-widget elementor-widget-button\" data-id=\"278eb05\" data-element_type=\"widget\" data-e-type=\"widget\" data-widget_type=\"button.default\">\n\t\t\t\t<div class=\"elementor-widget-container\">\n\t\t\t\t\t\t\t\t\t<div class=\"elementor-button-wrapper\">\n\t\t\t\t\t<a class=\"elementor-button elementor-button-link elementor-size-sm\" href=\"https:\/\/yethstudio.com\/en\/contact\/\">\n\t\t\t\t\t\t<span class=\"elementor-button-content-wrapper\">\n\t\t\t\t\t\t\t\t\t<span class=\"elementor-button-text\">Application<\/span>\n\t\t\t\t\t<\/span>\n\t\t\t\t\t<\/a>\n\t\t\t\t<\/div>\n\t\t\t\t\t\t\t\t<\/div>\n\t\t\t\t<\/div>\n\t\t\t\t<\/div>\n\t\t\t\t<\/div>\n\t\t<div class=\"elementor-element elementor-element-aaae84f e-con-full e-flex e-con e-child\" data-id=\"aaae84f\" data-element_type=\"container\" data-e-type=\"container\">\n\t\t\t\t<div class=\"elementor-element elementor-element-2df30ff elementor-widget elementor-widget-image\" data-id=\"2df30ff\" data-element_type=\"widget\" data-e-type=\"widget\" data-widget_type=\"image.default\">\n\t\t\t\t<div class=\"elementor-widget-container\">\n\t\t\t\t\t\t\t\t\t\t\t\t\t\t\t<img decoding=\"async\" width=\"1024\" height=\"699\" src=\"https:\/\/yethstudio.com\/wp-content\/uploads\/2023\/09\/storyboar-yeth-studio-comasa-1024x699.png\" class=\"attachment-large size-large wp-image-1922\" alt=\"\" srcset=\"https:\/\/yethstudio.com\/wp-content\/uploads\/2023\/09\/storyboar-yeth-studio-comasa-1024x699.png 1024w, https:\/\/yethstudio.com\/wp-content\/uploads\/2023\/09\/storyboar-yeth-studio-comasa-600x410.png 600w, https:\/\/yethstudio.com\/wp-content\/uploads\/2023\/09\/storyboar-yeth-studio-comasa-300x205.png 300w, https:\/\/yethstudio.com\/wp-content\/uploads\/2023\/09\/storyboar-yeth-studio-comasa-768x525.png 768w, https:\/\/yethstudio.com\/wp-content\/uploads\/2023\/09\/storyboar-yeth-studio-comasa-1536x1049.png 1536w, https:\/\/yethstudio.com\/wp-content\/uploads\/2023\/09\/storyboar-yeth-studio-comasa-2048x1399.png 2048w\" sizes=\"(max-width: 1024px) 100vw, 1024px\" \/>\t\t\t\t\t\t\t\t\t\t\t\t\t\t\t<\/div>\n\t\t\t\t<\/div>\n\t\t\t\t<\/div>\n\t\t\t\t\t<\/div>\n\t\t\t\t<\/div>\n\t\t\t\t<\/div>","protected":false},"excerpt":{"rendered":"<p>Comasa Dise\u00f1o de animaciones y cortinillas de inducciones corporativas para Marca Comasa \u00a0 Tem\u00e1tica: inducciones corporativa Segmento general: Capacitaci\u00f3n interna Segmento especifico: Instrucci\u00f3n al Personal de la Empresa \u00a0 En este proyecto se realizaron animaciones instructivas a partir de las normas y pol\u00edticas internar de la empresa Comasa, tomando en cuenta sus protocolos de trabajo [&hellip;]<\/p>\n","protected":false},"author":1,"featured_media":1728,"parent":0,"menu_order":0,"comment_status":"closed","ping_status":"closed","template":"","meta":{"_eb_attr":"","_monsterinsights_skip_tracking":false,"_monsterinsights_sitenote_active":false,"_monsterinsights_sitenote_note":"","_monsterinsights_sitenote_category":0,"_uf_show_specific_survey":0,"_uf_disable_surveys":false,"footnotes":""},"class_list":["post-1966","page","type-page","status-publish","has-post-thumbnail","hentry"],"blocksy_meta":[],"_links":{"self":[{"href":"https:\/\/yethstudio.com\/en\/wp-json\/wp\/v2\/pages\/1966","targetHints":{"allow":["GET"]}}],"collection":[{"href":"https:\/\/yethstudio.com\/en\/wp-json\/wp\/v2\/pages"}],"about":[{"href":"https:\/\/yethstudio.com\/en\/wp-json\/wp\/v2\/types\/page"}],"author":[{"embeddable":true,"href":"https:\/\/yethstudio.com\/en\/wp-json\/wp\/v2\/users\/1"}],"replies":[{"embeddable":true,"href":"https:\/\/yethstudio.com\/en\/wp-json\/wp\/v2\/comments?post=1966"}],"version-history":[{"count":72,"href":"https:\/\/yethstudio.com\/en\/wp-json\/wp\/v2\/pages\/1966\/revisions"}],"predecessor-version":[{"id":13658,"href":"https:\/\/yethstudio.com\/en\/wp-json\/wp\/v2\/pages\/1966\/revisions\/13658"}],"wp:featuredmedia":[{"embeddable":true,"href":"https:\/\/yethstudio.com\/en\/wp-json\/wp\/v2\/media\/1728"}],"wp:attachment":[{"href":"https:\/\/yethstudio.com\/en\/wp-json\/wp\/v2\/media?parent=1966"}],"curies":[{"name":"wp","href":"https:\/\/api.w.org\/{rel}","templated":true}]}}