{"id":1981,"date":"2023-09-27T10:46:36","date_gmt":"2023-09-27T16:46:36","guid":{"rendered":"https:\/\/yethstudio.com\/?page_id=1981"},"modified":"2025-06-23T23:19:38","modified_gmt":"2025-06-24T05:19:38","slug":"planinternacional","status":"publish","type":"page","link":"https:\/\/yethstudio.com\/en\/planinternacional\/","title":{"rendered":"Plan Internacional"},"content":{"rendered":"<div data-elementor-type=\"wp-page\" data-elementor-id=\"1981\" class=\"elementor elementor-1981\">\n\t\t\t\t<div class=\"elementor-element elementor-element-c2f4a1c e-flex e-con-boxed e-con e-parent\" data-id=\"c2f4a1c\" data-element_type=\"container\" data-e-type=\"container\" data-settings=\"{&quot;background_background&quot;:&quot;gradient&quot;}\">\n\t\t\t\t\t<div class=\"e-con-inner\">\n\t\t\t\t<div class=\"elementor-element elementor-element-09b3057 elementor-widget elementor-widget-spacer\" data-id=\"09b3057\" data-element_type=\"widget\" data-e-type=\"widget\" data-widget_type=\"spacer.default\">\n\t\t\t\t<div class=\"elementor-widget-container\">\n\t\t\t\t\t\t\t<div class=\"elementor-spacer\">\n\t\t\t<div class=\"elementor-spacer-inner\"><\/div>\n\t\t<\/div>\n\t\t\t\t\t\t<\/div>\n\t\t\t\t<\/div>\n\t\t\t\t\t<\/div>\n\t\t\t\t<\/div>\n\t\t<div class=\"elementor-element elementor-element-11b7cbfe e-flex e-con-boxed e-con e-parent\" data-id=\"11b7cbfe\" data-element_type=\"container\" data-e-type=\"container\" data-settings=\"{&quot;background_background&quot;:&quot;gradient&quot;}\">\n\t\t\t\t\t<div class=\"e-con-inner\">\n\t\t<div class=\"elementor-element elementor-element-252f2fa e-flex e-con-boxed e-con e-child\" data-id=\"252f2fa\" data-element_type=\"container\" data-e-type=\"container\" data-settings=\"{&quot;background_background&quot;:&quot;gradient&quot;}\">\n\t\t\t\t\t<div class=\"e-con-inner\">\n\t\t<div class=\"elementor-element elementor-element-7f8df0c e-con-full e-flex e-con e-child\" data-id=\"7f8df0c\" data-element_type=\"container\" data-e-type=\"container\">\n\t\t\t\t<div class=\"elementor-element elementor-element-e822216 elementor-widget elementor-widget-heading\" data-id=\"e822216\" data-element_type=\"widget\" data-e-type=\"widget\" data-widget_type=\"heading.default\">\n\t\t\t\t<div class=\"elementor-widget-container\">\n\t\t\t\t\t<h2 class=\"elementor-heading-title elementor-size-default\">Plan Internacional<\/h2>\t\t\t\t<\/div>\n\t\t\t\t<\/div>\n\t\t\t\t<div class=\"elementor-element elementor-element-7be345d elementor-widget elementor-widget-text-editor\" data-id=\"7be345d\" data-element_type=\"widget\" data-e-type=\"widget\" data-widget_type=\"text-editor.default\">\n\t\t\t\t<div class=\"elementor-widget-container\">\n\t\t\t\t\t\t\t\t\t<div>\n<div><span class=\"texteditor-inline-color\">Illustrative micro magazine design for the Plan Internacional Brand<\/span><\/div>\n<div><span class=\"texteditor-inline-color\">Theme: resilience<\/span><\/div>\n<div><span class=\"texteditor-inline-color\">General Segment: Family, social.<\/span><\/div>\n<div><span class=\"texteditor-inline-color\">Specific segment: children and adolescents<\/span><\/div>\n<div>\u00a0<\/div>\n<div><span class=\"texteditor-inline-color\">In this project, the different situations in which children and adolescents find themselves in the most vulnerable places to natural disasters were addressed, this being an instruction on what some of the situations they live with their families are like, how they should act in the face of these events and that they must prioritize, being resilient.<\/span><\/div>\n<\/div>\t\t\t\t\t\t\t\t<\/div>\n\t\t\t\t<\/div>\n\t\t\t\t<\/div>\n\t\t<div class=\"elementor-element elementor-element-7b3c99d e-con-full e-flex e-con e-child\" data-id=\"7b3c99d\" data-element_type=\"container\" data-e-type=\"container\">\n\t\t\t\t<div class=\"elementor-element elementor-element-2b34ba5 elementor-widget elementor-widget-image\" data-id=\"2b34ba5\" data-element_type=\"widget\" data-e-type=\"widget\" data-widget_type=\"image.default\">\n\t\t\t\t<div class=\"elementor-widget-container\">\n\t\t\t\t\t\t\t\t\t\t\t\t\t\t\t<img fetchpriority=\"high\" decoding=\"async\" width=\"300\" height=\"300\" src=\"https:\/\/yethstudio.com\/wp-content\/uploads\/2023\/09\/logo-de-plan-internacional-01.png\" class=\"attachment-large size-large wp-image-1730\" alt=\"\" srcset=\"https:\/\/yethstudio.com\/wp-content\/uploads\/2023\/09\/logo-de-plan-internacional-01.png 300w, https:\/\/yethstudio.com\/wp-content\/uploads\/2023\/09\/logo-de-plan-internacional-01-100x100.png 100w, https:\/\/yethstudio.com\/wp-content\/uploads\/2023\/09\/logo-de-plan-internacional-01-150x150.png 150w\" sizes=\"(max-width: 300px) 100vw, 300px\" \/>\t\t\t\t\t\t\t\t\t\t\t\t\t\t\t<\/div>\n\t\t\t\t<\/div>\n\t\t\t\t<\/div>\n\t\t\t\t\t<\/div>\n\t\t\t\t<\/div>\n\t\t\t\t\t<\/div>\n\t\t\t\t<\/div>\n\t\t<div class=\"elementor-element elementor-element-cf90e01 e-flex e-con-boxed e-con e-parent\" data-id=\"cf90e01\" data-element_type=\"container\" data-e-type=\"container\" data-settings=\"{&quot;background_background&quot;:&quot;gradient&quot;}\">\n\t\t\t\t\t<div class=\"e-con-inner\">\n\t\t\t\t<div class=\"elementor-element elementor-element-b246cdb elementor-widget elementor-widget-video\" data-id=\"b246cdb\" data-element_type=\"widget\" data-e-type=\"widget\" data-settings=\"{&quot;video_type&quot;:&quot;hosted&quot;,&quot;autoplay&quot;:&quot;yes&quot;,&quot;loop&quot;:&quot;yes&quot;}\" data-widget_type=\"video.default\">\n\t\t\t\t<div class=\"elementor-widget-container\">\n\t\t\t\t\t\t\t<div class=\"e-hosted-video elementor-wrapper elementor-open-inline\">\n\t\t\t\t\t<video class=\"elementor-video\" src=\"https:\/\/yethstudio.com\/wp-content\/uploads\/2023\/09\/portafolio-yeth-plan-internacional.mp4\" autoplay=\"\" loop=\"\" controlslist=\"nodownload\"><\/video>\n\t\t\t\t<\/div>\n\t\t\t\t\t\t<\/div>\n\t\t\t\t<\/div>\n\t\t\t\t\t<\/div>\n\t\t\t\t<\/div>\n\t\t<div class=\"elementor-element elementor-element-166d044 e-flex e-con-boxed e-con e-parent\" data-id=\"166d044\" data-element_type=\"container\" data-e-type=\"container\" data-settings=\"{&quot;background_background&quot;:&quot;gradient&quot;}\">\n\t\t\t\t\t<div class=\"e-con-inner\">\n\t\t<div class=\"elementor-element elementor-element-ea1237f e-flex e-con-boxed e-con e-child\" data-id=\"ea1237f\" data-element_type=\"container\" data-e-type=\"container\" data-settings=\"{&quot;background_background&quot;:&quot;gradient&quot;}\">\n\t\t\t\t\t<div class=\"e-con-inner\">\n\t\t<div class=\"elementor-element elementor-element-05c303d e-con-full e-flex e-con e-child\" data-id=\"05c303d\" data-element_type=\"container\" data-e-type=\"container\">\n\t\t<div class=\"elementor-element elementor-element-2c64e98 e-con-full e-flex e-con e-child\" data-id=\"2c64e98\" data-element_type=\"container\" data-e-type=\"container\">\n\t\t\t\t<div class=\"elementor-element elementor-element-e504a19 elementor-widget elementor-widget-heading\" data-id=\"e504a19\" data-element_type=\"widget\" data-e-type=\"widget\" data-widget_type=\"heading.default\">\n\t\t\t\t<div class=\"elementor-widget-container\">\n\t\t\t\t\t<h1 class=\"elementor-heading-title elementor-size-default\">Micro magazine design<\/h1>\t\t\t\t<\/div>\n\t\t\t\t<\/div>\n\t\t\t\t<div class=\"elementor-element elementor-element-db12682 elementor-widget-tablet__width-initial elementor-widget elementor-widget-text-editor\" data-id=\"db12682\" data-element_type=\"widget\" data-e-type=\"widget\" data-widget_type=\"text-editor.default\">\n\t\t\t\t<div class=\"elementor-widget-container\">\n\t\t\t\t\t\t\t\t\t<p>For more information or request click on the link button.<\/p>\t\t\t\t\t\t\t\t<\/div>\n\t\t\t\t<\/div>\n\t\t\t\t<div class=\"elementor-element elementor-element-2fd5e02 elementor-mobile-align-center elementor-widget elementor-widget-button\" data-id=\"2fd5e02\" data-element_type=\"widget\" data-e-type=\"widget\" data-widget_type=\"button.default\">\n\t\t\t\t<div class=\"elementor-widget-container\">\n\t\t\t\t\t\t\t\t\t<div class=\"elementor-button-wrapper\">\n\t\t\t\t\t<a class=\"elementor-button elementor-button-link elementor-size-sm\" href=\"https:\/\/yethstudio.com\/en\/contact\/\">\n\t\t\t\t\t\t<span class=\"elementor-button-content-wrapper\">\n\t\t\t\t\t\t\t\t\t<span class=\"elementor-button-text\">Application<\/span>\n\t\t\t\t\t<\/span>\n\t\t\t\t\t<\/a>\n\t\t\t\t<\/div>\n\t\t\t\t\t\t\t\t<\/div>\n\t\t\t\t<\/div>\n\t\t\t\t<\/div>\n\t\t\t\t<\/div>\n\t\t<div class=\"elementor-element elementor-element-249767a e-con-full e-flex e-con e-child\" data-id=\"249767a\" data-element_type=\"container\" data-e-type=\"container\">\n\t\t\t\t<div class=\"elementor-element elementor-element-baba076 elementor-widget elementor-widget-image\" data-id=\"baba076\" data-element_type=\"widget\" data-e-type=\"widget\" data-widget_type=\"image.default\">\n\t\t\t\t<div class=\"elementor-widget-container\">\n\t\t\t\t\t\t\t\t\t\t\t\t\t\t\t<img decoding=\"async\" width=\"1024\" height=\"576\" src=\"https:\/\/yethstudio.com\/wp-content\/uploads\/2023\/09\/portafolio-yeth-plan-internacional-1024x576.png\" class=\"attachment-large size-large wp-image-1944\" alt=\"\" srcset=\"https:\/\/yethstudio.com\/wp-content\/uploads\/2023\/09\/portafolio-yeth-plan-internacional-1024x576.png 1024w, https:\/\/yethstudio.com\/wp-content\/uploads\/2023\/09\/portafolio-yeth-plan-internacional-600x338.png 600w, https:\/\/yethstudio.com\/wp-content\/uploads\/2023\/09\/portafolio-yeth-plan-internacional-300x169.png 300w, https:\/\/yethstudio.com\/wp-content\/uploads\/2023\/09\/portafolio-yeth-plan-internacional-768x432.png 768w, https:\/\/yethstudio.com\/wp-content\/uploads\/2023\/09\/portafolio-yeth-plan-internacional-1536x864.png 1536w, https:\/\/yethstudio.com\/wp-content\/uploads\/2023\/09\/portafolio-yeth-plan-internacional.png 1920w\" sizes=\"(max-width: 1024px) 100vw, 1024px\" \/>\t\t\t\t\t\t\t\t\t\t\t\t\t\t\t<\/div>\n\t\t\t\t<\/div>\n\t\t\t\t<\/div>\n\t\t\t\t\t<\/div>\n\t\t\t\t<\/div>\n\t\t\t\t\t<\/div>\n\t\t\t\t<\/div>\n\t\t\t\t<\/div>","protected":false},"excerpt":{"rendered":"<p>Plan Internacional Dise\u00f1o de micro revista ilustrativa para la Marca Plan Internacional Tem\u00e1tica: resiliencia Segmento General: Familiar, social. Segmento espec\u00edfico: ni\u00f1@s y adolescentes \u00a0 En este proyecto se abordaron las distintas situaciones en que se encuentras los ni\u00f1@s y adolescentes en los lugares mas vulnerables a desastres naturales, siendo este un instructivo sobre como son [&hellip;]<\/p>\n","protected":false},"author":1,"featured_media":1730,"parent":0,"menu_order":0,"comment_status":"closed","ping_status":"closed","template":"","meta":{"_eb_attr":"","_monsterinsights_skip_tracking":false,"_monsterinsights_sitenote_active":false,"_monsterinsights_sitenote_note":"","_monsterinsights_sitenote_category":0,"_uf_show_specific_survey":0,"_uf_disable_surveys":false,"footnotes":""},"class_list":["post-1981","page","type-page","status-publish","has-post-thumbnail","hentry"],"blocksy_meta":[],"_links":{"self":[{"href":"https:\/\/yethstudio.com\/en\/wp-json\/wp\/v2\/pages\/1981","targetHints":{"allow":["GET"]}}],"collection":[{"href":"https:\/\/yethstudio.com\/en\/wp-json\/wp\/v2\/pages"}],"about":[{"href":"https:\/\/yethstudio.com\/en\/wp-json\/wp\/v2\/types\/page"}],"author":[{"embeddable":true,"href":"https:\/\/yethstudio.com\/en\/wp-json\/wp\/v2\/users\/1"}],"replies":[{"embeddable":true,"href":"https:\/\/yethstudio.com\/en\/wp-json\/wp\/v2\/comments?post=1981"}],"version-history":[{"count":68,"href":"https:\/\/yethstudio.com\/en\/wp-json\/wp\/v2\/pages\/1981\/revisions"}],"predecessor-version":[{"id":13649,"href":"https:\/\/yethstudio.com\/en\/wp-json\/wp\/v2\/pages\/1981\/revisions\/13649"}],"wp:featuredmedia":[{"embeddable":true,"href":"https:\/\/yethstudio.com\/en\/wp-json\/wp\/v2\/media\/1730"}],"wp:attachment":[{"href":"https:\/\/yethstudio.com\/en\/wp-json\/wp\/v2\/media?parent=1981"}],"curies":[{"name":"wp","href":"https:\/\/api.w.org\/{rel}","templated":true}]}}