{"id":2038,"date":"2023-09-27T11:35:26","date_gmt":"2023-09-27T17:35:26","guid":{"rendered":"https:\/\/yethstudio.com\/?page_id=2038"},"modified":"2025-06-23T23:26:44","modified_gmt":"2025-06-24T05:26:44","slug":"camanica","status":"publish","type":"page","link":"https:\/\/yethstudio.com\/en\/camanica\/","title":{"rendered":"CAMANICA"},"content":{"rendered":"<div data-elementor-type=\"wp-page\" data-elementor-id=\"2038\" class=\"elementor elementor-2038\">\n\t\t\t\t<div class=\"elementor-element elementor-element-65a64d4 e-flex e-con-boxed e-con e-parent\" data-id=\"65a64d4\" data-element_type=\"container\" data-e-type=\"container\" data-settings=\"{&quot;background_background&quot;:&quot;gradient&quot;}\">\n\t\t\t\t\t<div class=\"e-con-inner\">\n\t\t\t\t<div class=\"elementor-element elementor-element-210c5a1 elementor-widget elementor-widget-spacer\" data-id=\"210c5a1\" data-element_type=\"widget\" data-e-type=\"widget\" data-widget_type=\"spacer.default\">\n\t\t\t\t<div class=\"elementor-widget-container\">\n\t\t\t\t\t\t\t<div class=\"elementor-spacer\">\n\t\t\t<div class=\"elementor-spacer-inner\"><\/div>\n\t\t<\/div>\n\t\t\t\t\t\t<\/div>\n\t\t\t\t<\/div>\n\t\t\t\t\t<\/div>\n\t\t\t\t<\/div>\n\t\t<div class=\"elementor-element elementor-element-6e580ee e-flex e-con-boxed e-con e-parent\" data-id=\"6e580ee\" data-element_type=\"container\" data-e-type=\"container\" data-settings=\"{&quot;background_background&quot;:&quot;gradient&quot;}\">\n\t\t\t\t\t<div class=\"e-con-inner\">\n\t\t<div class=\"elementor-element elementor-element-f90fcad e-flex e-con-boxed e-con e-child\" data-id=\"f90fcad\" data-element_type=\"container\" data-e-type=\"container\" data-settings=\"{&quot;background_background&quot;:&quot;gradient&quot;}\">\n\t\t\t\t\t<div class=\"e-con-inner\">\n\t\t<div class=\"elementor-element elementor-element-6dbe10d e-con-full e-flex e-con e-child\" data-id=\"6dbe10d\" data-element_type=\"container\" data-e-type=\"container\">\n\t\t\t\t<div class=\"elementor-element elementor-element-fd1616d elementor-widget elementor-widget-heading\" data-id=\"fd1616d\" data-element_type=\"widget\" data-e-type=\"widget\" data-widget_type=\"heading.default\">\n\t\t\t\t<div class=\"elementor-widget-container\">\n\t\t\t\t\t<h2 class=\"elementor-heading-title elementor-size-default\">CAMANICA<\/h2>\t\t\t\t<\/div>\n\t\t\t\t<\/div>\n\t\t\t\t<div class=\"elementor-element elementor-element-c9cf06b elementor-widget elementor-widget-text-editor\" data-id=\"c9cf06b\" data-element_type=\"widget\" data-e-type=\"widget\" data-widget_type=\"text-editor.default\">\n\t\t\t\t<div class=\"elementor-widget-container\">\n\t\t\t\t\t\t\t\t\t<div><span class=\"texteditor-inline-fontfamily\">Theme: corporate<\/span><\/div><div><span class=\"texteditor-inline-fontfamily\">General segment: instructional<\/span><\/div><div><span class=\"texteditor-inline-fontfamily\">Specific segment: Instruction to Company Personnel<\/span><\/div><div>\u00a0<\/div><div><span class=\"texteditor-inline-fontfamily\">In this project, infographics were made from geographic visualizations of the company where we generated instructions according to the described request. taking into account their work protocols that their staff must comply with, guaranteeing their better performance.<\/span><\/div>\t\t\t\t\t\t\t\t<\/div>\n\t\t\t\t<\/div>\n\t\t\t\t<\/div>\n\t\t<div class=\"elementor-element elementor-element-895e6b7 e-con-full e-flex e-con e-child\" data-id=\"895e6b7\" data-element_type=\"container\" data-e-type=\"container\">\n\t\t\t\t<div class=\"elementor-element elementor-element-8ecc819 elementor-widget elementor-widget-image\" data-id=\"8ecc819\" data-element_type=\"widget\" data-e-type=\"widget\" data-widget_type=\"image.default\">\n\t\t\t\t<div class=\"elementor-widget-container\">\n\t\t\t\t\t\t\t\t\t\t\t\t\t\t\t<img decoding=\"async\" width=\"530\" height=\"84\" src=\"https:\/\/yethstudio.com\/wp-content\/uploads\/2023\/09\/logo-de-camanica-pescanova-02.png\" class=\"attachment-large size-large wp-image-1727\" alt=\"\" srcset=\"https:\/\/yethstudio.com\/wp-content\/uploads\/2023\/09\/logo-de-camanica-pescanova-02.png 530w, https:\/\/yethstudio.com\/wp-content\/uploads\/2023\/09\/logo-de-camanica-pescanova-02-300x48.png 300w\" sizes=\"(max-width: 530px) 100vw, 530px\" \/>\t\t\t\t\t\t\t\t\t\t\t\t\t\t\t<\/div>\n\t\t\t\t<\/div>\n\t\t\t\t<\/div>\n\t\t\t\t\t<\/div>\n\t\t\t\t<\/div>\n\t\t\t\t\t<\/div>\n\t\t\t\t<\/div>\n\t\t<div class=\"elementor-element elementor-element-f3cda09 e-flex e-con-boxed e-con e-parent\" data-id=\"f3cda09\" data-element_type=\"container\" data-e-type=\"container\" data-settings=\"{&quot;background_background&quot;:&quot;gradient&quot;}\">\n\t\t\t\t\t<div class=\"e-con-inner\">\n\t\t\t\t<div class=\"elementor-element elementor-element-4417081 elementor-widget elementor-widget-video\" data-id=\"4417081\" data-element_type=\"widget\" data-e-type=\"widget\" data-settings=\"{&quot;video_type&quot;:&quot;hosted&quot;,&quot;autoplay&quot;:&quot;yes&quot;,&quot;mute&quot;:&quot;yes&quot;}\" data-widget_type=\"video.default\">\n\t\t\t\t<div class=\"elementor-widget-container\">\n\t\t\t\t\t\t\t<div class=\"e-hosted-video elementor-wrapper elementor-open-inline\">\n\t\t\t\t\t<video class=\"elementor-video\" src=\"https:\/\/yethstudio.com\/wp-content\/uploads\/2023\/09\/camanica-pescanova-yeth_1.mp4\" autoplay=\"\" muted=\"muted\" controlslist=\"nodownload\"><\/video>\n\t\t\t\t<\/div>\n\t\t\t\t\t\t<\/div>\n\t\t\t\t<\/div>\n\t\t\t\t\t<\/div>\n\t\t\t\t<\/div>\n\t\t<div class=\"elementor-element elementor-element-894df6f e-flex e-con-boxed e-con e-parent\" data-id=\"894df6f\" data-element_type=\"container\" data-e-type=\"container\" data-settings=\"{&quot;background_background&quot;:&quot;gradient&quot;}\">\n\t\t\t\t\t<div class=\"e-con-inner\">\n\t\t<div class=\"elementor-element elementor-element-d756162 e-con-full e-flex e-con e-child\" data-id=\"d756162\" data-element_type=\"container\" data-e-type=\"container\">\n\t\t<div class=\"elementor-element elementor-element-0fc58c5 e-con-full e-flex e-con e-child\" data-id=\"0fc58c5\" data-element_type=\"container\" data-e-type=\"container\">\n\t\t<div class=\"elementor-element elementor-element-f45c9cd e-con-full e-flex e-con e-child\" data-id=\"f45c9cd\" data-element_type=\"container\" data-e-type=\"container\">\n\t\t\t\t<div class=\"elementor-element elementor-element-a8b516a elementor-widget elementor-widget-heading\" data-id=\"a8b516a\" data-element_type=\"widget\" data-e-type=\"widget\" data-widget_type=\"heading.default\">\n\t\t\t\t<div class=\"elementor-widget-container\">\n\t\t\t\t\t<h1 class=\"elementor-heading-title elementor-size-default\">Poster design and floor plans for signage<\/h1>\t\t\t\t<\/div>\n\t\t\t\t<\/div>\n\t\t\t\t<div class=\"elementor-element elementor-element-379772d elementor-widget-tablet__width-initial elementor-widget elementor-widget-text-editor\" data-id=\"379772d\" data-element_type=\"widget\" data-e-type=\"widget\" data-widget_type=\"text-editor.default\">\n\t\t\t\t<div class=\"elementor-widget-container\">\n\t\t\t\t\t\t\t\t\t<p>For more information or request click on the link button.<\/p>\t\t\t\t\t\t\t\t<\/div>\n\t\t\t\t<\/div>\n\t\t\t\t<div class=\"elementor-element elementor-element-597b138 elementor-mobile-align-center elementor-widget elementor-widget-button\" data-id=\"597b138\" data-element_type=\"widget\" data-e-type=\"widget\" data-widget_type=\"button.default\">\n\t\t\t\t<div class=\"elementor-widget-container\">\n\t\t\t\t\t\t\t\t\t<div class=\"elementor-button-wrapper\">\n\t\t\t\t\t<a class=\"elementor-button elementor-button-link elementor-size-sm\" href=\"https:\/\/yethstudio.com\/en\/contact\/\">\n\t\t\t\t\t\t<span class=\"elementor-button-content-wrapper\">\n\t\t\t\t\t\t\t\t\t<span class=\"elementor-button-text\">Application<\/span>\n\t\t\t\t\t<\/span>\n\t\t\t\t\t<\/a>\n\t\t\t\t<\/div>\n\t\t\t\t\t\t\t\t<\/div>\n\t\t\t\t<\/div>\n\t\t\t\t<\/div>\n\t\t\t\t<\/div>\n\t\t\t\t<\/div>\n\t\t<div class=\"elementor-element elementor-element-3af474c e-con-full e-flex e-con e-child\" data-id=\"3af474c\" data-element_type=\"container\" data-e-type=\"container\">\n\t\t\t\t<div class=\"elementor-element elementor-element-226352e elementor-widget elementor-widget-image\" data-id=\"226352e\" data-element_type=\"widget\" data-e-type=\"widget\" data-widget_type=\"image.default\">\n\t\t\t\t<div class=\"elementor-widget-container\">\n\t\t\t\t\t\t\t\t\t\t\t\t\t\t\t<img fetchpriority=\"high\" decoding=\"async\" width=\"1024\" height=\"700\" src=\"https:\/\/yethstudio.com\/wp-content\/uploads\/2023\/09\/formato-de-portada-en-behance-yeth-07-1024x700.png\" class=\"attachment-large size-large wp-image-1953\" alt=\"\" srcset=\"https:\/\/yethstudio.com\/wp-content\/uploads\/2023\/09\/formato-de-portada-en-behance-yeth-07-1024x700.png 1024w, https:\/\/yethstudio.com\/wp-content\/uploads\/2023\/09\/formato-de-portada-en-behance-yeth-07-600x410.png 600w, https:\/\/yethstudio.com\/wp-content\/uploads\/2023\/09\/formato-de-portada-en-behance-yeth-07-300x205.png 300w, https:\/\/yethstudio.com\/wp-content\/uploads\/2023\/09\/formato-de-portada-en-behance-yeth-07-768x525.png 768w, https:\/\/yethstudio.com\/wp-content\/uploads\/2023\/09\/formato-de-portada-en-behance-yeth-07-1536x1049.png 1536w, https:\/\/yethstudio.com\/wp-content\/uploads\/2023\/09\/formato-de-portada-en-behance-yeth-07-2048x1399.png 2048w\" sizes=\"(max-width: 1024px) 100vw, 1024px\" \/>\t\t\t\t\t\t\t\t\t\t\t\t\t\t\t<\/div>\n\t\t\t\t<\/div>\n\t\t\t\t<\/div>\n\t\t\t\t\t<\/div>\n\t\t\t\t<\/div>\n\t\t<div class=\"elementor-element elementor-element-c5c5469 e-flex e-con-boxed e-con e-parent\" data-id=\"c5c5469\" data-element_type=\"container\" data-e-type=\"container\" data-settings=\"{&quot;background_background&quot;:&quot;gradient&quot;}\">\n\t\t\t\t\t<div class=\"e-con-inner\">\n\t\t\t\t<div class=\"elementor-element elementor-element-0d2b608 elementor-widget__width-inherit elementor-widget elementor-widget-image\" data-id=\"0d2b608\" data-element_type=\"widget\" data-e-type=\"widget\" data-widget_type=\"image.default\">\n\t\t\t\t<div class=\"elementor-widget-container\">\n\t\t\t\t\t\t\t\t\t\t\t\t\t\t\t<img decoding=\"async\" width=\"5835\" height=\"2334\" src=\"https:\/\/yethstudio.com\/wp-content\/uploads\/2023\/09\/formato-de-portada-en-behance-yeth-03.png\" class=\"attachment-full size-full wp-image-1951\" alt=\"\" srcset=\"https:\/\/yethstudio.com\/wp-content\/uploads\/2023\/09\/formato-de-portada-en-behance-yeth-03.png 5835w, https:\/\/yethstudio.com\/wp-content\/uploads\/2023\/09\/formato-de-portada-en-behance-yeth-03-600x240.png 600w, https:\/\/yethstudio.com\/wp-content\/uploads\/2023\/09\/formato-de-portada-en-behance-yeth-03-300x120.png 300w, https:\/\/yethstudio.com\/wp-content\/uploads\/2023\/09\/formato-de-portada-en-behance-yeth-03-1024x410.png 1024w, https:\/\/yethstudio.com\/wp-content\/uploads\/2023\/09\/formato-de-portada-en-behance-yeth-03-768x307.png 768w, https:\/\/yethstudio.com\/wp-content\/uploads\/2023\/09\/formato-de-portada-en-behance-yeth-03-1536x614.png 1536w, https:\/\/yethstudio.com\/wp-content\/uploads\/2023\/09\/formato-de-portada-en-behance-yeth-03-2048x819.png 2048w\" sizes=\"(max-width: 5835px) 100vw, 5835px\" \/>\t\t\t\t\t\t\t\t\t\t\t\t\t\t\t<\/div>\n\t\t\t\t<\/div>\n\t\t\t\t\t<\/div>\n\t\t\t\t<\/div>\n\t\t\t\t<\/div>","protected":false},"excerpt":{"rendered":"<p>CAMANICA Tem\u00e1tica: corporativoSegmento general: instructivoSegmento espec\u00edfico: Instrucci\u00f3n al Personal de la Empresa\u00a0En este proyecto se realizaron infograf\u00edas a partir de visualizaciones geogr\u00e1ficas de la empresa donde generamos instructivos seg\u00fan la solicitud descrita. tomando en cuenta sus protocolos de trabajo con los que deben cumplir su personal, garantizando un mejor rendimiento de los mismos. https:\/\/yethstudio.com\/wp-content\/uploads\/2023\/09\/camanica-pescanova-yeth_1.mp4 Dise\u00f1o [&hellip;]<\/p>\n","protected":false},"author":1,"featured_media":1953,"parent":0,"menu_order":0,"comment_status":"closed","ping_status":"closed","template":"","meta":{"_eb_attr":"","_monsterinsights_skip_tracking":false,"_monsterinsights_sitenote_active":false,"_monsterinsights_sitenote_note":"","_monsterinsights_sitenote_category":0,"_uf_show_specific_survey":0,"_uf_disable_surveys":false,"footnotes":""},"class_list":["post-2038","page","type-page","status-publish","has-post-thumbnail","hentry"],"blocksy_meta":[],"_links":{"self":[{"href":"https:\/\/yethstudio.com\/en\/wp-json\/wp\/v2\/pages\/2038","targetHints":{"allow":["GET"]}}],"collection":[{"href":"https:\/\/yethstudio.com\/en\/wp-json\/wp\/v2\/pages"}],"about":[{"href":"https:\/\/yethstudio.com\/en\/wp-json\/wp\/v2\/types\/page"}],"author":[{"embeddable":true,"href":"https:\/\/yethstudio.com\/en\/wp-json\/wp\/v2\/users\/1"}],"replies":[{"embeddable":true,"href":"https:\/\/yethstudio.com\/en\/wp-json\/wp\/v2\/comments?post=2038"}],"version-history":[{"count":80,"href":"https:\/\/yethstudio.com\/en\/wp-json\/wp\/v2\/pages\/2038\/revisions"}],"predecessor-version":[{"id":13652,"href":"https:\/\/yethstudio.com\/en\/wp-json\/wp\/v2\/pages\/2038\/revisions\/13652"}],"wp:featuredmedia":[{"embeddable":true,"href":"https:\/\/yethstudio.com\/en\/wp-json\/wp\/v2\/media\/1953"}],"wp:attachment":[{"href":"https:\/\/yethstudio.com\/en\/wp-json\/wp\/v2\/media?parent=2038"}],"curies":[{"name":"wp","href":"https:\/\/api.w.org\/{rel}","templated":true}]}}