{"id":6611,"date":"2024-01-09T19:50:24","date_gmt":"2024-01-10T01:50:24","guid":{"rendered":"https:\/\/yethstudio.com\/?page_id=6611"},"modified":"2025-06-23T23:43:47","modified_gmt":"2025-06-24T05:43:47","slug":"ilustracion-2d","status":"publish","type":"page","link":"https:\/\/yethstudio.com\/en\/ilustracion-2d\/","title":{"rendered":"2D Illustration"},"content":{"rendered":"<div data-elementor-type=\"wp-page\" data-elementor-id=\"6611\" class=\"elementor elementor-6611\">\n\t\t\t\t<div class=\"elementor-element elementor-element-9e3e43c e-flex e-con-boxed e-con e-parent\" data-id=\"9e3e43c\" data-element_type=\"container\" data-e-type=\"container\">\n\t\t\t\t\t<div class=\"e-con-inner\">\n\t\t<div class=\"elementor-element elementor-element-9a5c782 e-con-full e-flex e-con e-child\" data-id=\"9a5c782\" data-element_type=\"container\" data-e-type=\"container\" data-settings=\"{&quot;background_background&quot;:&quot;classic&quot;}\">\n\t\t\t\t<div class=\"elementor-element elementor-element-b8d9f0c elementor-widget elementor-widget-heading\" data-id=\"b8d9f0c\" data-element_type=\"widget\" data-e-type=\"widget\" data-widget_type=\"heading.default\">\n\t\t\t\t<div class=\"elementor-widget-container\">\n\t\t\t\t\t<h2 class=\"elementor-heading-title elementor-size-default\">2D Illustration<\/h2>\t\t\t\t<\/div>\n\t\t\t\t<\/div>\n\t\t\t\t<div class=\"elementor-element elementor-element-1d1179c elementor-widget elementor-widget-text-editor\" data-id=\"1d1179c\" data-element_type=\"widget\" data-e-type=\"widget\" data-widget_type=\"text-editor.default\">\n\t\t\t\t<div class=\"elementor-widget-container\">\n\t\t\t\t\t\t\t\t\t<p>We design and develop various styles of illustrations, we project various messages in a more intuitive way.<\/p>\t\t\t\t\t\t\t\t<\/div>\n\t\t\t\t<\/div>\n\t\t\t\t<div class=\"elementor-element elementor-element-b715729 elementor-mobile-align-center elementor-widget elementor-widget-button\" data-id=\"b715729\" data-element_type=\"widget\" data-e-type=\"widget\" data-widget_type=\"button.default\">\n\t\t\t\t<div class=\"elementor-widget-container\">\n\t\t\t\t\t\t\t\t\t<div class=\"elementor-button-wrapper\">\n\t\t\t\t\t<a class=\"elementor-button elementor-button-link elementor-size-sm\" href=\"https:\/\/yethstudio.com\/en\/contact\/\">\n\t\t\t\t\t\t<span class=\"elementor-button-content-wrapper\">\n\t\t\t\t\t\t\t\t\t<span class=\"elementor-button-text\">Application<\/span>\n\t\t\t\t\t<\/span>\n\t\t\t\t\t<\/a>\n\t\t\t\t<\/div>\n\t\t\t\t\t\t\t\t<\/div>\n\t\t\t\t<\/div>\n\t\t\t\t<\/div>\n\t\t<div class=\"elementor-element elementor-element-aa1ef35 e-con-full e-flex e-con e-child\" data-id=\"aa1ef35\" data-element_type=\"container\" data-e-type=\"container\">\n\t\t\t\t<div class=\"elementor-element elementor-element-d3a7e73 elementor-widget elementor-widget-image\" data-id=\"d3a7e73\" data-element_type=\"widget\" data-e-type=\"widget\" data-widget_type=\"image.default\">\n\t\t\t\t<div class=\"elementor-widget-container\">\n\t\t\t\t\t\t\t\t\t\t\t\t\t\t\t<img decoding=\"async\" src=\"https:\/\/yethstudio.com\/wp-content\/uploads\/2024\/01\/Gabriela-diseno-de-personaje-ilustracion-2d-YETH-STUDIO-scaled.jpg\" title=\"Gabriela-Ilustracion 2D-Dise\u00f1o de personaje-YETH STUDIO\" alt=\"Gabriela-Ilustracion 2D-Dise\u00f1o de personaje-YETH STUDIO\" loading=\"lazy\" \/>\t\t\t\t\t\t\t\t\t\t\t\t\t\t\t<\/div>\n\t\t\t\t<\/div>\n\t\t\t\t<\/div>\n\t\t\t\t\t<\/div>\n\t\t\t\t<\/div>\n\t\t<div class=\"elementor-element elementor-element-5a186da e-flex e-con-boxed e-con e-parent\" data-id=\"5a186da\" data-element_type=\"container\" data-e-type=\"container\">\n\t\t\t\t\t<div class=\"e-con-inner\">\n\t\t\t\t<div class=\"elementor-element elementor-element-3db4d0e elementor-widget elementor-widget-heading\" data-id=\"3db4d0e\" data-element_type=\"widget\" data-e-type=\"widget\" data-widget_type=\"heading.default\">\n\t\t\t\t<div class=\"elementor-widget-container\">\n\t\t\t\t\t<h2 class=\"elementor-heading-title elementor-size-default\">Character design<\/h2>\t\t\t\t<\/div>\n\t\t\t\t<\/div>\n\t\t\t\t<div class=\"elementor-element elementor-element-7b65ccb elementor-widget elementor-widget-text-editor\" data-id=\"7b65ccb\" data-element_type=\"widget\" data-e-type=\"widget\" data-widget_type=\"text-editor.default\">\n\t\t\t\t<div class=\"elementor-widget-container\">\n\t\t\t\t\t\t\t\t\t<p>We provide the experience of connecting genuine characters full of history to a world that identifies with each of them.<\/p>\t\t\t\t\t\t\t\t<\/div>\n\t\t\t\t<\/div>\n\t\t\t\t<div class=\"elementor-element elementor-element-4cc0940 elementor-widget elementor-widget-image\" data-id=\"4cc0940\" data-element_type=\"widget\" data-e-type=\"widget\" data-widget_type=\"image.default\">\n\t\t\t\t<div class=\"elementor-widget-container\">\n\t\t\t\t\t\t\t\t\t\t\t\t\t\t\t<img decoding=\"async\" src=\"https:\/\/yethstudio.com\/wp-content\/uploads\/2024\/02\/Ilustrando-con-YETH-STUDIO-YETH-STUDIO.jpg\" title=\"Dise\u00f1ando con YETH STUDIO\" alt=\"Dise\u00f1ando con YETH STUDIO\" loading=\"lazy\" \/>\t\t\t\t\t\t\t\t\t\t\t\t\t\t\t<\/div>\n\t\t\t\t<\/div>\n\t\t\t\t\t<\/div>\n\t\t\t\t<\/div>\n\t\t<div class=\"elementor-element elementor-element-bea97d9 e-flex e-con-boxed e-con e-parent\" data-id=\"bea97d9\" data-element_type=\"container\" data-e-type=\"container\">\n\t\t\t\t\t<div class=\"e-con-inner\">\n\t\t<div class=\"elementor-element elementor-element-f3f8b13 e-con-full e-flex e-con e-child\" data-id=\"f3f8b13\" data-element_type=\"container\" data-e-type=\"container\">\n\t\t\t\t<div class=\"elementor-element elementor-element-8fbbc09 elementor-widget elementor-widget-heading\" data-id=\"8fbbc09\" data-element_type=\"widget\" data-e-type=\"widget\" data-widget_type=\"heading.default\">\n\t\t\t\t<div class=\"elementor-widget-container\">\n\t\t\t\t\t<h2 class=\"elementor-heading-title elementor-size-default\">Conceptual illustration<\/h2>\t\t\t\t<\/div>\n\t\t\t\t<\/div>\n\t\t\t\t<div class=\"elementor-element elementor-element-26076a9 elementor-widget elementor-widget-text-editor\" data-id=\"26076a9\" data-element_type=\"widget\" data-e-type=\"widget\" data-widget_type=\"text-editor.default\">\n\t\t\t\t<div class=\"elementor-widget-container\">\n\t\t\t\t\t\t\t\t\t<p>Corporate<\/p>\t\t\t\t\t\t\t\t<\/div>\n\t\t\t\t<\/div>\n\t\t\t\t<div class=\"elementor-element elementor-element-d3bdbd9 elementor-widget elementor-widget-text-editor\" data-id=\"d3bdbd9\" data-element_type=\"widget\" data-e-type=\"widget\" data-widget_type=\"text-editor.default\">\n\t\t\t\t<div class=\"elementor-widget-container\">\n\t\t\t\t\t\t\t\t\t<p>The development of different styles is an art, how you interpret what surrounds you to project your idea, being a conqueror of several illustrious movements. The visual power is found in the message of the lines that project the concept.<\/p>\t\t\t\t\t\t\t\t<\/div>\n\t\t\t\t<\/div>\n\t\t\t\t<\/div>\n\t\t<div class=\"elementor-element elementor-element-d590d36 e-con-full e-flex e-con e-child\" data-id=\"d590d36\" data-element_type=\"container\" data-e-type=\"container\">\n\t\t\t\t<div class=\"elementor-element elementor-element-bdacf5f elementor-widget__width-initial elementor-widget elementor-widget-image\" data-id=\"bdacf5f\" data-element_type=\"widget\" data-e-type=\"widget\" data-widget_type=\"image.default\">\n\t\t\t\t<div class=\"elementor-widget-container\">\n\t\t\t\t\t\t\t\t\t\t\t\t\t\t\t<img fetchpriority=\"high\" decoding=\"async\" width=\"1024\" height=\"1024\" src=\"https:\/\/yethstudio.com\/wp-content\/uploads\/2024\/01\/MCs.-P-YETH-STUDIO-CC-1024x1024.jpg\" class=\"attachment-large size-large wp-image-6855\" alt=\"\" srcset=\"https:\/\/yethstudio.com\/wp-content\/uploads\/2024\/01\/MCs.-P-YETH-STUDIO-CC-1024x1024.jpg 1024w, https:\/\/yethstudio.com\/wp-content\/uploads\/2024\/01\/MCs.-P-YETH-STUDIO-CC-300x300.jpg 300w, https:\/\/yethstudio.com\/wp-content\/uploads\/2024\/01\/MCs.-P-YETH-STUDIO-CC-150x150.jpg 150w, https:\/\/yethstudio.com\/wp-content\/uploads\/2024\/01\/MCs.-P-YETH-STUDIO-CC-768x768.jpg 768w, https:\/\/yethstudio.com\/wp-content\/uploads\/2024\/01\/MCs.-P-YETH-STUDIO-CC-12x12.jpg 12w, https:\/\/yethstudio.com\/wp-content\/uploads\/2024\/01\/MCs.-P-YETH-STUDIO-CC-600x600.jpg 600w, https:\/\/yethstudio.com\/wp-content\/uploads\/2024\/01\/MCs.-P-YETH-STUDIO-CC-100x100.jpg 100w, https:\/\/yethstudio.com\/wp-content\/uploads\/2024\/01\/MCs.-P-YETH-STUDIO-CC.jpg 1080w\" sizes=\"(max-width: 1024px) 100vw, 1024px\" \/>\t\t\t\t\t\t\t\t\t\t\t\t\t\t\t<\/div>\n\t\t\t\t<\/div>\n\t\t\t\t<\/div>\n\t\t\t\t\t<\/div>\n\t\t\t\t<\/div>\n\t\t<div class=\"elementor-element elementor-element-dcdfdbc e-flex e-con-boxed e-con e-parent\" data-id=\"dcdfdbc\" data-element_type=\"container\" data-e-type=\"container\">\n\t\t\t\t\t<div class=\"e-con-inner\">\n\t\t<div class=\"elementor-element elementor-element-9f7826a e-con-full e-flex e-con e-child\" data-id=\"9f7826a\" data-element_type=\"container\" data-e-type=\"container\">\n\t\t\t\t<div class=\"elementor-element elementor-element-7ad59c7 elementor-widget elementor-widget-heading\" data-id=\"7ad59c7\" data-element_type=\"widget\" data-e-type=\"widget\" data-widget_type=\"heading.default\">\n\t\t\t\t<div class=\"elementor-widget-container\">\n\t\t\t\t\t<h2 class=\"elementor-heading-title elementor-size-default\">Narrative illustration<\/h2>\t\t\t\t<\/div>\n\t\t\t\t<\/div>\n\t\t\t\t<div class=\"elementor-element elementor-element-182301f elementor-widget elementor-widget-text-editor\" data-id=\"182301f\" data-element_type=\"widget\" data-e-type=\"widget\" data-widget_type=\"text-editor.default\">\n\t\t\t\t<div class=\"elementor-widget-container\">\n\t\t\t\t\t\t\t\t\t<p>Editorial<\/p>\t\t\t\t\t\t\t\t<\/div>\n\t\t\t\t<\/div>\n\t\t\t\t<div class=\"elementor-element elementor-element-13eab8e elementor-widget elementor-widget-text-editor\" data-id=\"13eab8e\" data-element_type=\"widget\" data-e-type=\"widget\" data-widget_type=\"text-editor.default\">\n\t\t\t\t<div class=\"elementor-widget-container\">\n\t\t\t\t\t\t\t\t\t<p>It enriches the reader by taking them by the hand with the written stories, making them travel between illustrative sequences that make them feel closer to the essence of a story (educational, fantasy, fiction, others), story or event, etc.<\/p>\t\t\t\t\t\t\t\t<\/div>\n\t\t\t\t<\/div>\n\t\t\t\t<\/div>\n\t\t<div class=\"elementor-element elementor-element-2422885 e-con-full e-flex e-con e-child\" data-id=\"2422885\" data-element_type=\"container\" data-e-type=\"container\">\n\t\t\t\t<div class=\"elementor-element elementor-element-5c01ced elementor-widget__width-initial elementor-widget elementor-widget-image\" data-id=\"5c01ced\" data-element_type=\"widget\" data-e-type=\"widget\" data-widget_type=\"image.default\">\n\t\t\t\t<div class=\"elementor-widget-container\">\n\t\t\t\t\t\t\t\t\t\t\t\t\t\t\t<img decoding=\"async\" width=\"1024\" height=\"1024\" src=\"https:\/\/yethstudio.com\/wp-content\/uploads\/2024\/01\/el-principio-de-la-ilustracion-U-Ilustracion-narrativa-YETH-STUDIO-1024x1024.jpg\" class=\"attachment-large size-large wp-image-7517\" alt=\"\" srcset=\"https:\/\/yethstudio.com\/wp-content\/uploads\/2024\/01\/el-principio-de-la-ilustracion-U-Ilustracion-narrativa-YETH-STUDIO-1024x1024.jpg 1024w, https:\/\/yethstudio.com\/wp-content\/uploads\/2024\/01\/el-principio-de-la-ilustracion-U-Ilustracion-narrativa-YETH-STUDIO-300x300.jpg 300w, https:\/\/yethstudio.com\/wp-content\/uploads\/2024\/01\/el-principio-de-la-ilustracion-U-Ilustracion-narrativa-YETH-STUDIO-150x150.jpg 150w, https:\/\/yethstudio.com\/wp-content\/uploads\/2024\/01\/el-principio-de-la-ilustracion-U-Ilustracion-narrativa-YETH-STUDIO-768x768.jpg 768w, https:\/\/yethstudio.com\/wp-content\/uploads\/2024\/01\/el-principio-de-la-ilustracion-U-Ilustracion-narrativa-YETH-STUDIO-12x12.jpg 12w, https:\/\/yethstudio.com\/wp-content\/uploads\/2024\/01\/el-principio-de-la-ilustracion-U-Ilustracion-narrativa-YETH-STUDIO-600x600.jpg 600w, https:\/\/yethstudio.com\/wp-content\/uploads\/2024\/01\/el-principio-de-la-ilustracion-U-Ilustracion-narrativa-YETH-STUDIO-100x100.jpg 100w, https:\/\/yethstudio.com\/wp-content\/uploads\/2024\/01\/el-principio-de-la-ilustracion-U-Ilustracion-narrativa-YETH-STUDIO.jpg 1080w\" sizes=\"(max-width: 1024px) 100vw, 1024px\" \/>\t\t\t\t\t\t\t\t\t\t\t\t\t\t\t<\/div>\n\t\t\t\t<\/div>\n\t\t\t\t<\/div>\n\t\t\t\t\t<\/div>\n\t\t\t\t<\/div>\n\t\t<div class=\"elementor-element elementor-element-d17b397 e-flex e-con-boxed e-con e-parent\" data-id=\"d17b397\" data-element_type=\"container\" data-e-type=\"container\" data-settings=\"{&quot;background_background&quot;:&quot;classic&quot;}\">\n\t\t\t\t\t<div class=\"e-con-inner\">\n\t\t<div class=\"elementor-element elementor-element-a7ffa6d e-con-full e-flex e-con e-child\" data-id=\"a7ffa6d\" data-element_type=\"container\" data-e-type=\"container\" data-settings=\"{&quot;background_background&quot;:&quot;classic&quot;}\">\n\t\t<div class=\"elementor-element elementor-element-1c27aeb e-flex e-con-boxed e-con e-child\" data-id=\"1c27aeb\" data-element_type=\"container\" data-e-type=\"container\">\n\t\t\t\t\t<div class=\"e-con-inner\">\n\t\t\t\t<div class=\"elementor-element elementor-element-8df7266 elementor-widget elementor-widget-heading\" data-id=\"8df7266\" data-element_type=\"widget\" data-e-type=\"widget\" data-widget_type=\"heading.default\">\n\t\t\t\t<div class=\"elementor-widget-container\">\n\t\t\t\t\t<h2 class=\"elementor-heading-title elementor-size-default\">Comics illustration <\/h2>\t\t\t\t<\/div>\n\t\t\t\t<\/div>\n\t\t\t\t<div class=\"elementor-element elementor-element-60a831c elementor-widget-tablet__width-initial elementor-widget elementor-widget-text-editor\" data-id=\"60a831c\" data-element_type=\"widget\" data-e-type=\"widget\" data-widget_type=\"text-editor.default\">\n\t\t\t\t<div class=\"elementor-widget-container\">\n\t\t\t\t\t\t\t\t\t<p>Educational and instructive.<\/p>\t\t\t\t\t\t\t\t<\/div>\n\t\t\t\t<\/div>\n\t\t\t\t<div class=\"elementor-element elementor-element-32c9501 elementor-widget elementor-widget-text-editor\" data-id=\"32c9501\" data-element_type=\"widget\" data-e-type=\"widget\" data-widget_type=\"text-editor.default\">\n\t\t\t\t<div class=\"elementor-widget-container\">\n\t\t\t\t\t\t\t\t\t<p>Instructive and educational micro magazine of resilience. Prepared under small sections of stories with the same objective.<\/p>\t\t\t\t\t\t\t\t<\/div>\n\t\t\t\t<\/div>\n\t\t\t\t\t<\/div>\n\t\t\t\t<\/div>\n\t\t\t\t<div class=\"elementor-element elementor-element-c4105a9 elementor-mobile-align-center elementor-widget elementor-widget-button\" data-id=\"c4105a9\" data-element_type=\"widget\" data-e-type=\"widget\" data-widget_type=\"button.default\">\n\t\t\t\t<div class=\"elementor-widget-container\">\n\t\t\t\t\t\t\t\t\t<div class=\"elementor-button-wrapper\">\n\t\t\t\t\t<a class=\"elementor-button elementor-button-link elementor-size-sm\" href=\"https:\/\/yethstudio.com\/en\/planinternacional\/\">\n\t\t\t\t\t\t<span class=\"elementor-button-content-wrapper\">\n\t\t\t\t\t\t\t\t\t<span class=\"elementor-button-text\">Know more<\/span>\n\t\t\t\t\t<\/span>\n\t\t\t\t\t<\/a>\n\t\t\t\t<\/div>\n\t\t\t\t\t\t\t\t<\/div>\n\t\t\t\t<\/div>\n\t\t\t\t<\/div>\n\t\t<div class=\"elementor-element elementor-element-8c675df e-con-full e-flex e-con e-child\" data-id=\"8c675df\" data-element_type=\"container\" data-e-type=\"container\">\n\t\t\t\t<div class=\"elementor-element elementor-element-fbf97d4 elementor-widget elementor-widget-image\" data-id=\"fbf97d4\" data-element_type=\"widget\" data-e-type=\"widget\" data-widget_type=\"image.default\">\n\t\t\t\t<div class=\"elementor-widget-container\">\n\t\t\t\t\t\t\t\t\t\t\t\t\t\t\t<img decoding=\"async\" width=\"1024\" height=\"576\" src=\"https:\/\/yethstudio.com\/wp-content\/uploads\/2023\/09\/portafolio-yeth-plan-internacional-1024x576.png\" class=\"attachment-large size-large wp-image-1944\" alt=\"\" srcset=\"https:\/\/yethstudio.com\/wp-content\/uploads\/2023\/09\/portafolio-yeth-plan-internacional-1024x576.png 1024w, https:\/\/yethstudio.com\/wp-content\/uploads\/2023\/09\/portafolio-yeth-plan-internacional-600x338.png 600w, https:\/\/yethstudio.com\/wp-content\/uploads\/2023\/09\/portafolio-yeth-plan-internacional-300x169.png 300w, https:\/\/yethstudio.com\/wp-content\/uploads\/2023\/09\/portafolio-yeth-plan-internacional-768x432.png 768w, https:\/\/yethstudio.com\/wp-content\/uploads\/2023\/09\/portafolio-yeth-plan-internacional-1536x864.png 1536w, https:\/\/yethstudio.com\/wp-content\/uploads\/2023\/09\/portafolio-yeth-plan-internacional.png 1920w\" sizes=\"(max-width: 1024px) 100vw, 1024px\" \/>\t\t\t\t\t\t\t\t\t\t\t\t\t\t\t<\/div>\n\t\t\t\t<\/div>\n\t\t\t\t<\/div>\n\t\t\t\t\t<\/div>\n\t\t\t\t<\/div>\n\t\t<div class=\"elementor-element elementor-element-267f86d e-flex e-con-boxed e-con e-parent\" data-id=\"267f86d\" data-element_type=\"container\" data-e-type=\"container\" data-settings=\"{&quot;background_background&quot;:&quot;classic&quot;}\">\n\t\t\t\t\t<div class=\"e-con-inner\">\n\t\t<div class=\"elementor-element elementor-element-495f660 e-con-full e-flex e-con e-child\" data-id=\"495f660\" data-element_type=\"container\" data-e-type=\"container\">\n\t\t<div class=\"elementor-element elementor-element-38bad63 e-flex e-con-boxed e-con e-child\" data-id=\"38bad63\" data-element_type=\"container\" data-e-type=\"container\">\n\t\t\t\t\t<div class=\"e-con-inner\">\n\t\t\t\t<div class=\"elementor-element elementor-element-33bf09d elementor-widget elementor-widget-heading\" data-id=\"33bf09d\" data-element_type=\"widget\" data-e-type=\"widget\" data-widget_type=\"heading.default\">\n\t\t\t\t<div class=\"elementor-widget-container\">\n\t\t\t\t\t<h2 class=\"elementor-heading-title elementor-size-default\">Isometric illustration<\/h2>\t\t\t\t<\/div>\n\t\t\t\t<\/div>\n\t\t\t\t<div class=\"elementor-element elementor-element-f16883f elementor-widget elementor-widget-text-editor\" data-id=\"f16883f\" data-element_type=\"widget\" data-e-type=\"widget\" data-widget_type=\"text-editor.default\">\n\t\t\t\t<div class=\"elementor-widget-container\">\n\t\t\t\t\t\t\t\t\t<p>Corporate<\/p>\t\t\t\t\t\t\t\t<\/div>\n\t\t\t\t<\/div>\n\t\t\t\t<div class=\"elementor-element elementor-element-a485aec elementor-widget elementor-widget-text-editor\" data-id=\"a485aec\" data-element_type=\"widget\" data-e-type=\"widget\" data-widget_type=\"text-editor.default\">\n\t\t\t\t<div class=\"elementor-widget-container\">\n\t\t\t\t\t\t\t\t\t<p>The isometric illustration gives us a top view in a low angle shot, executed in various methodologies with variation of visual concepts. This projection represents the concept of the construction of the isotype of the IRJA brand (Importadora Rizo Jarqu\u00edn) that was developed through semiotics analysis and other methodologies.<\/p>\t\t\t\t\t\t\t\t<\/div>\n\t\t\t\t<\/div>\n\t\t\t\t<div class=\"elementor-element elementor-element-33ead03 elementor-mobile-align-center elementor-widget elementor-widget-button\" data-id=\"33ead03\" data-element_type=\"widget\" data-e-type=\"widget\" data-widget_type=\"button.default\">\n\t\t\t\t<div class=\"elementor-widget-container\">\n\t\t\t\t\t\t\t\t\t<div class=\"elementor-button-wrapper\">\n\t\t\t\t\t<a class=\"elementor-button elementor-button-link elementor-size-sm\" href=\"https:\/\/yethstudio.com\/en\/irja\/\">\n\t\t\t\t\t\t<span class=\"elementor-button-content-wrapper\">\n\t\t\t\t\t\t\t\t\t<span class=\"elementor-button-text\">Know more<\/span>\n\t\t\t\t\t<\/span>\n\t\t\t\t\t<\/a>\n\t\t\t\t<\/div>\n\t\t\t\t\t\t\t\t<\/div>\n\t\t\t\t<\/div>\n\t\t\t\t\t<\/div>\n\t\t\t\t<\/div>\n\t\t\t\t<\/div>\n\t\t<div class=\"elementor-element elementor-element-a7c1d59 e-con-full e-flex e-con e-child\" data-id=\"a7c1d59\" data-element_type=\"container\" data-e-type=\"container\">\n\t\t\t\t<div class=\"elementor-element elementor-element-59b6038 elementor-widget elementor-widget-image\" data-id=\"59b6038\" data-element_type=\"widget\" data-e-type=\"widget\" data-widget_type=\"image.default\">\n\t\t\t\t<div class=\"elementor-widget-container\">\n\t\t\t\t\t\t\t\t\t\t\t\t\t\t\t<img loading=\"lazy\" decoding=\"async\" width=\"1024\" height=\"576\" src=\"https:\/\/yethstudio.com\/wp-content\/uploads\/2024\/01\/IRJA-YETH-STUDIO-07-1024x576.jpg\" class=\"attachment-large size-large wp-image-6323\" alt=\"\" srcset=\"https:\/\/yethstudio.com\/wp-content\/uploads\/2024\/01\/IRJA-YETH-STUDIO-07-1024x576.jpg 1024w, https:\/\/yethstudio.com\/wp-content\/uploads\/2024\/01\/IRJA-YETH-STUDIO-07-300x169.jpg 300w, https:\/\/yethstudio.com\/wp-content\/uploads\/2024\/01\/IRJA-YETH-STUDIO-07-768x432.jpg 768w, https:\/\/yethstudio.com\/wp-content\/uploads\/2024\/01\/IRJA-YETH-STUDIO-07-1536x864.jpg 1536w, https:\/\/yethstudio.com\/wp-content\/uploads\/2024\/01\/IRJA-YETH-STUDIO-07-2048x1152.jpg 2048w, https:\/\/yethstudio.com\/wp-content\/uploads\/2024\/01\/IRJA-YETH-STUDIO-07-18x10.jpg 18w, https:\/\/yethstudio.com\/wp-content\/uploads\/2024\/01\/IRJA-YETH-STUDIO-07-600x338.jpg 600w\" sizes=\"(max-width: 1024px) 100vw, 1024px\" \/>\t\t\t\t\t\t\t\t\t\t\t\t\t\t\t<\/div>\n\t\t\t\t<\/div>\n\t\t\t\t<\/div>\n\t\t\t\t\t<\/div>\n\t\t\t\t<\/div>\n\t\t<div class=\"elementor-element elementor-element-30258c9 e-flex e-con-boxed e-con e-parent\" data-id=\"30258c9\" data-element_type=\"container\" data-e-type=\"container\" data-settings=\"{&quot;background_background&quot;:&quot;classic&quot;}\">\n\t\t\t\t\t<div class=\"e-con-inner\">\n\t\t<div class=\"elementor-element elementor-element-5a182c4 e-con-full e-flex e-con e-child\" data-id=\"5a182c4\" data-element_type=\"container\" data-e-type=\"container\">\n\t\t\t\t<div class=\"elementor-element elementor-element-6b38bbd elementor-widget elementor-widget-heading\" data-id=\"6b38bbd\" data-element_type=\"widget\" data-e-type=\"widget\" data-widget_type=\"heading.default\">\n\t\t\t\t<div class=\"elementor-widget-container\">\n\t\t\t\t\t<h2 class=\"elementor-heading-title elementor-size-default\">Barquito de papel<\/h2>\t\t\t\t<\/div>\n\t\t\t\t<\/div>\n\t\t\t\t<div class=\"elementor-element elementor-element-6c39c17 elementor-widget elementor-widget-text-editor\" data-id=\"6c39c17\" data-element_type=\"widget\" data-e-type=\"widget\" data-widget_type=\"text-editor.default\">\n\t\t\t\t<div class=\"elementor-widget-container\">\n\t\t\t\t\t\t\t\t\t<p>Narrative illustration<\/p>\t\t\t\t\t\t\t\t<\/div>\n\t\t\t\t<\/div>\n\t\t\t\t<div class=\"elementor-element elementor-element-fe17495 elementor-widget elementor-widget-text-editor\" data-id=\"fe17495\" data-element_type=\"widget\" data-e-type=\"widget\" data-widget_type=\"text-editor.default\">\n\t\t\t\t<div class=\"elementor-widget-container\">\n\t\t\t\t\t\t\t\t\t<p>No era solo un d\u00eda lluvioso, eran ni\u00f1os que se convert\u00edan en capitanes con las naves m\u00e1s feroces que pod\u00edan existir en la tierra.<br \/><br \/><br \/>No ten\u00edan nada, pero lo ten\u00edan todo, ten\u00edan el barquito de papel.<\/p>\t\t\t\t\t\t\t\t<\/div>\n\t\t\t\t<\/div>\n\t\t\t\t<\/div>\n\t\t<div class=\"elementor-element elementor-element-483a544 e-con-full e-flex e-con e-child\" data-id=\"483a544\" data-element_type=\"container\" data-e-type=\"container\">\n\t\t\t\t<div class=\"elementor-element elementor-element-86d6b68 elementor-widget elementor-widget-image\" data-id=\"86d6b68\" data-element_type=\"widget\" data-e-type=\"widget\" data-widget_type=\"image.default\">\n\t\t\t\t<div class=\"elementor-widget-container\">\n\t\t\t\t\t\t\t\t\t\t\t\t\t\t\t<img loading=\"lazy\" decoding=\"async\" width=\"1024\" height=\"1024\" src=\"https:\/\/yethstudio.com\/wp-content\/uploads\/2024\/12\/Ilustacion-Dia-lluvioso-YETH-STUDIO-1024x1024.jpg\" class=\"attachment-large size-large wp-image-10998\" alt=\"\" srcset=\"https:\/\/yethstudio.com\/wp-content\/uploads\/2024\/12\/Ilustacion-Dia-lluvioso-YETH-STUDIO-1024x1024.jpg 1024w, https:\/\/yethstudio.com\/wp-content\/uploads\/2024\/12\/Ilustacion-Dia-lluvioso-YETH-STUDIO-300x300.jpg 300w, https:\/\/yethstudio.com\/wp-content\/uploads\/2024\/12\/Ilustacion-Dia-lluvioso-YETH-STUDIO-150x150.jpg 150w, https:\/\/yethstudio.com\/wp-content\/uploads\/2024\/12\/Ilustacion-Dia-lluvioso-YETH-STUDIO-768x768.jpg 768w, https:\/\/yethstudio.com\/wp-content\/uploads\/2024\/12\/Ilustacion-Dia-lluvioso-YETH-STUDIO-12x12.jpg 12w, https:\/\/yethstudio.com\/wp-content\/uploads\/2024\/12\/Ilustacion-Dia-lluvioso-YETH-STUDIO-600x600.jpg 600w, https:\/\/yethstudio.com\/wp-content\/uploads\/2024\/12\/Ilustacion-Dia-lluvioso-YETH-STUDIO-100x100.jpg 100w, https:\/\/yethstudio.com\/wp-content\/uploads\/2024\/12\/Ilustacion-Dia-lluvioso-YETH-STUDIO.jpg 1080w\" sizes=\"(max-width: 1024px) 100vw, 1024px\" \/>\t\t\t\t\t\t\t\t\t\t\t\t\t\t\t<\/div>\n\t\t\t\t<\/div>\n\t\t\t\t<\/div>\n\t\t\t\t\t<\/div>\n\t\t\t\t<\/div>\n\t\t\t\t<\/div>","protected":false},"excerpt":{"rendered":"<p>Ilustraci\u00f3n 2D Dise\u00f1amos y desarrollamos diversos estilos de ilustraciones, proyectamos de una manera m\u00e1s intuitiva diversos mensajes. Solicitud Dise\u00f1o de personaje Brindamos la experiencia de conectar personajes genuinos llenos de historia a un mundo que se identifica con cada uno de ellos. Ilustraci\u00f3n conceptual Corporativa El desarrollo de diferentes estilos es un arte, el c\u00f3mo [&hellip;]<\/p>\n","protected":false},"author":1,"featured_media":7790,"parent":0,"menu_order":0,"comment_status":"closed","ping_status":"closed","template":"","meta":{"_eb_attr":"","_monsterinsights_skip_tracking":false,"_monsterinsights_sitenote_active":false,"_monsterinsights_sitenote_note":"","_monsterinsights_sitenote_category":0,"_uf_show_specific_survey":0,"_uf_disable_surveys":false,"footnotes":""},"class_list":["post-6611","page","type-page","status-publish","has-post-thumbnail","hentry"],"blocksy_meta":[],"_links":{"self":[{"href":"https:\/\/yethstudio.com\/en\/wp-json\/wp\/v2\/pages\/6611","targetHints":{"allow":["GET"]}}],"collection":[{"href":"https:\/\/yethstudio.com\/en\/wp-json\/wp\/v2\/pages"}],"about":[{"href":"https:\/\/yethstudio.com\/en\/wp-json\/wp\/v2\/types\/page"}],"author":[{"embeddable":true,"href":"https:\/\/yethstudio.com\/en\/wp-json\/wp\/v2\/users\/1"}],"replies":[{"embeddable":true,"href":"https:\/\/yethstudio.com\/en\/wp-json\/wp\/v2\/comments?post=6611"}],"version-history":[{"count":403,"href":"https:\/\/yethstudio.com\/en\/wp-json\/wp\/v2\/pages\/6611\/revisions"}],"predecessor-version":[{"id":13673,"href":"https:\/\/yethstudio.com\/en\/wp-json\/wp\/v2\/pages\/6611\/revisions\/13673"}],"wp:featuredmedia":[{"embeddable":true,"href":"https:\/\/yethstudio.com\/en\/wp-json\/wp\/v2\/media\/7790"}],"wp:attachment":[{"href":"https:\/\/yethstudio.com\/en\/wp-json\/wp\/v2\/media?parent=6611"}],"curies":[{"name":"wp","href":"https:\/\/api.w.org\/{rel}","templated":true}]}}