{"id":785,"date":"2022-06-09T16:32:01","date_gmt":"2022-06-09T22:32:01","guid":{"rendered":"https:\/\/demo.creativethemes.com\/elementor\/persona\/?page_id=785"},"modified":"2026-04-11T11:00:57","modified_gmt":"2026-04-11T17:00:57","slug":"contact","status":"publish","type":"page","link":"https:\/\/yethstudio.com\/en\/contact\/","title":{"rendered":"Contact"},"content":{"rendered":"\t\t<div data-elementor-type=\"wp-page\" data-elementor-id=\"785\" class=\"elementor elementor-785\">\n\t\t\t\t<div class=\"elementor-element elementor-element-0b1e072 e-con-full elementor-hidden-mobile e-flex e-con e-parent\" data-id=\"0b1e072\" data-element_type=\"container\" data-e-type=\"container\" data-settings=\"{&quot;background_background&quot;:&quot;classic&quot;}\">\n\t\t\t\t<div class=\"elementor-element elementor-element-d6b177b elementor-widget elementor-widget-spacer\" data-id=\"d6b177b\" data-element_type=\"widget\" data-e-type=\"widget\" data-widget_type=\"spacer.default\">\n\t\t\t\t<div class=\"elementor-widget-container\">\n\t\t\t\t\t\t\t<div class=\"elementor-spacer\">\n\t\t\t<div class=\"elementor-spacer-inner\"><\/div>\n\t\t<\/div>\n\t\t\t\t\t\t<\/div>\n\t\t\t\t<\/div>\n\t\t\t\t<\/div>\n\t\t<div class=\"elementor-element elementor-element-5b269e9 e-con-full elementor-hidden-desktop elementor-hidden-tablet e-flex e-con e-parent\" data-id=\"5b269e9\" data-element_type=\"container\" data-e-type=\"container\">\n\t\t\t\t<div class=\"elementor-element elementor-element-b6d2f75 elementor-widget-mobile__width-inherit elementor-widget elementor-widget-image\" data-id=\"b6d2f75\" data-element_type=\"widget\" data-e-type=\"widget\" data-widget_type=\"image.default\">\n\t\t\t\t<div class=\"elementor-widget-container\">\n\t\t\t\t\t\t\t\t\t\t\t\t\t\t\t<img decoding=\"async\" src=\"https:\/\/yethstudio.com\/wp-content\/uploads\/2023\/10\/guardabarranco-estna-listos-para-YETH-STUDIO-YETHSTUDIO0051.jpg\" title=\"guardabarranco-estna listos para YETH STUDIO-YETHSTUDIO0051\" alt=\"guardabarranco-estna listos para YETH STUDIO-YETHSTUDIO0051\" loading=\"lazy\" \/>\t\t\t\t\t\t\t\t\t\t\t\t\t\t\t<\/div>\n\t\t\t\t<\/div>\n\t\t\t\t<\/div>\n\t\t<div class=\"elementor-element elementor-element-18b5630 e-flex e-con-boxed e-con e-parent\" data-id=\"18b5630\" data-element_type=\"container\" data-e-type=\"container\" data-settings=\"{&quot;background_background&quot;:&quot;classic&quot;}\">\n\t\t\t\t\t<div class=\"e-con-inner\">\n\t\t\t\t<div class=\"elementor-element elementor-element-ae3c48b elementor-widget elementor-widget-text-editor\" data-id=\"ae3c48b\" data-element_type=\"widget\" data-e-type=\"widget\" data-widget_type=\"text-editor.default\">\n\t\t\t\t<div class=\"elementor-widget-container\">\n\t\t\t\t\t\t\t\t\t<p>Este formulario tiene como objetivo recopilar los datos pertinentes sobre su solicitud de servicios, por ende le invitamos a completarlo de manera eficiente.<\/p>\t\t\t\t\t\t\t\t<\/div>\n\t\t\t\t<\/div>\n\t\t\t\t<div class=\"elementor-element elementor-element-19537ba elementor-widget elementor-widget-wpforms\" data-id=\"19537ba\" data-element_type=\"widget\" data-e-type=\"widget\" data-widget_type=\"wpforms.default\">\n\t\t\t\t<div class=\"elementor-widget-container\">\n\t\t\t\t\t<div class=\"wpforms-container wpforms-render-modern\" id=\"wpforms-4406\"><form id=\"wpforms-form-4406\" class=\"wpforms-validate wpforms-form wpforms-ajax-form\" data-formid=\"4406\" method=\"post\" enctype=\"multipart\/form-data\" action=\"\/en\/wp-json\/wp\/v2\/pages\/785\" data-token=\"2723f6588a40e5636961f61adcf08edf\" data-token-time=\"1776466250\"><noscript class=\"wpforms-error-noscript\">Please enable JavaScript in your browser to complete this form.<\/noscript><div id=\"wpforms-error-noscript\" style=\"display: none;\">Please enable JavaScript in your browser to complete this form.<\/div><div class=\"wpforms-field-container\"><div id=\"wpforms-4406-field_3-container\" class=\"wpforms-field wpforms-field-name\" data-field-id=\"3\"><label class=\"wpforms-field-label\" for=\"wpforms-4406-field_3\">Empresa <span class=\"wpforms-required-label\" aria-hidden=\"true\">*<\/span><\/label><input type=\"text\" id=\"wpforms-4406-field_3\" class=\"wpforms-field-large wpforms-field-required\" name=\"wpforms[fields][3]\" aria-errormessage=\"wpforms-4406-field_3-error\" required><\/div><div id=\"wpforms-4406-field_0-container\" class=\"wpforms-field wpforms-field-name\" data-field-id=\"0\"><fieldset><legend class=\"wpforms-field-label\">Nombre <span class=\"wpforms-required-label\" aria-hidden=\"true\">*<\/span><\/legend><div class=\"wpforms-field-row wpforms-field-large\"><div class=\"wpforms-field-row-block wpforms-first wpforms-one-half\"><input type=\"text\" id=\"wpforms-4406-field_0\" class=\"wpforms-field-name-first wpforms-field-required\" name=\"wpforms[fields][0][first]\" aria-errormessage=\"wpforms-4406-field_0-error\" required><label for=\"wpforms-4406-field_0\" class=\"wpforms-field-sublabel after\">First<\/label><\/div><div class=\"wpforms-field-row-block wpforms-one-half\"><input type=\"text\" id=\"wpforms-4406-field_0-last\" class=\"wpforms-field-name-last wpforms-field-required\" name=\"wpforms[fields][0][last]\" aria-errormessage=\"wpforms-4406-field_0-last-error\" required><label for=\"wpforms-4406-field_0-last\" class=\"wpforms-field-sublabel after\">Last<\/label><\/div><\/div><\/fieldset><\/div><div id=\"wpforms-4406-field_1-container\" class=\"wpforms-field wpforms-field-email\" data-field-id=\"1\"><label class=\"wpforms-field-label\" for=\"wpforms-4406-field_1\">Correo electr\u00f3nico <span class=\"wpforms-required-label\" aria-hidden=\"true\">*<\/span><\/label><input type=\"email\" id=\"wpforms-4406-field_1\" class=\"wpforms-field-large wpforms-field-required\" name=\"wpforms[fields][1]\" spellcheck=\"false\" aria-errormessage=\"wpforms-4406-field_1-error\" required><\/div><div id=\"wpforms-4406-field_4-container\" class=\"wpforms-field wpforms-field-number\" data-field-id=\"4\"><label class=\"wpforms-field-label\" for=\"wpforms-4406-field_4\">N\u00famero de tel\u00e9fono <span class=\"wpforms-required-label\" aria-hidden=\"true\">*<\/span><\/label><input type=\"number\" id=\"wpforms-4406-field_4\" class=\"wpforms-field-large wpforms-field-required\" name=\"wpforms[fields][4]\" step=\"any\" aria-errormessage=\"wpforms-4406-field_4-error\" required><\/div><div id=\"wpforms-4406-field_5-container\" class=\"wpforms-field wpforms-field-select wpforms-field-select-style-modern\" data-field-id=\"5\"><label class=\"wpforms-field-label\" for=\"wpforms-4406-field_5\">Categoria de servicio que solicita <span class=\"wpforms-required-label\" aria-hidden=\"true\">*<\/span><\/label><select id=\"wpforms-4406-field_5\" class=\"wpforms-field-large wpforms-field-required choicesjs-select\" data-size-class=\"wpforms-field-row wpforms-field-large\" data-search-enabled=\"1\" name=\"wpforms[fields][5]\" required=\"required\"><option value=\"\" class=\"placeholder\" disabled  selected='selected'><\/option><option value=\"Identidad corporativa (logos, manual de identidad)\"  class=\"choice-1 depth-1\"  >Identidad corporativa (logos, manual de identidad)<\/option><option value=\"Animaci\u00f3n 2D, 3D\"  class=\"choice-2 depth-1\"  >Animaci\u00f3n 2D, 3D<\/option><option value=\"Dise\u00f1o\"  class=\"choice-3 depth-1\"  >Dise\u00f1o<\/option><option value=\"Ilustraci\u00f3n\"  class=\"choice-4 depth-1\"  >Ilustraci\u00f3n<\/option><option value=\"Modelado 3D\"  class=\"choice-5 depth-1\"  >Modelado 3D<\/option><option value=\"Fotograf\u00eda \/ video\"  class=\"choice-7 depth-1\"  >Fotograf\u00eda \/ video<\/option><option value=\"Paquetes de Bodas o eventos sociales\"  class=\"choice-9 depth-1\"  >Paquetes de Bodas o eventos sociales<\/option><option value=\"Packaging\"  class=\"choice-6 depth-1\"  >Packaging<\/option><option value=\"Web\"  class=\"choice-8 depth-1\"  >Web<\/option><\/select><div id=\"wpforms-4406-field_5-description\" class=\"wpforms-field-description\">seleccione categor\u00eda de servicio que solicita para su marca o empresa.<\/div><\/div><div id=\"wpforms-4406-field_2-container\" class=\"wpforms-field wpforms-field-textarea\" data-field-id=\"2\"><label class=\"wpforms-field-label\" for=\"wpforms-4406-field_2\">Solicitud de servicio <span class=\"wpforms-required-label\" aria-hidden=\"true\">*<\/span><\/label><textarea id=\"wpforms-4406-field_2\" class=\"wpforms-field-large wpforms-field-required\" name=\"wpforms[fields][2]\" aria-errormessage=\"wpforms-4406-field_2-error\" aria-describedby=\"wpforms-4406-field_2-description\" required><\/textarea><div id=\"wpforms-4406-field_2-description\" class=\"wpforms-field-description\">Agregue la descripci\u00f3n del servicio que solicita, nos conectaremos con usted para concluir su compra.<\/div><\/div><\/div><!-- .wpforms-field-container --><div class=\"wpforms-recaptcha-container wpforms-is-recaptcha wpforms-is-recaptcha-type-v2\" ><div class=\"g-recaptcha\" data-sitekey=\"6Lc_NFMsAAAAAMQl-8zLesGHerF26WyNmcjbzBZh\"><\/div><input type=\"text\" name=\"g-recaptcha-hidden\" class=\"wpforms-recaptcha-hidden\" style=\"position:absolute!important;clip:rect(0,0,0,0)!important;height:1px!important;width:1px!important;border:0!important;overflow:hidden!important;padding:0!important;margin:0!important;\" data-rule-recaptcha=\"1\"><\/div><div class=\"wpforms-submit-container\" ><input type=\"hidden\" name=\"wpforms[id]\" value=\"4406\"><input type=\"hidden\" name=\"page_title\" value=\"\"><input type=\"hidden\" name=\"page_url\" value=\"https:\/\/yethstudio.com\/en\/wp-json\/wp\/v2\/pages\/785\"><input type=\"hidden\" name=\"url_referer\" value=\"\"><button type=\"submit\" name=\"wpforms[submit]\" id=\"wpforms-submit-4406\" class=\"wpforms-submit\" data-alt-text=\"Enviando...\" data-submit-text=\"Enviar\" aria-live=\"assertive\" value=\"wpforms-submit\">Enviar<\/button><img decoding=\"async\" src=\"https:\/\/yethstudio.com\/wp-content\/plugins\/wpforms-lite\/assets\/images\/submit-spin.svg\" class=\"wpforms-submit-spinner\" style=\"display: none;\" width=\"26\" height=\"26\" alt=\"Loading\"><\/div><\/form><\/div>  <!-- .wpforms-container -->\t\t\t\t<\/div>\n\t\t\t\t<\/div>\n\t\t\t\t\t<\/div>\n\t\t\t\t<\/div>\n\t\t<div class=\"elementor-element elementor-element-f955d69 e-flex e-con-boxed e-con e-parent\" data-id=\"f955d69\" data-element_type=\"container\" data-e-type=\"container\" data-settings=\"{&quot;background_background&quot;:&quot;classic&quot;}\">\n\t\t\t\t\t<div class=\"e-con-inner\">\n\t\t\t\t<div class=\"elementor-element elementor-element-c81a62b elementor-widget elementor-widget-eael-adv-tabs\" data-id=\"c81a62b\" data-element_type=\"widget\" data-e-type=\"widget\" data-widget_type=\"eael-adv-tabs.default\">\n\t\t\t\t<div class=\"elementor-widget-container\">\n\t\t\t\t\t        <div data-scroll-on-click=\"\" data-scroll-speed=\"300\" id=\"eael-advance-tabs-c81a62b\" class=\"eael-advance-tabs eael-tabs-horizontal  eael-tab-toggle active-caret-on\" data-tabid=\"c81a62b\">\n            <div class=\"eael-tabs-nav \">\n                <ul class=\"eael-tab-inline-icon\" role=\"tablist\">\n                                            <li id=\"correo\" class=\"active-default eael-tab-item-trigger eael-tab-nav-item\" aria-selected=\"true\" data-tab=\"1\" role=\"tab\" tabindex=\"0\" aria-controls=\"correo-tab\" aria-expanded=\"false\">\n                                                            <span class=\"eael-tab-title title-before-icon\" >Correo<\/span>                            \n                                                                <i class=\"fas fa-mail-bulk\"><\/i>                                                            \n                            \n                                                    <\/li>\n                                            <li id=\"whatsapp\" class=\"inactive eael-tab-item-trigger eael-tab-nav-item\" aria-selected=\"false\" data-tab=\"2\" role=\"tab\" tabindex=\"-1\" aria-controls=\"whatsapp-tab\" aria-expanded=\"false\">\n                                                            <span class=\"eael-tab-title title-before-icon\" >WhatsApp<\/span>                            \n                                                                <i class=\"fab fa-whatsapp\"><\/i>                                                            \n                            \n                                                    <\/li>\n                    \n                                  <\/ul>\n            <\/div>\n            \n            <div class=\"eael-tabs-content\">\n\t\t        \n                    <div id=\"correo-tab\" class=\"clearfix eael-tab-content-item active-default\" data-title-link=\"correo-tab\">\n\t\t\t\t        <p style=\"text-align: center\">studio@yethstudio.com<\/p>                    <\/div>\n\t\t        \n                    <div id=\"whatsapp-tab\" class=\"clearfix eael-tab-content-item inactive\" data-title-link=\"whatsapp-tab\">\n\t\t\t\t        <p style=\"text-align: center\">+505 84685893<\/p>                    <\/div>\n\t\t                    <\/div>\n        <\/div>\n\t\t\t\t<\/div>\n\t\t\t\t<\/div>\n\t\t\t\t\t<\/div>\n\t\t\t\t<\/div>\n\t\t\t\t<\/div>\n\t\t","protected":false},"excerpt":{"rendered":"<p>Este formulario tiene como objetivo recopilar los datos pertinentes sobre su solicitud de servicios, por ende le invitamos a completarlo de manera eficiente. Por favor, activa JavaScript en tu navegador para completar este formulario.Por favor, activa JavaScript en tu navegador para completar este formulario.Empresa * Nombre * NombreApellidos Correo electr\u00f3nico *N\u00famero de tel\u00e9fono *Categoria de [&hellip;]<\/p>\n","protected":false},"author":1,"featured_media":0,"parent":0,"menu_order":0,"comment_status":"closed","ping_status":"closed","template":"","meta":{"_eb_attr":"","_monsterinsights_skip_tracking":false,"_monsterinsights_sitenote_active":false,"_monsterinsights_sitenote_note":"","_monsterinsights_sitenote_category":0,"_uf_show_specific_survey":0,"_uf_disable_surveys":false,"footnotes":""},"class_list":["post-785","page","type-page","status-publish","hentry"],"blocksy_meta":{"styles_descriptor":{"styles":{"desktop":"","tablet":"","mobile":""},"google_fonts":[],"version":6}},"_links":{"self":[{"href":"https:\/\/yethstudio.com\/en\/wp-json\/wp\/v2\/pages\/785","targetHints":{"allow":["GET"]}}],"collection":[{"href":"https:\/\/yethstudio.com\/en\/wp-json\/wp\/v2\/pages"}],"about":[{"href":"https:\/\/yethstudio.com\/en\/wp-json\/wp\/v2\/types\/page"}],"author":[{"embeddable":true,"href":"https:\/\/yethstudio.com\/en\/wp-json\/wp\/v2\/users\/1"}],"replies":[{"embeddable":true,"href":"https:\/\/yethstudio.com\/en\/wp-json\/wp\/v2\/comments?post=785"}],"version-history":[{"count":260,"href":"https:\/\/yethstudio.com\/en\/wp-json\/wp\/v2\/pages\/785\/revisions"}],"predecessor-version":[{"id":16196,"href":"https:\/\/yethstudio.com\/en\/wp-json\/wp\/v2\/pages\/785\/revisions\/16196"}],"wp:attachment":[{"href":"https:\/\/yethstudio.com\/en\/wp-json\/wp\/v2\/media?parent=785"}],"curies":[{"name":"wp","href":"https:\/\/api.w.org\/{rel}","templated":true}]}}