{"id":2510,"date":"2023-10-09T01:45:12","date_gmt":"2023-10-09T07:45:12","guid":{"rendered":"https:\/\/yethstudio.com\/?post_type=product&#038;p=2510"},"modified":"2025-12-21T16:29:12","modified_gmt":"2025-12-21T22:29:12","slug":"cuadro-de-pared","status":"publish","type":"product","link":"https:\/\/yethstudio.com\/en\/product\/cuadro-de-pared\/","title":{"rendered":"Wall picture"},"content":{"rendered":"<p>Acompa\u00f1a tus fotograf\u00edas, certificados, t\u00edtulos con marco de madera preciosa.<\/p>","protected":false},"excerpt":{"rendered":"<p>Cuadro de pared compuesto por: marco de madera preciosa, vidrio, cubierta y sostenedores.<\/p>","protected":false},"featured_media":2511,"comment_status":"open","ping_status":"closed","template":"","meta":{"_eb_attr":"","_monsterinsights_skip_tracking":false,"_monsterinsights_sitenote_active":false,"_monsterinsights_sitenote_note":"","_monsterinsights_sitenote_category":0,"_uf_show_specific_survey":0,"_uf_disable_surveys":false},"product_brand":[],"product_cat":[53],"product_tag":[42,41,46,45,40,43,44],"class_list":{"0":"post-2510","1":"product","2":"type-product","3":"status-publish","4":"has-post-thumbnail","6":"product_cat-cuadros","7":"product_tag-cuadro-de-madera-preciosa","8":"product_tag-cuadro-de-pared","9":"product_tag-cuadro-de-retrato","10":"product_tag-cuadros-yeth","11":"product_tag-marco-de-madera","12":"product_tag-marco-de-madera-teca","13":"product_tag-marcos-yeth","15":"first","16":"instock","17":"taxable","18":"shipping-taxable","19":"purchasable","20":"product-type-simple"},"_links":{"self":[{"href":"https:\/\/yethstudio.com\/en\/wp-json\/wp\/v2\/product\/2510","targetHints":{"allow":["GET"]}}],"collection":[{"href":"https:\/\/yethstudio.com\/en\/wp-json\/wp\/v2\/product"}],"about":[{"href":"https:\/\/yethstudio.com\/en\/wp-json\/wp\/v2\/types\/product"}],"replies":[{"embeddable":true,"href":"https:\/\/yethstudio.com\/en\/wp-json\/wp\/v2\/comments?post=2510"}],"wp:featuredmedia":[{"embeddable":true,"href":"https:\/\/yethstudio.com\/en\/wp-json\/wp\/v2\/media\/2511"}],"wp:attachment":[{"href":"https:\/\/yethstudio.com\/en\/wp-json\/wp\/v2\/media?parent=2510"}],"wp:term":[{"taxonomy":"product_brand","embeddable":true,"href":"https:\/\/yethstudio.com\/en\/wp-json\/wp\/v2\/product_brand?post=2510"},{"taxonomy":"product_cat","embeddable":true,"href":"https:\/\/yethstudio.com\/en\/wp-json\/wp\/v2\/product_cat?post=2510"},{"taxonomy":"product_tag","embeddable":true,"href":"https:\/\/yethstudio.com\/en\/wp-json\/wp\/v2\/product_tag?post=2510"}],"curies":[{"name":"wp","href":"https:\/\/api.w.org\/{rel}","templated":true}]}}