{"id":2512,"date":"2023-10-09T02:06:01","date_gmt":"2023-10-09T08:06:01","guid":{"rendered":"https:\/\/yethstudio.com\/?post_type=product&#038;p=2512"},"modified":"2023-10-09T02:07:17","modified_gmt":"2023-10-09T08:07:17","slug":"ilustracion-de-retrato","status":"publish","type":"product","link":"https:\/\/yethstudio.com\/en\/product\/ilustracion-de-retrato\/","title":{"rendered":"portrait illustration"},"content":{"rendered":"<p>En este servicio ofrecemos implementaci\u00f3n de ilustraci\u00f3n art\u00edstica a trav\u00e9s de la t\u00e9cnica de grafito y carboncillo (Precio por rostro $100). La ilustraci\u00f3n se lleva a cabo a trav\u00e9s de la fotograf\u00eda facilitada por el cliente y presentaci\u00f3n de recibo. Periodo de entrega despu\u00e9s de cancelaci\u00f3n 15 d\u00edas, envi\u00f3 gratis: Nicaragua \u2013 Chinandega.<\/p>","protected":false},"excerpt":{"rendered":"<p>dimensiones: 11 x 17 in<\/p>\n<p>Material: Papel texturizado para carboncillo, papel satinado<\/p>","protected":false},"featured_media":2513,"comment_status":"open","ping_status":"closed","template":"","meta":{"_eb_attr":"","_monsterinsights_skip_tracking":false,"_monsterinsights_sitenote_active":false,"_monsterinsights_sitenote_note":"","_monsterinsights_sitenote_category":0,"_uf_show_specific_survey":0,"_uf_disable_surveys":false},"product_brand":[],"product_cat":[52],"product_tag":[50,47,49,51,48],"class_list":{"0":"post-2512","1":"product","2":"type-product","3":"status-publish","4":"has-post-thumbnail","6":"product_cat-ilustracion","7":"product_tag-arte","8":"product_tag-ilustacion-artistica","9":"product_tag-ilustracion-de-retrato","10":"product_tag-ilustracion-en-carboncillo","11":"product_tag-ilustraciones-yeth-studio","13":"first","14":"instock","15":"taxable","16":"shipping-taxable","17":"purchasable","18":"product-type-simple"},"_links":{"self":[{"href":"https:\/\/yethstudio.com\/en\/wp-json\/wp\/v2\/product\/2512","targetHints":{"allow":["GET"]}}],"collection":[{"href":"https:\/\/yethstudio.com\/en\/wp-json\/wp\/v2\/product"}],"about":[{"href":"https:\/\/yethstudio.com\/en\/wp-json\/wp\/v2\/types\/product"}],"replies":[{"embeddable":true,"href":"https:\/\/yethstudio.com\/en\/wp-json\/wp\/v2\/comments?post=2512"}],"wp:featuredmedia":[{"embeddable":true,"href":"https:\/\/yethstudio.com\/en\/wp-json\/wp\/v2\/media\/2513"}],"wp:attachment":[{"href":"https:\/\/yethstudio.com\/en\/wp-json\/wp\/v2\/media?parent=2512"}],"wp:term":[{"taxonomy":"product_brand","embeddable":true,"href":"https:\/\/yethstudio.com\/en\/wp-json\/wp\/v2\/product_brand?post=2512"},{"taxonomy":"product_cat","embeddable":true,"href":"https:\/\/yethstudio.com\/en\/wp-json\/wp\/v2\/product_cat?post=2512"},{"taxonomy":"product_tag","embeddable":true,"href":"https:\/\/yethstudio.com\/en\/wp-json\/wp\/v2\/product_tag?post=2512"}],"curies":[{"name":"wp","href":"https:\/\/api.w.org\/{rel}","templated":true}]}}